{"id":100,"date":"2020-07-10T16:40:20","date_gmt":"2020-07-10T14:40:20","guid":{"rendered":"http:\/\/novyweb.spzo.cz\/?page_id=100"},"modified":"2025-10-31T14:29:43","modified_gmt":"2025-10-31T13:29:43","slug":"agronomicka-sluzba","status":"publish","type":"page","link":"https:\/\/www.spzo.cz\/?page_id=100","title":{"rendered":"Agronomick\u00e1 slu\u017eba"},"content":{"rendered":"<p>[et_pb_section fb_built=&#8220;1&#8243; fullwidth=&#8220;on&#8220; _builder_version=&#8220;4.16&#8243; _module_preset=&#8220;default&#8220; global_colors_info=&#8220;{}&#8220;][et_pb_fullwidth_image src=&#8220;https:\/\/www.spzo.cz\/wp-content\/uploads\/2020\/07\/zluty-pruh.jpg&#8220; alt=&#8220;\u017elut\u00fd pruh&#8220; title_text=&#8220;zluty-pruh&#8220; _builder_version=&#8220;4.16&#8243; _module_preset=&#8220;default&#8220; animation_style=&#8220;slide&#8220; global_colors_info=&#8220;{}&#8220;][\/et_pb_fullwidth_image][\/et_pb_section][et_pb_section fb_built=&#8220;1&#8243; _builder_version=&#8220;4.16&#8243; _module_preset=&#8220;default&#8220; background_color=&#8220;rgba(239,239,57,0.17)&#8220; custom_padding=&#8220;20px||0px|||&#8220; global_colors_info=&#8220;{}&#8220;][et_pb_row _builder_version=&#8220;4.16&#8243; _module_preset=&#8220;default&#8220; custom_padding=&#8220;4px||3px|||&#8220; global_colors_info=&#8220;{}&#8220;][et_pb_column type=&#8220;4_4&#8243; _builder_version=&#8220;4.16&#8243; _module_preset=&#8220;default&#8220; global_colors_info=&#8220;{}&#8220;][et_pb_text _builder_version=&#8220;4.16&#8243; _module_preset=&#8220;default&#8220; custom_padding=&#8220;||4px|||&#8220; global_colors_info=&#8220;{}&#8220;]<\/p>\n<h1><strong>Agronomick\u00e1 slu\u017eba<\/strong><\/h1>\n<p>[\/et_pb_text][\/et_pb_column][\/et_pb_row][\/et_pb_section][et_pb_section fb_built=&#8220;1&#8243; _builder_version=&#8220;4.16&#8243; _module_preset=&#8220;default&#8220; background_color=&#8220;#ffefd1&#8243; width=&#8220;100%&#8220; custom_padding=&#8220;6px|||||&#8220; global_colors_info=&#8220;{}&#8220;][et_pb_row _builder_version=&#8220;4.16&#8243; _module_preset=&#8220;default&#8220; global_colors_info=&#8220;{}&#8220;][et_pb_column type=&#8220;4_4&#8243; _builder_version=&#8220;4.16&#8243; _module_preset=&#8220;default&#8220; global_colors_info=&#8220;{}&#8220;][et_pb_image src=&#8220;https:\/\/www.spzo.cz\/wp-content\/uploads\/2025\/10\/1.2-Regiony-SPZO-25-1.png&#8220; title_text=&#8220;1.2 Regiony SPZO 25&#8243; _builder_version=&#8220;4.27.4&#8243; _module_preset=&#8220;default&#8220; animation_style=&#8220;zoom&#8220; global_colors_info=&#8220;{}&#8220;][\/et_pb_image][\/et_pb_column][\/et_pb_row][et_pb_row column_structure=&#8220;1_2,1_2&#8243; _builder_version=&#8220;4.16&#8243; _module_preset=&#8220;default&#8220; custom_padding=&#8220;||5px|||&#8220; global_colors_info=&#8220;{}&#8220;][et_pb_column type=&#8220;1_2&#8243; _builder_version=&#8220;4.16&#8243; _module_preset=&#8220;default&#8220; global_colors_info=&#8220;{}&#8220;][et_pb_text admin_label=&#8220;10&#8243; _builder_version=&#8220;4.27.4&#8243; _module_preset=&#8220;default&#8220; min_height=&#8220;208px&#8220; animation_style=&#8220;slide&#8220; hover_enabled=&#8220;0&#8243; global_colors_info=&#8220;{}&#8220; sticky_enabled=&#8220;0&#8243;]<\/p>\n<table height=\"200\" style=\"width: 460px;\">\n<tbody>\n<tr>\n<td style=\"width: 181.71875px;\"><img loading=\"lazy\" decoding=\"async\" src=\"https:\/\/www.spzo.cz\/wp-content\/uploads\/2024\/01\/10-Zeman-Jiri.jpg\" width=\"225\" height=\"300\" alt=\"\" class=\"wp-image-3378 alignnone size-full\" \/><\/td>\n<td style=\"width: 277.296875px;\">\n<div>\n<div><strong>Ing. Ji\u0159\u00ed Zeman<\/strong><\/div>\n<div>\n<p><em>region 10<\/em><\/p>\n<\/div>\n<p>mobiln\u00ed telefon: <strong>777 757 981<\/strong><br \/>e-mail:\u00a0<a href=\"mailto:zeman@spzo.cz\u00a0\" title=\"zeman@spzo.cz\u00a0\"><strong>zeman@spzo.cz<\/strong><span style=\"font-size: 14px;\">\u00a0<\/span><\/a><\/p>\n<\/div>\n<\/td>\n<\/tr>\n<\/tbody>\n<\/table>\n<p>[\/et_pb_text][et_pb_text admin_label=&#8220;30&#8243; _builder_version=&#8220;4.27.4&#8243; _module_preset=&#8220;default&#8220; min_height=&#8220;208px&#8220; animation_style=&#8220;slide&#8220; hover_enabled=&#8220;0&#8243; global_colors_info=&#8220;{}&#8220; sticky_enabled=&#8220;0&#8243;]<\/p>\n<table height=\"200\" style=\"width: 460px;\">\n<tbody>\n<tr>\n<td style=\"width: 181.71875px;\"><img loading=\"lazy\" decoding=\"async\" src=\"https:\/\/www.spzo.cz\/wp-content\/uploads\/2024\/01\/30-Pivonka-Lubos.jpg\" width=\"225\" height=\"300\" alt=\"\" class=\"wp-image-3380 alignnone size-full\" \/><\/td>\n<td style=\"width: 277.296875px;\">\n<div>\n<div>\n<div><strong>Ing. <b><span>Lubo\u0161 Pivo\u0148ka<\/span><\/b><\/strong><\/div>\n<div>\n<p><em>region 30<\/em><\/p>\n<\/div>\n<p>mobiln\u00ed telefon: <strong>602 684 809<\/strong><br \/>e-mail:<strong> <a href=\"mailto:pivonka@spzo.cz\" contenteditable=\"false\" title=\"mailto:pivonka@spzo.cz\">pivonka@spzo.cz<\/a><span>\u00a0<\/span><\/strong><strong><\/strong><\/p>\n<\/div>\n<\/div>\n<\/td>\n<\/tr>\n<\/tbody>\n<\/table>\n<p>[\/et_pb_text][et_pb_text admin_label=&#8220;50&#8243; _builder_version=&#8220;4.27.4&#8243; _module_preset=&#8220;default&#8220; min_height=&#8220;208px&#8220; animation_style=&#8220;slide&#8220; hover_enabled=&#8220;0&#8243; global_colors_info=&#8220;{}&#8220; sticky_enabled=&#8220;0&#8243;]<\/p>\n<table height=\"200\" style=\"width: 460px;\">\n<tbody>\n<tr>\n<td style=\"width: 181.71875px;\"><img loading=\"lazy\" decoding=\"async\" src=\"https:\/\/www.spzo.cz\/wp-content\/uploads\/2024\/01\/50-Hrdina-Roman.jpg\" width=\"225\" height=\"300\" alt=\"\" class=\"wp-image-3383 alignnone size-full\" \/><\/td>\n<td style=\"width: 277.296875px;\">\n<div>\n<div>\n<div><strong>Ing. Roman Hrdina<\/strong><\/div>\n<div>\n<p><em>region 50<\/em><\/p>\n<\/div>\n<p>mobiln\u00ed telefon: <strong>777 757 985<\/strong><br \/>e-mail:\u00a0<strong><a href=\"mailto:hrdina@spzo.cz\">hrdina@spzo.cz<\/a><\/strong><\/p>\n<\/div>\n<\/div>\n<\/td>\n<\/tr>\n<\/tbody>\n<\/table>\n<p>[\/et_pb_text][et_pb_text admin_label=&#8220;70&#8243; _builder_version=&#8220;4.27.4&#8243; _module_preset=&#8220;default&#8220; min_height=&#8220;208px&#8220; animation_style=&#8220;slide&#8220; hover_enabled=&#8220;0&#8243; global_colors_info=&#8220;{}&#8220; sticky_enabled=&#8220;0&#8243;]<\/p>\n<table height=\"200\" style=\"width: 460px;\">\n<tbody>\n<tr>\n<td style=\"width: 181.71875px;\"><img loading=\"lazy\" decoding=\"async\" src=\"https:\/\/www.spzo.cz\/wp-content\/uploads\/2024\/01\/70-Micka-Mojmir.jpg\" width=\"225\" height=\"300\" alt=\"\" class=\"wp-image-3385 alignnone size-full\" \/><\/td>\n<td style=\"width: 277.296875px;\">\n<div>\n<div>\n<div>\n<div><strong>Ing.\u00a0<\/strong><strong style=\"font-size: 14px;\">Mojm\u00edr Mi\u010dka<\/strong><\/div>\n<\/div>\n<\/div>\n<\/div>\n<div>\n<div>\n<div>\n<p><em>region 70<\/em><\/p>\n<\/div>\n<p>mobiln\u00ed telefon: <strong>777 757 987<\/strong><br \/>e-mail:\u00a0<strong><a href=\"mailto:micka@spzo.cz\">micka@spzo.cz<\/a><\/strong><\/p>\n<\/div>\n<\/div>\n<\/td>\n<\/tr>\n<\/tbody>\n<\/table>\n<p>[\/et_pb_text][et_pb_text admin_label=&#8220;90&#8243; _builder_version=&#8220;4.27.4&#8243; _module_preset=&#8220;default&#8220; min_height=&#8220;208px&#8220; animation_style=&#8220;slide&#8220; hover_enabled=&#8220;0&#8243; global_colors_info=&#8220;{}&#8220; sticky_enabled=&#8220;0&#8243;]<\/p>\n<table height=\"200\" style=\"width: 460px;\">\n<tbody>\n<tr>\n<td style=\"width: 181.71875px;\"><img loading=\"lazy\" decoding=\"async\" src=\"https:\/\/www.spzo.cz\/wp-content\/uploads\/2024\/01\/90-Malek-Bozetech.jpg\" width=\"225\" height=\"300\" alt=\"\" class=\"wp-image-3387 alignnone size-full\" \/><\/td>\n<td style=\"width: 277.296875px;\">\n<div>\n<div>\n<div>\n<div><strong>Ing.\u00a0<\/strong><strong style=\"font-size: 14px;\">Bo\u017eet\u011bch M\u00e1lek<\/strong><\/div>\n<\/div>\n<\/div>\n<\/div>\n<div>\n<div>\n<div>\n<p><em>region 90<\/em><\/p>\n<\/div>\n<p>mobiln\u00ed telefon: <strong>777 757 989<\/strong><br \/>e-mail:\u00a0<strong><a href=\"mailto:volf (zavinac) spzo.cz\">malek@spzo.cz<\/a><\/strong><\/p>\n<\/div>\n<p><strong><\/strong><\/p>\n<\/div>\n<p><strong><\/strong><\/p>\n<\/td>\n<\/tr>\n<\/tbody>\n<\/table>\n<p>&nbsp;<\/p>\n<p>[\/et_pb_text][\/et_pb_column][et_pb_column type=&#8220;1_2&#8243; _builder_version=&#8220;4.16&#8243; _module_preset=&#8220;default&#8220; global_colors_info=&#8220;{}&#8220;][et_pb_text admin_label=&#8220;20&#8243; _builder_version=&#8220;4.27.4&#8243; _module_preset=&#8220;default&#8220; min_height=&#8220;208px&#8220; animation_style=&#8220;slide&#8220; hover_enabled=&#8220;0&#8243; global_colors_info=&#8220;{}&#8220; sticky_enabled=&#8220;0&#8243;]<\/p>\n<table height=\"200\" style=\"width: 460px;\">\n<tbody>\n<tr>\n<td style=\"width: 171.3125px;\"><img loading=\"lazy\" decoding=\"async\" src=\"https:\/\/www.spzo.cz\/wp-content\/uploads\/2024\/01\/20-Hovorkova-Sandra.jpg\" width=\"225\" height=\"300\" alt=\"\" class=\"wp-image-3379 alignnone size-full\" \/><\/td>\n<td style=\"width: 287.703125px;\">\n<div>\n<div>\n<div><strong>Ing. Sandra Hovorkov\u00e1<\/strong><\/div>\n<div>\n<p><em>region 20<\/em><\/p>\n<\/div>\n<p>mobiln\u00ed telefon: <strong>777 757 983<\/strong><br \/>e-mail:\u00a0<strong><a href=\"mailto:hovorkova@spzo.cz\">hovorkova@spzo.cz<\/a><\/strong><span style=\"font-size: 14px;\">\u00a0<\/span><\/p>\n<\/div>\n<\/div>\n<\/td>\n<\/tr>\n<\/tbody>\n<\/table>\n<p>[\/et_pb_text][et_pb_text admin_label=&#8220;40&#8243; _builder_version=&#8220;4.27.4&#8243; _module_preset=&#8220;default&#8220; min_height=&#8220;208px&#8220; animation_style=&#8220;slide&#8220; hover_enabled=&#8220;0&#8243; global_colors_info=&#8220;{}&#8220; sticky_enabled=&#8220;0&#8243;]<\/p>\n<table height=\"200\" style=\"width: 460px;\">\n<tbody>\n<tr>\n<td style=\"width: 181.71875px;\"><img loading=\"lazy\" decoding=\"async\" src=\"https:\/\/www.spzo.cz\/wp-content\/uploads\/2025\/10\/jan-karfilat.jpg\" width=\"225\" height=\"300\" alt=\"\" class=\"wp-image-4392 alignnone size-full\" \/><\/td>\n<td style=\"width: 277.296875px;\">\n<div>\n<div>\n<div>\n<div><strong>Ing. <span>Jan Karfil\u00e1t<\/span><\/strong><\/div>\n<\/div>\n<\/div>\n<\/div>\n<div>\n<div>\n<div>\n<p><em>region 40<\/em><\/p>\n<\/div>\n<p>mobiln\u00ed telefon: <strong>777<\/strong> <strong>757\u00a0984<\/strong><br \/>e-mail: <a href=\"mailto:%20karfilat@spzo.cz\">karfilat@spzo.cz<\/a><\/p>\n<\/div>\n<\/div>\n<\/td>\n<\/tr>\n<\/tbody>\n<\/table>\n<p>&nbsp;<\/p>\n<p>[\/et_pb_text][et_pb_text admin_label=&#8220;60&#8243; _builder_version=&#8220;4.27.4&#8243; _module_preset=&#8220;default&#8220; min_height=&#8220;208px&#8220; animation_style=&#8220;slide&#8220; hover_enabled=&#8220;0&#8243; global_colors_info=&#8220;{}&#8220; sticky_enabled=&#8220;0&#8243;]<\/p>\n<table height=\"200\" style=\"width: 460px;\">\n<tbody>\n<tr>\n<td style=\"width: 181.71875px;\"><img loading=\"lazy\" decoding=\"async\" src=\"https:\/\/www.spzo.cz\/wp-content\/uploads\/2024\/10\/petrucha-ml.jpg\" width=\"225\" height=\"300\" alt=\"\" class=\"wp-image-3805 alignnone size-full\" \/><\/td>\n<td style=\"width: 277.296875px;\">\n<div>\n<div>\n<div>\n<div>\n<div><strong>Ing. Jan Petrucha<\/strong><\/div>\n<div>\n<p><em>region 60<\/em><\/p>\n<\/div>\n<p>mobiln\u00ed telefon:<span>\u00a0<\/span><strong>777 757 986<\/strong><br \/>e-mail:\u00a0<strong><a href=\"mailto:petrucha@spzo.cz\">petrucha@spzo.cz<\/a><\/strong><\/p>\n<p><strong style=\"font-family: inherit; font-size: inherit;\"><\/strong><\/p>\n<\/div>\n<\/div>\n<\/div>\n<\/div>\n<\/td>\n<\/tr>\n<\/tbody>\n<\/table>\n<p>[\/et_pb_text][et_pb_text admin_label=&#8220;80&#8243; _builder_version=&#8220;4.27.4&#8243; _module_preset=&#8220;default&#8220; min_height=&#8220;208px&#8220; animation_style=&#8220;slide&#8220; hover_enabled=&#8220;0&#8243; global_colors_info=&#8220;{}&#8220; sticky_enabled=&#8220;0&#8243;]<\/p>\n<table height=\"200\" style=\"width: 460px;\">\n<tbody>\n<tr>\n<td style=\"width: 181.71875px;\"><img loading=\"lazy\" decoding=\"async\" src=\"https:\/\/www.spzo.cz\/wp-content\/uploads\/2024\/01\/80-Tomsicek-Libor.jpg\" width=\"225\" height=\"300\" alt=\"\" class=\"wp-image-3386 alignnone size-full\" \/><\/td>\n<td style=\"width: 277.296875px;\">\n<div>\n<div>\n<div>\n<div>\n<div><strong>Ing.\u00a0<\/strong><strong>Libor Tom\u0161\u00ed\u010dek<\/strong><\/div>\n<\/div>\n<\/div>\n<\/div>\n<div>\n<div>\n<div>\n<p><em>region 80<\/em><\/p>\n<\/div>\n<p>mobiln\u00ed telefon:<span>\u00a0<\/span><strong>777 757 988<\/strong><br \/>e-mail:\u00a0<a href=\"mailto:tomsicek@spzo.cz\" title=\"tomsicek@spzo.cz\u00a0\"><strong>tomsicek@spzo.cz<\/strong><span>\u00a0<\/span><\/a><\/p>\n<\/div>\n<\/div>\n<\/div>\n<p><strong><\/strong><\/p>\n<p><strong style=\"font-family: inherit; font-size: inherit;\"><\/strong><\/p>\n<\/td>\n<\/tr>\n<\/tbody>\n<\/table>\n<p>[\/et_pb_text][\/et_pb_column][\/et_pb_row][et_pb_row _builder_version=&#8220;4.16&#8243; _module_preset=&#8220;default&#8220; global_colors_info=&#8220;{}&#8220;][et_pb_column type=&#8220;4_4&#8243; _builder_version=&#8220;4.16&#8243; _module_preset=&#8220;default&#8220; global_colors_info=&#8220;{}&#8220;][et_pb_divider _builder_version=&#8220;4.16&#8243; _module_preset=&#8220;default&#8220; global_colors_info=&#8220;{}&#8220;][\/et_pb_divider][et_pb_text admin_label=&#8220;sk&#8220; _builder_version=&#8220;4.27.4&#8243; _module_preset=&#8220;default&#8220; min_height=&#8220;208px&#8220; animation_style=&#8220;slide&#8220; hover_enabled=&#8220;0&#8243; global_colors_info=&#8220;{}&#8220; sticky_enabled=&#8220;0&#8243;]<\/p>\n<table height=\"200\" style=\"width: 460px;\">\n<tbody>\n<tr>\n<td style=\"width: 181.71875px;\"><img loading=\"lazy\" decoding=\"async\" src=\"https:\/\/www.spzo.cz\/wp-content\/uploads\/2024\/01\/99-SK-Pomikala-Martin.jpg\" width=\"225\" height=\"300\" alt=\"\" class=\"wp-image-3388 alignnone size-full\" \/><\/td>\n<td style=\"width: 277.296875px;\">\n<div>\n<div>\n<div>\n<div><strong>Ing.\u00a0<\/strong><strong style=\"font-size: 14px;\">Martin Pomikala<\/strong><\/div>\n<\/div>\n<\/div>\n<\/div>\n<div>\n<div>\n<div>\n<p><em>region Slovensko<\/em><\/p>\n<\/div>\n<p>mobiln\u00ed telefon: <strong>0902 843 530<\/strong><br \/>e-mail:\u00a0<strong><a href=\"mailto:pomikala@spzo.cz\">pomikala@spzo.cz<\/a><\/strong><\/p>\n<\/div>\n<p><strong><\/strong><\/p>\n<\/div>\n<p><strong><\/strong><\/p>\n<\/td>\n<\/tr>\n<\/tbody>\n<\/table>\n<p>&nbsp;<\/p>\n<p>[\/et_pb_text][\/et_pb_column][\/et_pb_row][\/et_pb_section]<\/p>\n","protected":false},"excerpt":{"rendered":"<p>Agronomick\u00e1 slu\u017eba Ing. Ji\u0159\u00ed Zeman region 10 mobiln\u00ed telefon: 777 757 981e-mail:\u00a0zeman@spzo.cz\u00a0 Ing. Lubo\u0161 Pivo\u0148ka region 30 mobiln\u00ed telefon: 602 684 809e-mail: pivonka@spzo.cz\u00a0 Ing. Roman Hrdina region 50 mobiln\u00ed telefon: 777 757 985e-mail:\u00a0hrdina@spzo.cz Ing.\u00a0Mojm\u00edr Mi\u010dka region 70 mobiln\u00ed telefon: 777 757 987e-mail:\u00a0micka@spzo.cz Ing.\u00a0Bo\u017eet\u011bch M\u00e1lek region 90 mobiln\u00ed telefon: 777 757 989e-mail:\u00a0malek@spzo.cz &nbsp; Ing. Sandra Hovorkov\u00e1 [&hellip;]<\/p>\n","protected":false},"author":1,"featured_media":0,"parent":41,"menu_order":0,"comment_status":"closed","ping_status":"closed","template":"","meta":{"_et_pb_use_builder":"on","_et_pb_old_content":"","_et_gb_content_width":"","footnotes":""},"class_list":["post-100","page","type-page","status-publish","hentry"],"_links":{"self":[{"href":"https:\/\/www.spzo.cz\/index.php?rest_route=\/wp\/v2\/pages\/100","targetHints":{"allow":["GET"]}}],"collection":[{"href":"https:\/\/www.spzo.cz\/index.php?rest_route=\/wp\/v2\/pages"}],"about":[{"href":"https:\/\/www.spzo.cz\/index.php?rest_route=\/wp\/v2\/types\/page"}],"author":[{"embeddable":true,"href":"https:\/\/www.spzo.cz\/index.php?rest_route=\/wp\/v2\/users\/1"}],"replies":[{"embeddable":true,"href":"https:\/\/www.spzo.cz\/index.php?rest_route=%2Fwp%2Fv2%2Fcomments&post=100"}],"version-history":[{"count":37,"href":"https:\/\/www.spzo.cz\/index.php?rest_route=\/wp\/v2\/pages\/100\/revisions"}],"predecessor-version":[{"id":4402,"href":"https:\/\/www.spzo.cz\/index.php?rest_route=\/wp\/v2\/pages\/100\/revisions\/4402"}],"up":[{"embeddable":true,"href":"https:\/\/www.spzo.cz\/index.php?rest_route=\/wp\/v2\/pages\/41"}],"wp:attachment":[{"href":"https:\/\/www.spzo.cz\/index.php?rest_route=%2Fwp%2Fv2%2Fmedia&parent=100"}],"curies":[{"name":"wp","href":"https:\/\/api.w.org\/{rel}","templated":true}]}}