{"id":104,"date":"2020-07-10T16:41:13","date_gmt":"2020-07-10T14:41:13","guid":{"rendered":"http:\/\/novyweb.spzo.cz\/?page_id=104"},"modified":"2021-05-03T13:36:33","modified_gmt":"2021-05-03T11:36:33","slug":"clenstvi","status":"publish","type":"page","link":"https:\/\/www.spzo.cz\/?page_id=104","title":{"rendered":"\u010clenstv\u00ed"},"content":{"rendered":"<p>[et_pb_section fb_built=&#8220;1&#8243; fullwidth=&#8220;on&#8220; _builder_version=&#8220;4.5.0&#8243; _module_preset=&#8220;default&#8220;][et_pb_fullwidth_image src=&#8220;https:\/\/www.spzo.cz\/wp-content\/uploads\/2020\/07\/zluty-pruh-uzsi.jpg&#8220; alt=&#8220;\u017elut\u00fd pruh&#8220; title_text=&#8220;zluty-pruh-uzsi&#8220; _builder_version=&#8220;4.8.1&#8243; _module_preset=&#8220;default&#8220; animation_style=&#8220;slide&#8220;][\/et_pb_fullwidth_image][\/et_pb_section][et_pb_section fb_built=&#8220;1&#8243; _builder_version=&#8220;4.8.1&#8243; _module_preset=&#8220;default&#8220; background_color=&#8220;#ffefd1&#8243; custom_padding=&#8220;6px||6px|||&#8220;][et_pb_row _builder_version=&#8220;4.7.7&#8243; _module_preset=&#8220;default&#8220; custom_padding=&#8220;||0px|||&#8220;][et_pb_column type=&#8220;4_4&#8243; _builder_version=&#8220;4.7.7&#8243; _module_preset=&#8220;default&#8220;][et_pb_text _builder_version=&#8220;4.7.7&#8243; _module_preset=&#8220;default&#8220; custom_padding=&#8220;||11px|||&#8220;]<\/p>\n<h4><strong>Struktura \u010dlensk\u00e9 z\u00e1kladny:<\/strong><\/h4>\n<p>[\/et_pb_text][\/et_pb_column][\/et_pb_row][et_pb_row column_structure=&#8220;1_5,1_5,1_5,1_5,1_5&#8243; _builder_version=&#8220;4.8.1&#8243; _module_preset=&#8220;default&#8220; background_color=&#8220;#ffefd1&#8243;][et_pb_column type=&#8220;1_5&#8243; _builder_version=&#8220;4.7.7&#8243; _module_preset=&#8220;default&#8220;][et_pb_number_counter title=&#8220;Podniky p\u011bstuj\u00edc\u00ed olejniny&#8220; number=&#8220;808&#8243; percent_sign=&#8220;off&#8220; _builder_version=&#8220;4.7.7&#8243; _module_preset=&#8220;default&#8220;][\/et_pb_number_counter][\/et_pb_column][et_pb_column type=&#8220;1_5&#8243; _builder_version=&#8220;4.7.7&#8243; _module_preset=&#8220;default&#8220;][et_pb_number_counter title=&#8220;Zpracovatel\u00e9&#8220; number=&#8220;9&#8243; percent_sign=&#8220;off&#8220; _builder_version=&#8220;4.7.7&#8243; _module_preset=&#8220;default&#8220;][\/et_pb_number_counter][\/et_pb_column][et_pb_column type=&#8220;1_5&#8243; _builder_version=&#8220;4.7.7&#8243; _module_preset=&#8220;default&#8220;][et_pb_number_counter title=&#8220;ZZN, obchodn\u00ed organizace&#8220; number=&#8220;15&#8243; percent_sign=&#8220;off&#8220; _builder_version=&#8220;4.7.7&#8243; _module_preset=&#8220;default&#8220;][\/et_pb_number_counter][\/et_pb_column][et_pb_column type=&#8220;1_5&#8243; _builder_version=&#8220;4.7.7&#8243; _module_preset=&#8220;default&#8220;][et_pb_number_counter title=&#8220;Osiv\u00e1\u0159sk\u00e9 firmy&#8220; number=&#8220;14&#8243; percent_sign=&#8220;off&#8220; _builder_version=&#8220;4.7.7&#8243; _module_preset=&#8220;default&#8220;][\/et_pb_number_counter][\/et_pb_column][et_pb_column type=&#8220;1_5&#8243; _builder_version=&#8220;4.7.7&#8243; _module_preset=&#8220;default&#8220;][et_pb_number_counter title=&#8220;Ostatn\u00ed (vysok\u00e9 \u0161koly, v\u00fdzkumn\u00e9 \u00fastavy atd.)&#8220; number=&#8220;5&#8243; percent_sign=&#8220;off&#8220; _builder_version=&#8220;4.7.7&#8243; _module_preset=&#8220;default&#8220;][\/et_pb_number_counter][\/et_pb_column][\/et_pb_row][\/et_pb_section][et_pb_section fb_built=&#8220;1&#8243; _builder_version=&#8220;4.7.7&#8243; _module_preset=&#8220;default&#8220; background_color=&#8220;#ffefd1&#8243; custom_padding=&#8220;0px||5px|||&#8220; hover_enabled=&#8220;0&#8243; sticky_enabled=&#8220;0&#8243;][et_pb_row column_structure=&#8220;1_2,1_2&#8243; _builder_version=&#8220;4.7.7&#8243; _module_preset=&#8220;default&#8220; custom_padding=&#8220;||8px|||&#8220;][et_pb_column type=&#8220;1_2&#8243; _builder_version=&#8220;4.7.7&#8243; _module_preset=&#8220;default&#8220;][et_pb_text _builder_version=&#8220;4.7.7&#8243; _module_preset=&#8220;default&#8220; custom_padding=&#8220;0px||0px|||&#8220;]<\/p>\n<h1 class=\"entry-title\">PODM\u00cdNKY \u010cLENSTV\u00cd<\/h1>\n<div class=\"entry-content\">\n<ul>\n<li>\u010dlenstv\u00ed ve Svazu je dobrovoln\u00e9<\/li>\n<li>\u010dlenstv\u00ed vznik\u00e1 na z\u00e1klad\u011b p\u00edsemn\u00e9 p\u0159ihl\u00e1\u0161ky<\/li>\n<\/ul>\n<h1><span style=\"font-size: medium;\"><strong>\u010cleny Svazu mohou b\u00fdt:<\/strong><\/span><\/h1>\n<ul>\n<li>pr\u00e1vnick\u00e9 osoby a soukrom\u00ed podnikatel\u00e9<\/li>\n<li>dru\u017estevn\u00ed, st\u00e1tn\u00ed a obchodn\u00ed organizace<\/li>\n<li>semen\u00e1\u0159sk\u00e9 podniky<\/li>\n<li>organizace zpracovatelsk\u00e9ho pr\u016fmyslu<\/li>\n<li>v\u00fdzkumn\u00e9 \u00fastavy a \u0161koly<\/li>\n<\/ul>\n<h1><span style=\"font-size: medium;\"><strong>Povinnosti \u010dlena Svazu:<\/strong><\/span><\/h1>\n<p><span><strong><\/strong><\/span><\/p>\n<ul>\n<li>plnit z\u00e1vazky vypl\u00fdvaj\u00edc\u00ed ze Stanov Svazu<\/li>\n<li>uhradit \u010dlensk\u00fd p\u0159\u00edsp\u011bvek<\/li>\n<li>plnit usnesen\u00ed shrom\u00e1\u017ed\u011bn\u00ed zmocn\u011bn\u00fdch z\u00e1stupc\u016f<\/li>\n<li>poskytovat pracovn\u00edk\u016fm Svazu aktu\u00e1ln\u00ed informace o olejnin\u00e1ch<\/li>\n<\/ul>\n<\/div>\n<p>[\/et_pb_text][\/et_pb_column][et_pb_column type=&#8220;1_2&#8243; _builder_version=&#8220;4.7.7&#8243; _module_preset=&#8220;default&#8220;][et_pb_text _builder_version=&#8220;4.7.7&#8243; _module_preset=&#8220;default&#8220;]<\/p>\n<p><span style=\"color: #333333; font-size: 30px;\">V\u00ddHODY \u010cLENSTV\u00cd<\/span><\/p>\n<h1><span style=\"color: #333333; font-size: medium;\"><strong>Co poskytuje SPZO p\u011bstitel\u016fm \u0159epky a slune\u010dnice?<\/strong><\/span><\/h1>\n<ul>\n<li>objektivn\u00ed a nestrann\u00e9 poradenstv\u00ed v oblasti p\u011bstov\u00e1n\u00ed olejnin<\/li>\n<\/ul>\n<p style=\"padding-left: 30px;\"><span style=\"font-size: 14px;\"><em>&#8211; ucelen\u00fd souhrn dom\u00e1c\u00edch a zahrani\u010dn\u00edch v\u011bdeck\u00fdch a technick\u00fdch poznatk\u016f v oblasti p\u011bstov\u00e1n\u00ed a u\u017eit\u00ed olejnin<\/em><\/span><\/p>\n<ul>\n<li><span> <\/span>zku\u0161enosti nejlep\u0161\u00edch dom\u00e1c\u00edch a zahrani\u010dn\u00edch p\u011bstitel\u016f<\/li>\n<\/ul>\n<p style=\"padding-left: 30px;\"><span style=\"font-size: 14px;\"><em>&#8211; na z\u00e1klad\u011b vlastn\u00ed pokusnick\u00e9 \u010dinnosti v provozn\u00edch a poloprovozn\u00edch podm\u00ednk\u00e1ch vytv\u00e1\u0159\u00ed Svaz nestrann\u00e1 doporu\u010den\u00ed p\u011bstitelsk\u00fdch opat\u0159en\u00ed<\/em><\/span><\/p>\n<ul>\n<li><span style=\"font-size: 14px;\">10 agronom\u016f \u2013 specialist\u016f poskytuje p\u0159\u00edmo v provozu individu\u00e1ln\u00ed poradenstv\u00ed \u010dlen\u016fm Svazu<\/span><\/li>\n<li><span style=\"font-size: 14px;\">\u00a0<\/span><span style=\"font-size: 14px;\">vytv\u00e1\u0159ej\u00ed se podm\u00ednky pro produkci olejnin se zam\u011b\u0159en\u00edm na zisk porad\u00edme v ot\u00e1zk\u00e1ch marketingu a prodeje olejnin<\/span><\/li>\n<li><span style=\"font-size: 14px;\">porad\u00edme v ot\u00e1zk\u00e1ch marketingu a prodeje olejnin<\/span><\/li>\n<\/ul>\n<p>&nbsp;<\/p>\n<p>[\/et_pb_text][\/et_pb_column][\/et_pb_row][\/et_pb_section][et_pb_section fb_built=&#8220;1&#8243; _builder_version=&#8220;4.9.4&#8243; _module_preset=&#8220;default&#8220; background_color=&#8220;#ffefd1&#8243; hover_enabled=&#8220;0&#8243; sticky_enabled=&#8220;0&#8243; custom_padding=&#8220;4px|||||&#8220;][et_pb_row _builder_version=&#8220;4.9.4&#8243; _module_preset=&#8220;default&#8220;][et_pb_column _builder_version=&#8220;4.9.4&#8243; _module_preset=&#8220;default&#8220; type=&#8220;4_4&#8243;][et_pb_text _builder_version=&#8220;4.9.4&#8243; _module_preset=&#8220;default&#8220; hover_enabled=&#8220;0&#8243; sticky_enabled=&#8220;0&#8243; custom_padding=&#8220;||15px|||&#8220; custom_margin=&#8220;||8px|||&#8220;]<\/p>\n<h3><strong>V\u00fdnos \u0159epky olejky v \u010cesk\u00e9 republice 2000 &#8211; 2021<\/strong><\/h3>\n<p>[\/et_pb_text][et_pb_image src=&#8220;https:\/\/www.spzo.cz\/wp-content\/uploads\/2021\/05\/graf-3-f-e1620041663321.png&#8220; _builder_version=&#8220;4.9.4&#8243; _module_preset=&#8220;default&#8220; title_text=&#8220;Graf 3 F&#8220; hover_enabled=&#8220;0&#8243; sticky_enabled=&#8220;0&#8243; animation_style=&#8220;zoom&#8220;][\/et_pb_image][\/et_pb_column][\/et_pb_row][\/et_pb_section][et_pb_section fb_built=&#8220;1&#8243; _builder_version=&#8220;4.9.4&#8243; _module_preset=&#8220;default&#8220; background_color=&#8220;#ffefd1&#8243; custom_padding=&#8220;8px||0px|||&#8220; hover_enabled=&#8220;0&#8243; disabled_on=&#8220;on|on|on&#8220; disabled=&#8220;on&#8220; sticky_enabled=&#8220;0&#8243;][et_pb_row _builder_version=&#8220;4.7.7&#8243; _module_preset=&#8220;default&#8220; custom_padding=&#8220;6px||4px|||&#8220;][et_pb_column type=&#8220;4_4&#8243; _builder_version=&#8220;4.7.7&#8243; _module_preset=&#8220;default&#8220;][et_pb_text _builder_version=&#8220;4.7.7&#8243; _module_preset=&#8220;default&#8220;]<\/p>\n<h2><strong>Rozd\u00edl mezi v\u00fdnosy \u010dlen\u016f SPZO a ostatn\u00edmi p\u011bstiteli \u0159epky (kg\/ha)<\/strong><\/h2>\n<p>[\/et_pb_text][et_pb_text _builder_version=&#8220;4.7.7&#8243; _module_preset=&#8220;default&#8220; custom_margin=&#8220;3px|||||&#8220;]<\/p>\n<div class=\"chartContainer wptm\" id=\"chartContainer12\" data-id-chart=\"12\"><div class=\"canvasWraper\" style=\"max-height:375px; max-width:500px; margin : 0 auto 0 auto \" ><canvas class=\"canvas\" height=\"375\" width=\"500\"><\/canvas><\/div><\/div><script>var DropChart = {};\nDropChart.id = \"12\" ; \nDropChart.random_id = \"69f4e75b5ef29\" ; \nDropChart.type = \"Bar\" ; \nDropChart.data = {\"datasets\":[{\"label\":\"rok 1993\",\"dataForTooltip\":[\"rok 1993\",\"rok 1994\",\"rok 1995\",\"rok 1996\",\"rok 1997\",\"rok 1998\",\"rok 1999\",\"rok 2000\",\"rok 2001\",\"rok 2002\"],\"data\":[0,0,0,0,0,0,0,0,0,0],\"highlight\":\"rgba(219,2,2,1)\",\"backgroundColor\":\"rgba(219,2,2,0.9)\",\"borderColor\":\"rgba(219,2,2,1)\",\"pointBackgroundColor\":\"rgba(219,2,2,1)\",\"pointColor\":\"#fff\",\"pointBorderColor\":\"rgba(219,2,2,1)\",\"pointHighlightFill\":\"#fff\",\"fill\":true},{\"label\":\"170\",\"dataForTooltip\":[\"170\",\"210\",\"250\",\"280\",\"410\",\"480\",\"520\",\"470\",\"490\",\"420\"],\"data\":[\"170\",\"210\",\"250\",\"280\",\"410\",\"480\",\"520\",\"470\",\"490\",\"420\"],\"highlight\":\"rgba(151,187,205,1)\",\"backgroundColor\":\"rgba(151,187,205,0.9)\",\"borderColor\":\"rgba(151,187,205,1)\",\"pointBackgroundColor\":\"rgba(151,187,205,1)\",\"pointColor\":\"#fff\",\"pointBorderColor\":\"rgba(151,187,205,1)\",\"pointHighlightFill\":\"#fff\",\"fill\":true}],\"labels\":[\"rok 1993\",\"rok 1994\",\"rok 1995\",\"rok 1996\",\"rok 1997\",\"rok 1998\",\"rok 1999\",\"rok 2000\",\"rok 2001\",\"rok 2002\"]}; \nDropChart.currency_symbols = \"\"; \nDropChart.places = 0; \nDropChart.unit_symbols = 0; \nDropChart.decimal_symbols = \".\"; \nDropChart.thousand_symbols = \",\"; \nDropChart.config = {\"dataUsing\":\"column\",\"switchDataUsing\":false,\"useFirstRowAsLabels\":true,\"width\":500,\"height\":375,\"chart_align\":\"center\",\"scaleShowGridLines\":true,\"scaleBeginAtZero\":false,\"colors\":\"#db0202,#97BBCD,#4C839E\",\"pieColors\":\"#F7464A,#46BFBD,#FDB45C,#949FB1,#4D5360\",\"scaleGridLineColor\":\"rgba(0,0,0,.05)\",\"scaleGridLineWidth\":1,\"barShowStroke\":true,\"barStrokeWidth\":2,\"barValueSpacing\":5,\"barDatasetSpacing\":10,\"scaleLabel\":\"<%= Number(value)%>\",\"tooltipTemplate\":\"<%if (label){%><%=label%>: <%}%><%= Number(value)%>\",\"multiTooltipTemplate\":\"<%= datasetLabel %>: <%= Number(value)%>\"}; \n if(typeof DropCharts === \"undefined\") { var DropCharts = []; } ; \n DropCharts.push(DropChart) ; \n<\/script>\n<p>[\/et_pb_text][\/et_pb_column][\/et_pb_row][\/et_pb_section]<\/p>\n","protected":false},"excerpt":{"rendered":"<p>Struktura \u010dlensk\u00e9 z\u00e1kladny:PODM\u00cdNKY \u010cLENSTV\u00cd \u010dlenstv\u00ed ve Svazu je dobrovoln\u00e9 \u010dlenstv\u00ed vznik\u00e1 na z\u00e1klad\u011b p\u00edsemn\u00e9 p\u0159ihl\u00e1\u0161ky \u010cleny Svazu mohou b\u00fdt: pr\u00e1vnick\u00e9 osoby a soukrom\u00ed podnikatel\u00e9 dru\u017estevn\u00ed, st\u00e1tn\u00ed a obchodn\u00ed organizace semen\u00e1\u0159sk\u00e9 podniky organizace zpracovatelsk\u00e9ho pr\u016fmyslu v\u00fdzkumn\u00e9 \u00fastavy a \u0161koly Povinnosti \u010dlena Svazu: plnit z\u00e1vazky vypl\u00fdvaj\u00edc\u00ed ze Stanov Svazu uhradit \u010dlensk\u00fd p\u0159\u00edsp\u011bvek plnit usnesen\u00ed shrom\u00e1\u017ed\u011bn\u00ed zmocn\u011bn\u00fdch z\u00e1stupc\u016f [&hellip;]<\/p>\n","protected":false},"author":1,"featured_media":0,"parent":41,"menu_order":0,"comment_status":"closed","ping_status":"closed","template":"","meta":{"_et_pb_use_builder":"on","_et_pb_old_content":"","_et_gb_content_width":"","footnotes":""},"class_list":["post-104","page","type-page","status-publish","hentry"],"_links":{"self":[{"href":"https:\/\/www.spzo.cz\/index.php?rest_route=\/wp\/v2\/pages\/104","targetHints":{"allow":["GET"]}}],"collection":[{"href":"https:\/\/www.spzo.cz\/index.php?rest_route=\/wp\/v2\/pages"}],"about":[{"href":"https:\/\/www.spzo.cz\/index.php?rest_route=\/wp\/v2\/types\/page"}],"author":[{"embeddable":true,"href":"https:\/\/www.spzo.cz\/index.php?rest_route=\/wp\/v2\/users\/1"}],"replies":[{"embeddable":true,"href":"https:\/\/www.spzo.cz\/index.php?rest_route=%2Fwp%2Fv2%2Fcomments&post=104"}],"version-history":[{"count":22,"href":"https:\/\/www.spzo.cz\/index.php?rest_route=\/wp\/v2\/pages\/104\/revisions"}],"predecessor-version":[{"id":1629,"href":"https:\/\/www.spzo.cz\/index.php?rest_route=\/wp\/v2\/pages\/104\/revisions\/1629"}],"up":[{"embeddable":true,"href":"https:\/\/www.spzo.cz\/index.php?rest_route=\/wp\/v2\/pages\/41"}],"wp:attachment":[{"href":"https:\/\/www.spzo.cz\/index.php?rest_route=%2Fwp%2Fv2%2Fmedia&parent=104"}],"curies":[{"name":"wp","href":"https:\/\/api.w.org\/{rel}","templated":true}]}}