{"id":108,"date":"2020-07-10T16:41:51","date_gmt":"2020-07-10T14:41:51","guid":{"rendered":"http:\/\/novyweb.spzo.cz\/?page_id=108"},"modified":"2021-03-22T11:44:33","modified_gmt":"2021-03-22T10:44:33","slug":"spolupracujeme","status":"publish","type":"page","link":"https:\/\/www.spzo.cz\/?page_id=108","title":{"rendered":"Spolupracujeme"},"content":{"rendered":"<p>[et_pb_section fb_built=&#8220;1&#8243; fullwidth=&#8220;on&#8220; _builder_version=&#8220;4.5.0&#8243; _module_preset=&#8220;default&#8220;][et_pb_fullwidth_image src=&#8220;https:\/\/www.spzo.cz\/wp-content\/uploads\/2020\/07\/zluty-pruh-uzsi.jpg&#8220; alt=&#8220;\u017elut\u00fd pruh&#8220; title_text=&#8220;zluty-pruh-uzsi&#8220; _builder_version=&#8220;4.8.1&#8243; _module_preset=&#8220;default&#8220; animation_style=&#8220;slide&#8220;][\/et_pb_fullwidth_image][\/et_pb_section][et_pb_section fb_built=&#8220;1&#8243; _builder_version=&#8220;4.7.7&#8243; _module_preset=&#8220;default&#8220; custom_padding=&#8220;10px|||||&#8220;][et_pb_row _builder_version=&#8220;4.7.7&#8243; _module_preset=&#8220;default&#8220; custom_margin=&#8220;-9px|auto||auto||&#8220;][et_pb_column type=&#8220;4_4&#8243; _builder_version=&#8220;4.7.7&#8243; _module_preset=&#8220;default&#8220;][et_pb_text _builder_version=&#8220;4.7.7&#8243; _module_preset=&#8220;default&#8220;]<\/p>\n<h2>::Spolupracuj\u00edc\u00ed organizace<\/h2>\n<p>&nbsp;<\/p>\n<p><strong><span>Svaz spolupracuje v \u010cR s t\u011bmito organizacemi<\/span><\/strong><\/p>\n<ul>\n<li><a href=\"http:\/\/www.cmssa.cz\/\" target=\"_blank\" rel=\"noopener noreferrer\">\u010cM\u0160SA<\/a>\u00a0\u2013 \u010ceskomoravsk\u00e1 \u0161lechtitelsk\u00e1 a semen\u00e1\u0159sk\u00e1 asociace<\/li>\n<li><a href=\"http:\/\/www.czu.cz\/\" target=\"_blank\" rel=\"noopener noreferrer\">\u010cZU<\/a>\u00a0\u2013 \u010cesk\u00e1 zem\u011bd\u011blsk\u00e1 univerzita v Praze<\/li>\n<li><a href=\"http:\/\/www.mendelu.cz\/cz\" target=\"_blank&quot;\" rel=\"noopener noreferrer\">Mendelu<\/a> \u2013 Mendelova univerzita v Brn\u011b<\/li>\n<li><a href=\"http:\/\/www.mze.cz\/\" target=\"_blank\" rel=\"noopener noreferrer\">MZe<\/a>\u00a0\u2013 Ministerstvo zem\u011bd\u011blstv\u00ed \u010cesk\u00e9 republiky<\/li>\n<li><a href=\"http:\/\/www.srs.cz\/\" target=\"_blank\" rel=\"noopener noreferrer\">SRS<\/a>\u00a0\u2013 St\u00e1tn\u00ed rostlinol\u00e9ka\u0159sk\u00e1 spr\u00e1va Brno<\/li>\n<li><a href=\"http:\/\/www.ukzuz.cz\/\" target=\"_blank\" rel=\"noopener noreferrer\">\u00daKZ\u00daZ<\/a>\u00a0\u2013 \u00dast\u0159edn\u00ed kontroln\u00ed a zku\u0161ebn\u00ed \u00fastav zem\u011bd\u011blsk\u00fd Brno<\/li>\n<li><a href=\"http:\/\/www.oseva.cz\/\" target=\"_blank\" rel=\"noopener noreferrer\">V\u00daOL<\/a>\u00a0\u2013 V\u00fdzkumn\u00fd \u00fastav olejnin Opava<\/li>\n<li><a href=\"http:\/\/www.vurv.cz\/\" target=\"_blank\" rel=\"noopener noreferrer\">V\u00daRV<\/a>\u00a0\u2013 V\u00fdzkumn\u00fd \u00fastav rostlinn\u00e9 v\u00fdroby Praha \u2013 Ruzyn\u011b<\/li>\n<li><a href=\"http:\/\/www.vuze.cz\/\" target=\"_blank\" rel=\"noopener noreferrer\">V\u00daZE<\/a>\u00a0\u2013 V\u00fdzkumn\u00fd \u00fastav zem\u011bd\u011blsk\u00e9 ekonomiky Praha<\/li>\n<li><a href=\"http:\/\/www.vuzt.cz\/\" target=\"_blank\" rel=\"noopener noreferrer\">V\u00daZT<\/a>\u00a0\u2013 V\u00fdzkumn\u00fd \u00fastav zem\u011bd\u011blsk\u00e9 techniky Praha<\/li>\n<li><a href=\"http:\/\/www.vukrom.cz\/\" target=\"_blank\" rel=\"noopener noreferrer\">ZV\u00da<\/a>\u00a0\u2013 Zem\u011bd\u011blsk\u00fd v\u00fdzkumn\u00fd \u00fastav Krom\u011b\u0159\u00ed\u017e<\/li>\n<li><a href=\"http:\/\/www.agrobiologie.cz\/\" target=\"_blank\" rel=\"noopener noreferrer\">agrobiologie.cz<\/a>\u00a0\u2013 web pro uchaze\u010de o studium na \u010cZU v Praze<\/li>\n<li><a href=\"http:\/\/www.agromanual.cz\/\" target=\"_blank\" rel=\"noopener noreferrer\">Agromanu\u00e1l<\/a>\u00a0\u2013 profesion\u00e1ln\u00ed informace pro agronomy<\/li>\n<li><a href=\"http:\/\/www.agroserver.cz\/\">Agroserver.cz<\/a> \u2013 burzovn\u00ed zpravodajstv\u00ed, obchod, novinky z trhu<\/li>\n<li><a href=\"http:\/\/www.vimcojim.cz\/cs\" target=\"_blank\" rel=\"noopener noreferrer\">V\u00edm, co j\u00edm a piju<\/a>\u00a0\u2013 V\u00edm, co j\u00edm a piju, o.p.s.Spole\u010dnost V\u00edm, co j\u00edm nav\u00e1zala spolupr\u00e1ci se Svazem p\u011bstitel\u016f a zpracovatel\u016f olejnin. Ob\u011b strany se domluvily na vz\u00e1jemn\u00e9 podpo\u0159e a spole\u010dnost V\u00edm, co j\u00edm se rozhodla p\u0159\u00edmo vstoupit do svazu. Svaz p\u011bstitel\u016f a zpracovatel\u016f olejnin se stal partnerem V\u00edm, co j\u00edm o.p.s. Spolupr\u00e1ce obou stran m\u016f\u017ee vy\u00fastit v roz\u0161\u00ed\u0159en\u00ed portfolia v\u00fdrobk\u016f, ozna\u010dovan\u00fdch logem V\u00edm, co j\u00edm. Spole\u010dnost V\u00edm, co j\u00edm bude propagovat prosp\u011b\u0161nost konzumace rostlinn\u00fdch olej\u016f a svaz bude sv\u00e9 \u010dleny seznamovat s programem a \u010dinnost\u00ed V\u00edm, co j\u00edm<\/li>\n<\/ul>\n<p>&nbsp;<\/p>\n<p><span><strong>V Evrop\u011b Svaz spolupracuje nebo z\u00edsk\u00e1v\u00e1 informace od t\u011bchto organizac\u00ed:<\/strong><\/span><\/p>\n<p><span><strong><\/strong><\/span><\/p>\n<ul>\n<li><a href=\"http:\/\/www.cetiom.fr\/\" target=\"_blank\" rel=\"noopener noreferrer\">CETIOM<\/a>\u00a0\u2013 Centre technique interprofessionnel des ol\u00e9agineux m\u00e9tropolitains (Francie)<\/li>\n<li><a href=\"http:\/\/www.cogeca.be\/index.asp\" target=\"_blank\" rel=\"noopener noreferrer\">COPA-COGECA<\/a>\u00a0\u2013 Committee of Professional Agricultural Organisations in EU (Evropa, Belgie)<\/li>\n<li><a href=\"http:\/\/www.dlg.org\/de\/index.html\" target=\"_blank\" rel=\"noopener noreferrer\">DLG<\/a>\u00a0\u2013 Deutsche Landwirtschafts-Gesellschaft e.V. (SRN)<\/li>\n<li>EOA\u00a0\u2013 European Oilseed Alliance (Evropa)<\/li>\n<li><a href=\"http:\/\/www.prolea.com\/\" target=\"_blank\" rel=\"noopener noreferrer\">FOP<\/a>\u00a0\u2013 F\u00e9d\u00e9ration Fran\u00e7aise des Producteurs d\u2019Ol\u00e9agineux et de Prot\u00e9agineux (Francie)<\/li>\n<li><a href=\"http:\/\/www.gcirc.org\/home.html\" target=\"_blank\" rel=\"noopener noreferrer\">GCIRC<\/a>\u00a0\u2013 Groupe Consultatif International de Recherche sur le Colza (Mezin\u00e1rodn\u00ed)<\/li>\n<li><a href=\"http:\/\/www.ihar.edu.pl\/\" target=\"_blank\" rel=\"noopener noreferrer\">IHAR<\/a>\u00a0\u2013 Instytut Hodowli i Aklimatyzacji Ro\u015blin (Polsko)<\/li>\n<li><a href=\"http:\/\/www.rapool.de\/\" target=\"_blank\" rel=\"noopener noreferrer\">RAPOOL<\/a>\u00a0\u2013 Rapool-Ring GmbH (SRN)<\/li>\n<li><a href=\"http:\/\/www.iobc-wprs.org\/\" target=\"_blank\" rel=\"noopener noreferrer\">IOBC<\/a>\u00a0\u2013 Working Group Integrated Control in Oilseed Crops (Mezin\u00e1rodn\u00ed)<\/li>\n<li>SZO\u00a0\u2013 Slovensk\u00fd zv\u00e4z olejnin\u00e1rov (Slovensko)<\/li>\n<li><a href=\"http:\/\/www.acti.de\/\" target=\"_blank\" rel=\"noopener noreferrer\">TOEPFER INTERNATIONAL<\/a>\u00a0\u2013 Alfred C. Toepfer International G.m.b.H (SRN)<\/li>\n<li><a href=\"http:\/\/www.ufop.de\/\" target=\"_blank\" rel=\"noopener noreferrer\">UFOP<\/a>\u00a0\u2013 Union zur F\u00f6rderung von Oel- und Proteinpflanzen e.V. (SRN)<\/li>\n<li><a href=\"http:\/\/www.vurv.sk\/\" target=\"_blank\" rel=\"noopener noreferrer\">V\u00daRV<\/a>\u00a0\u2013 V\u00fdskumn\u00fd \u00fastav rastlinnej v\u00fdroby Pie\u0161\u0165any (Slovensko)<\/li>\n<\/ul>\n<p>[\/et_pb_text][\/et_pb_column][\/et_pb_row][\/et_pb_section]<\/p>\n","protected":false},"excerpt":{"rendered":"<p>::Spolupracuj\u00edc\u00ed organizace &nbsp; Svaz spolupracuje v \u010cR s t\u011bmito organizacemi \u010cM\u0160SA\u00a0\u2013 \u010ceskomoravsk\u00e1 \u0161lechtitelsk\u00e1 a semen\u00e1\u0159sk\u00e1 asociace \u010cZU\u00a0\u2013 \u010cesk\u00e1 zem\u011bd\u011blsk\u00e1 univerzita v Praze Mendelu \u2013 Mendelova univerzita v Brn\u011b MZe\u00a0\u2013 Ministerstvo zem\u011bd\u011blstv\u00ed \u010cesk\u00e9 republiky SRS\u00a0\u2013 St\u00e1tn\u00ed rostlinol\u00e9ka\u0159sk\u00e1 spr\u00e1va Brno \u00daKZ\u00daZ\u00a0\u2013 \u00dast\u0159edn\u00ed kontroln\u00ed a zku\u0161ebn\u00ed \u00fastav zem\u011bd\u011blsk\u00fd Brno V\u00daOL\u00a0\u2013 V\u00fdzkumn\u00fd \u00fastav olejnin Opava V\u00daRV\u00a0\u2013 V\u00fdzkumn\u00fd \u00fastav rostlinn\u00e9 [&hellip;]<\/p>\n","protected":false},"author":1,"featured_media":0,"parent":41,"menu_order":0,"comment_status":"closed","ping_status":"closed","template":"","meta":{"_et_pb_use_builder":"on","_et_pb_old_content":"","_et_gb_content_width":"","footnotes":""},"class_list":["post-108","page","type-page","status-publish","hentry"],"_links":{"self":[{"href":"https:\/\/www.spzo.cz\/index.php?rest_route=\/wp\/v2\/pages\/108","targetHints":{"allow":["GET"]}}],"collection":[{"href":"https:\/\/www.spzo.cz\/index.php?rest_route=\/wp\/v2\/pages"}],"about":[{"href":"https:\/\/www.spzo.cz\/index.php?rest_route=\/wp\/v2\/types\/page"}],"author":[{"embeddable":true,"href":"https:\/\/www.spzo.cz\/index.php?rest_route=\/wp\/v2\/users\/1"}],"replies":[{"embeddable":true,"href":"https:\/\/www.spzo.cz\/index.php?rest_route=%2Fwp%2Fv2%2Fcomments&post=108"}],"version-history":[{"count":4,"href":"https:\/\/www.spzo.cz\/index.php?rest_route=\/wp\/v2\/pages\/108\/revisions"}],"predecessor-version":[{"id":1532,"href":"https:\/\/www.spzo.cz\/index.php?rest_route=\/wp\/v2\/pages\/108\/revisions\/1532"}],"up":[{"embeddable":true,"href":"https:\/\/www.spzo.cz\/index.php?rest_route=\/wp\/v2\/pages\/41"}],"wp:attachment":[{"href":"https:\/\/www.spzo.cz\/index.php?rest_route=%2Fwp%2Fv2%2Fmedia&parent=108"}],"curies":[{"name":"wp","href":"https:\/\/api.w.org\/{rel}","templated":true}]}}