{"id":1453,"date":"2021-03-16T12:04:29","date_gmt":"2021-03-16T11:04:29","guid":{"rendered":"https:\/\/www.spzo.cz\/?page_id=1453"},"modified":"2021-03-16T12:04:29","modified_gmt":"2021-03-16T11:04:29","slug":"fungicidni-pokusy","status":"publish","type":"page","link":"https:\/\/www.spzo.cz\/?page_id=1453","title":{"rendered":"Fungicidn\u00ed pokusy"},"content":{"rendered":"<p>[et_pb_section fb_built=&#8220;1&#8243; fullwidth=&#8220;on&#8220; _builder_version=&#8220;4.5.0&#8243; _module_preset=&#8220;default&#8220;][et_pb_fullwidth_image src=&#8220;https:\/\/www.spzo.cz\/wp-content\/uploads\/2020\/07\/zluty-pruh-uzsi.jpg&#8220; alt=&#8220;\u017elut\u00fd pruh&#8220; title_text=&#8220;zluty-pruh-uzsi&#8220; _builder_version=&#8220;4.8.1&#8243; _module_preset=&#8220;default&#8220; animation_style=&#8220;slide&#8220;][\/et_pb_fullwidth_image][\/et_pb_section][et_pb_section fb_built=&#8220;1&#8243; _builder_version=&#8220;4.7.7&#8243; _module_preset=&#8220;default&#8220; background_color=&#8220;#ffefd1&#8243;][et_pb_row _builder_version=&#8220;4.7.7&#8243; _module_preset=&#8220;default&#8220; background_color=&#8220;#ffefd1&#8243;][et_pb_column type=&#8220;4_4&#8243; _builder_version=&#8220;4.7.7&#8243; _module_preset=&#8220;default&#8220;][divi_wpfd_file_category category_id=&#8220;{%22categoryId%22:%2281%22,%22categoryPath%22:%22Technologick\u00e9 pokusy&#8212;Fungicidn\u00ed pokusy%22}&#8220; _builder_version=&#8220;4.9.0&#8243; _module_preset=&#8220;default&#8220; hover_enabled=&#8220;0&#8243; sticky_enabled=&#8220;0&#8243;][\/divi_wpfd_file_category][\/et_pb_column][\/et_pb_row][\/et_pb_section]<\/p>\n","protected":false},"excerpt":{"rendered":"<div class=\"et_pb_module divi_wpfd_file_category divi_wpfd_file_category_0\">\n\t\t\t\t\n\t\t\t\t\n\t\t\t\t\n\t\t\t\t\n\t\t\t\t\n\t\t\t\t\n\t\t\t\t<div class=\"et_pb_module_inner\">\n\t\t\t\t\t<div class=\"wpfd-content wpfd-content-default wpfd-content-category-normal wpfd-content-without-download-selected wpfd-content-multi\" data-category=\"81\"             style=\"display: none; background-color: rgba(255, 255, 255, 0);\"><input type=\"hidden\" id=\"current_category_81\" value=\"81\" \/>                    <input type=\"hidden\" id=\"current_category_slug_81\" value=\"fungicidni-pokusy\" \/>                    <input type=\"hidden\" id=\"current_ordering_81\" value=\"created_time\" \/>                    <input type=\"hidden\" id=\"current_ordering_direction_81\" value=\"desc\" \/>                    <input type=\"hidden\" id=\"page_limit_81\" value=\"10\" \/><input type=\"hidden\" id=\"wpfd_display_empty_category_message\" value=\"0\" \/><input type=\"hidden\" id=\"wpfd_empty_category_message_val\" value=\"This file category has no files to display\" \/><input type=\"hidden\" id=\"wpfd_display_empty_folder\" value=\"0\" \/><input type=\"hidden\" id=\"wpfd_is_empty_subcategories\" value=\"1\" \/><input type=\"hidden\" id=\"wpfd_is_empty_files\" value=\"1\" \/><input type=\"hidden\" id=\"wpfd_root_category_id\" class=\"wpfd_root_category_id\" value=\"81\" \/><input type=\"hidden\" id=\"wpfd_root_category_theme\" class=\"wpfd_root_category_theme\" value=\"default\" \/><input type=\"hidden\" id=\"wpfd_root_category_clone_theme_type\" class=\"wpfd_root_category_clone_theme_type\" value=\"none\" \/><input type=\"hidden\" id=\"wpfd_root_category_type\" class=\"wpfd_root_category_type\" value=\"81\" \/><input type=\"hidden\" id=\"wpfd_category_notify_file_changes\" class=\"wpfd_category_notify_file_changes\" value=\"0\" \/><input type=\"hidden\" id=\"wpfd_global_notify_file_changes\" class=\"wpfd_global_notify_file_changes\" value=\"0\" \/><input type=\"hidden\" id=\"wpfd_download_selected\" class=\"wpfd_download_selected\" value=\"0\" \/><input type=\"hidden\" id=\"wpfd_user_login\" class=\"wpfd_user_login\" value=\"0\" \/><div class=\"wpfd-content-header-section\"><div class=\"wpfd-header-btn-group\"><a class=\"wpfd-category-mail-subscribe-all\" href=\"#\" style=\"display: none\">Email Subscribe All<\/a><\/div><ul class=\"breadcrumbs wpfd-breadcrumbs-default head-category-default\">                            <li class=\"active\">Fungicidn\u00ed pokusy<\/li>                        <\/ul><\/div>    <script type=\"text\/x-handlebars-template\" class=\"wpfd-template-categories\">        <div class=\"wpfd-categories \">{{#if category}}{{#with category}}{{#if parent}}<a class=\"catlink backcategory\" href=\"#\" data-idcat=\"{{parent}}\">                        <i class=\"zmdi zmdi-chevron-left\"><\/i><span>Zp\u011bt<\/span><\/a>{{\/if}}{{\/with}}{{\/if}}{{#if category.desc}}<div class=\"wpfd-category-desc\">{{category.desc}}<\/div>{{\/if}}{{#if categories}}{{#each categories}}<a class=\"wpfdcategory catlink \" style=\"margin : 10px 10px 10px 10px;\" href=\"#\" data-idcat=\"{{termID}}\" title=\"{{name}}\">                                <span>{{name}}<\/span><i class=\"zmdi zmdi-folder wpfd-folder\" style=\"color: {{color}}\"><\/i>                            <\/a>{{\/each}}{{\/if}}<div class=\"wpfdcategory_placeholder\" style=\"margin : 0 10px 0 10px;\"><\/div><div class=\"wpfdcategory_placeholder\" style=\"margin : 0 10px 0 10px;\"><\/div><div class=\"wpfdcategory_placeholder\" style=\"margin : 0 10px 0 10px;\"><\/div><\/div>    <\/script>    <script type=\"text\/x-handlebars-template\" class=\"wpfd-template-files\">        {{#if files }}        <div class=\"wpfd_list\">            {{#each files}}            <div class=\"file {{ext}} {{new_file_marker_class}}\" style=\"display: none; margin : 10px 10px 10px 10px;\" data-id=\"{{ID}}\" data-catid=\"{{catid}}\" data-edit=\"{{edited}}\">                <input type=\"hidden\" class=\"wpfd_file_preview_link_download\" value=\"{{linkdownload}}\" data-filetitle=\"{{post_title}}\" data-fileicons=\"ext ext-{{ext}} wpfd-icon-set-png\" \/>                <div class=\"filecontent\">                    <div class=\"ext ext-{{ext}} wpfd-icon-set-png\"><span class=\"txt\">{{ext}}<\/span><\/div>                    <div class=\"file-xinfo\">                        {{#if description}}<div class=\"file-desc\">{{{description}}}<\/div>{{\/if}}                    <\/div>                <\/div>                <span class=\"file-right\">                    <a class=\"downloadlink wpfd_downloadlink\"  href=\"{{linkdownload}}\"  style=\"background-color:#76bc58;color:#ffffff;\" target=\"{{#if remote_file}}_blank{{\/if}}\">St\u00e1hnout<i class=\"zmdi zmdi-cloud-download wpfd-download\"><\/i><\/a>{{#if openpdflink}}<a class=\"openlink wpfd_previewlink\" href=\"{{openpdflink}}\"  target=\"_blank\">N\u00e1hled                            <i class=\"zmdi zmdi-filter-center-focus wpfd-preview\"><\/i>                        <\/a>{{else}}{{#if viewerlink}}<a                            href=\"{{viewerlink}}\"                                                        class=\"openlink wpfd_previewlink\"                            target=\"_blank\"                            data-id=\"{{ID}}\"                            data-catid=\"{{catid}}\"                            data-file-type=\"{{ext}}\">N\u00e1hled<i class=\"zmdi zmdi-filter-center-focus wpfd-preview\"><\/i>                        <\/a>{{\/if}}{{\/if}}                <\/span>            <\/div>            {{\/each}}            <div class=\"file flex_span\" style=\"margin : 10px 10px 10px 10px;\"><\/div>        <\/div>        {{\/if}}    <\/script>    <div class=\"wpfd-container show_breadcrumb show_subcategories folder-tree-left\">        <div class=\"wpfd-foldertree wpfd-foldertree-default foldertree-hide\"><\/div>        <div class=\"wpfd-open-tree\"><\/div>        <div class=\"wpfd-container-default  with_foldertree\">            <div class=\"wpfd-categories \"><div class=\"wpfd-category-desc\"><\/div><\/div>                            <div class=\"wpfd_list\">                                                                                                    <div class=\"file pdf\"                                 style=\"margin : 10px 10px 10px 10px;\"                                 data-id=\"1311\"                                 data-catid=\"81\"                                 data-edit=\"0\">                                                                <input type=\"hidden\" class=\"wpfd_file_preview_link_download\" value=\"https:\/\/www.spzo.cz\/wp-admin\/admin-ajax.php?juwpfisadmin=false&amp;action=wpfd&amp;task=file.download&amp;wpfd_category_id=81&amp;wpfd_file_id=1311\"                                       data-filetitle=\"ZZ_technologie 2019\" data-fileicons=\"ext ext-pdf wpfd-icon-set-png\" \/>                                <div class=\"filecontent\">                                    <div class=\"ext ext-pdf wpfd-icon-set-png\"><span class=\"txt\">pdf<\/span><\/div>                                    <div class=\"file-xinfo\">                                        <div class=\"file-desc\">V\u00ddRO\u010cN\u00cd ZPR\u00c1VAV\u00ddSLEDKY POKUS\u016e SPZOFungicidn\u00ed o\u0161et\u0159en\u00ed ozim\u00e9 \u0159epky v roce 2018\/2019<\/div>                                    <\/div>                                <\/div>                                <div class=\"file-right\">                                    <a class=\"downloadlink wpfd_downloadlink\"  href=\"https:\/\/www.spzo.cz\/wp-admin\/admin-ajax.php?juwpfisadmin=false&#038;action=wpfd&#038;task=file.download&#038;wpfd_category_id=81&#038;wpfd_file_id=1311\"  style=\"background-color:#76bc58;color:#ffffff;\" target=\"\">St\u00e1hnout<i class=\"zmdi zmdi-cloud-download wpfd-download\"><\/i><\/a><a                            href=\"https:\/\/docs.google.com\/viewer?url=https%3A%2F%2Fwww.spzo.cz%2Fwp-admin%2Fadmin-ajax.php%3Fjuwpfisadmin%3Dfalse%26action%3Dwpfd%26task%3Dfile.download%26wpfd_category_id%3D81%26wpfd_file_id%3D1311%26token%3D%26preview%3D1&#038;embedded=true\"                                                        class=\"openlink wpfd_previewlink\"                            target=\"_blank\"                            data-id=\"1311\"                            data-catid=\"81\"                            data-file-type=\"pdf\">N\u00e1hled<i class=\"zmdi zmdi-filter-center-focus wpfd-preview\"><\/i>                        <\/a>                                <\/div>                            <\/div>                                                                                                                            <div class=\"file pdf\"                                 style=\"margin : 10px 10px 10px 10px;\"                                 data-id=\"1309\"                                 data-catid=\"81\"                                 data-edit=\"0\">                                                                <input type=\"hidden\" class=\"wpfd_file_preview_link_download\" value=\"https:\/\/www.spzo.cz\/wp-admin\/admin-ajax.php?juwpfisadmin=false&amp;action=wpfd&amp;task=file.download&amp;wpfd_category_id=81&amp;wpfd_file_id=1309\"                                       data-filetitle=\"ZZ_technologie 2018\" data-fileicons=\"ext ext-pdf wpfd-icon-set-png\" \/>                                <div class=\"filecontent\">                                    <div class=\"ext ext-pdf wpfd-icon-set-png\"><span class=\"txt\">pdf<\/span><\/div>                                    <div class=\"file-xinfo\">                                        <div class=\"file-desc\">V\u00ddSLEDKY POKUS\u016e SPZOFungicidn\u00ed o\u0161et\u0159en\u00ed ozim\u00e9 \u0159epky v roce 2017\/2018<\/div>                                    <\/div>                                <\/div>                                <div class=\"file-right\">                                    <a class=\"downloadlink wpfd_downloadlink\"  href=\"https:\/\/www.spzo.cz\/wp-admin\/admin-ajax.php?juwpfisadmin=false&#038;action=wpfd&#038;task=file.download&#038;wpfd_category_id=81&#038;wpfd_file_id=1309\"  style=\"background-color:#76bc58;color:#ffffff;\" target=\"\">St\u00e1hnout<i class=\"zmdi zmdi-cloud-download wpfd-download\"><\/i><\/a><a                            href=\"https:\/\/docs.google.com\/viewer?url=https%3A%2F%2Fwww.spzo.cz%2Fwp-admin%2Fadmin-ajax.php%3Fjuwpfisadmin%3Dfalse%26action%3Dwpfd%26task%3Dfile.download%26wpfd_category_id%3D81%26wpfd_file_id%3D1309%26token%3D%26preview%3D1&#038;embedded=true\"                                                        class=\"openlink wpfd_previewlink\"                            target=\"_blank\"                            data-id=\"1309\"                            data-catid=\"81\"                            data-file-type=\"pdf\">N\u00e1hled<i class=\"zmdi zmdi-filter-center-focus wpfd-preview\"><\/i>                        <\/a>                                <\/div>                            <\/div>                                                                                                                            <div class=\"file pdf\"                                 style=\"margin : 10px 10px 10px 10px;\"                                 data-id=\"1310\"                                 data-catid=\"81\"                                 data-edit=\"0\">                                                                <input type=\"hidden\" class=\"wpfd_file_preview_link_download\" value=\"https:\/\/www.spzo.cz\/wp-admin\/admin-ajax.php?juwpfisadmin=false&amp;action=wpfd&amp;task=file.download&amp;wpfd_category_id=81&amp;wpfd_file_id=1310\"                                       data-filetitle=\"ZZ_technologie 2020\" data-fileicons=\"ext ext-pdf wpfd-icon-set-png\" \/>                                <div class=\"filecontent\">                                    <div class=\"ext ext-pdf wpfd-icon-set-png\"><span class=\"txt\">pdf<\/span><\/div>                                    <div class=\"file-xinfo\">                                        <div class=\"file-desc\">V\u00ddRO\u010cN\u00cd ZPR\u00c1VAV\u00ddSLEDKY POKUS\u016e SPZOFungicidn\u00ed o\u0161et\u0159en\u00ed ozim\u00e9 \u0159epky v roce 2019\/2020<\/div>                                    <\/div>                                <\/div>                                <div class=\"file-right\">                                    <a class=\"downloadlink wpfd_downloadlink\"  href=\"https:\/\/www.spzo.cz\/wp-admin\/admin-ajax.php?juwpfisadmin=false&#038;action=wpfd&#038;task=file.download&#038;wpfd_category_id=81&#038;wpfd_file_id=1310\"  style=\"background-color:#76bc58;color:#ffffff;\" target=\"\">St\u00e1hnout<i class=\"zmdi zmdi-cloud-download wpfd-download\"><\/i><\/a><a                            href=\"https:\/\/docs.google.com\/viewer?url=https%3A%2F%2Fwww.spzo.cz%2Fwp-admin%2Fadmin-ajax.php%3Fjuwpfisadmin%3Dfalse%26action%3Dwpfd%26task%3Dfile.download%26wpfd_category_id%3D81%26wpfd_file_id%3D1310%26token%3D%26preview%3D1&#038;embedded=true\"                                                        class=\"openlink wpfd_previewlink\"                            target=\"_blank\"                            data-id=\"1310\"                            data-catid=\"81\"                            data-file-type=\"pdf\">N\u00e1hled<i class=\"zmdi zmdi-filter-center-focus wpfd-preview\"><\/i>                        <\/a>                                <\/div>                            <\/div>                                                                <div class=\"file flex_span\" style=\"margin : 10px 10px 10px 10px;\"><\/div>                <\/div>                                <\/div>    <\/div><\/div>\n\t\t\t\t<\/div>\n\t\t\t<\/div>\n","protected":false},"author":1,"featured_media":0,"parent":0,"menu_order":0,"comment_status":"closed","ping_status":"closed","template":"","meta":{"_et_pb_use_builder":"on","_et_pb_old_content":"","_et_gb_content_width":"","footnotes":""},"class_list":["post-1453","page","type-page","status-publish","hentry"],"_links":{"self":[{"href":"https:\/\/www.spzo.cz\/index.php?rest_route=\/wp\/v2\/pages\/1453","targetHints":{"allow":["GET"]}}],"collection":[{"href":"https:\/\/www.spzo.cz\/index.php?rest_route=\/wp\/v2\/pages"}],"about":[{"href":"https:\/\/www.spzo.cz\/index.php?rest_route=\/wp\/v2\/types\/page"}],"author":[{"embeddable":true,"href":"https:\/\/www.spzo.cz\/index.php?rest_route=\/wp\/v2\/users\/1"}],"replies":[{"embeddable":true,"href":"https:\/\/www.spzo.cz\/index.php?rest_route=%2Fwp%2Fv2%2Fcomments&post=1453"}],"version-history":[{"count":2,"href":"https:\/\/www.spzo.cz\/index.php?rest_route=\/wp\/v2\/pages\/1453\/revisions"}],"predecessor-version":[{"id":1455,"href":"https:\/\/www.spzo.cz\/index.php?rest_route=\/wp\/v2\/pages\/1453\/revisions\/1455"}],"wp:attachment":[{"href":"https:\/\/www.spzo.cz\/index.php?rest_route=%2Fwp%2Fv2%2Fmedia&parent=1453"}],"curies":[{"name":"wp","href":"https:\/\/api.w.org\/{rel}","templated":true}]}}