{"id":1720,"date":"2021-05-19T14:12:54","date_gmt":"2021-05-19T12:12:54","guid":{"rendered":"https:\/\/www.spzo.cz\/?page_id=1720"},"modified":"2021-05-21T13:19:51","modified_gmt":"2021-05-21T11:19:51","slug":"videoseminare-2021","status":"publish","type":"page","link":"https:\/\/www.spzo.cz\/?page_id=1720","title":{"rendered":"Videosemin\u00e1\u0159e 2021"},"content":{"rendered":"<p>[et_pb_section fb_built=&#8220;1&#8243; fullwidth=&#8220;on&#8220; _builder_version=&#8220;4.5.0&#8243; _module_preset=&#8220;default&#8220;][et_pb_fullwidth_image src=&#8220;https:\/\/www.spzo.cz\/wp-content\/uploads\/2020\/07\/zluty-pruh-uzsi.jpg&#8220; alt=&#8220;\u017elut\u00fd pruh&#8220; title_text=&#8220;zluty-pruh-uzsi&#8220; _builder_version=&#8220;4.8.1&#8243; _module_preset=&#8220;default&#8220; animation_style=&#8220;slide&#8220;][\/et_pb_fullwidth_image][\/et_pb_section][et_pb_section fb_built=&#8220;1&#8243; _builder_version=&#8220;4.7.7&#8243; _module_preset=&#8220;default&#8220; background_color=&#8220;#ffefd1&#8243;][et_pb_row column_structure=&#8220;3_5,2_5&#8243; _builder_version=&#8220;4.7.7&#8243; _module_preset=&#8220;default&#8220; background_color=&#8220;#ffefd1&#8243;][et_pb_column type=&#8220;3_5&#8243; _builder_version=&#8220;4.7.7&#8243; _module_preset=&#8220;default&#8220;][et_pb_text _builder_version=&#8220;4.7.7&#8243; _module_preset=&#8220;default&#8220;]<\/p>\n<h2><strong>Videosemin\u00e1\u0159e SPZO 2021<\/strong><\/h2>\n<p>&nbsp;<\/p>\n<p><strong>1) <a href=\"https:\/\/youtu.be\/PPBvHo7JajQ\">Videosemin\u00e1\u0159 na TV Zem\u011bd\u011blec<\/a><br \/><\/strong><\/p>\n<p><strong>2) <a href=\"https:\/\/youtu.be\/hA1pTStF6AY\">Poln\u00ed k\u00e1zan\u00ed 2021 &#8211; \u00favodn\u00ed video<\/a><\/strong><\/p>\n<p><strong>3) <a href=\"https:\/\/youtu.be\/tgk1u3u3cVY\">Charakteristika odr\u016fd &#8211; video pro sortiment A<\/a><\/strong><\/p>\n<p><strong>4)<\/strong> <a href=\"https:\/\/youtu.be\/4HISgRHRqdY\"><strong>Charakteristika odr\u016fd &#8211; video pro sortiment B<\/strong><\/a><\/p>\n<p><strong><\/strong><\/p>\n<p>[\/et_pb_text][\/et_pb_column][et_pb_column type=&#8220;2_5&#8243; _builder_version=&#8220;4.7.7&#8243; _module_preset=&#8220;default&#8220;][et_pb_image src=&#8220;https:\/\/www.spzo.cz\/wp-content\/uploads\/2021\/01\/videoseminare-3.jpg&#8220; title_text=&#8220;Videoseminare 3&#8243; _builder_version=&#8220;4.8.1&#8243; _module_preset=&#8220;default&#8220; animation_style=&#8220;slide&#8220; animation_direction=&#8220;right&#8220;][\/et_pb_image][et_pb_image src=&#8220;https:\/\/www.spzo.cz\/wp-content\/uploads\/2021\/01\/videoseminare-2.jpg&#8220; title_text=&#8220;Videoseminare 2&#8243; _builder_version=&#8220;4.8.1&#8243; _module_preset=&#8220;default&#8220; animation_style=&#8220;slide&#8220; animation_direction=&#8220;right&#8220;][\/et_pb_image][et_pb_image src=&#8220;https:\/\/www.spzo.cz\/wp-content\/uploads\/2021\/01\/videoseminare-4.jpg&#8220; title_text=&#8220;Videoseminare 4&#8243; _builder_version=&#8220;4.8.1&#8243; _module_preset=&#8220;default&#8220; animation_style=&#8220;slide&#8220; animation_direction=&#8220;right&#8220;][\/et_pb_image][\/et_pb_column][\/et_pb_row][\/et_pb_section]<\/p>\n","protected":false},"excerpt":{"rendered":"<p>Videosemin\u00e1\u0159e SPZO 2021 &nbsp; 1) Videosemin\u00e1\u0159 na TV Zem\u011bd\u011blec 2) Poln\u00ed k\u00e1zan\u00ed 2021 &#8211; \u00favodn\u00ed video 3) Charakteristika odr\u016fd &#8211; video pro sortiment A 4) Charakteristika odr\u016fd &#8211; video pro sortiment B<\/p>\n","protected":false},"author":1,"featured_media":0,"parent":33,"menu_order":0,"comment_status":"closed","ping_status":"closed","template":"","meta":{"_et_pb_use_builder":"on","_et_pb_old_content":"","_et_gb_content_width":"","footnotes":""},"class_list":["post-1720","page","type-page","status-publish","hentry"],"_links":{"self":[{"href":"https:\/\/www.spzo.cz\/index.php?rest_route=\/wp\/v2\/pages\/1720","targetHints":{"allow":["GET"]}}],"collection":[{"href":"https:\/\/www.spzo.cz\/index.php?rest_route=\/wp\/v2\/pages"}],"about":[{"href":"https:\/\/www.spzo.cz\/index.php?rest_route=\/wp\/v2\/types\/page"}],"author":[{"embeddable":true,"href":"https:\/\/www.spzo.cz\/index.php?rest_route=\/wp\/v2\/users\/1"}],"replies":[{"embeddable":true,"href":"https:\/\/www.spzo.cz\/index.php?rest_route=%2Fwp%2Fv2%2Fcomments&post=1720"}],"version-history":[{"count":3,"href":"https:\/\/www.spzo.cz\/index.php?rest_route=\/wp\/v2\/pages\/1720\/revisions"}],"predecessor-version":[{"id":1727,"href":"https:\/\/www.spzo.cz\/index.php?rest_route=\/wp\/v2\/pages\/1720\/revisions\/1727"}],"up":[{"embeddable":true,"href":"https:\/\/www.spzo.cz\/index.php?rest_route=\/wp\/v2\/pages\/33"}],"wp:attachment":[{"href":"https:\/\/www.spzo.cz\/index.php?rest_route=%2Fwp%2Fv2%2Fmedia&parent=1720"}],"curies":[{"name":"wp","href":"https:\/\/api.w.org\/{rel}","templated":true}]}}