{"id":2149,"date":"2021-11-26T08:55:20","date_gmt":"2021-11-26T07:55:20","guid":{"rendered":"https:\/\/www.spzo.cz\/?page_id=2149"},"modified":"2021-11-26T09:06:52","modified_gmt":"2021-11-26T08:06:52","slug":"hluk-2021","status":"publish","type":"page","link":"https:\/\/www.spzo.cz\/?page_id=2149","title":{"rendered":"Hluk 2021"},"content":{"rendered":"<p>[et_pb_section fb_built=&#8220;1&#8243; fullwidth=&#8220;on&#8220; _builder_version=&#8220;4.5.0&#8243; _module_preset=&#8220;default&#8220; global_colors_info=&#8220;{}&#8220;][et_pb_fullwidth_image src=&#8220;https:\/\/www.spzo.cz\/wp-content\/uploads\/2020\/07\/zluty-pruh-uzsi.jpg&#8220; alt=&#8220;\u017elut\u00fd pruh&#8220; title_text=&#8220;zluty-pruh-uzsi&#8220; _builder_version=&#8220;4.8.1&#8243; _module_preset=&#8220;default&#8220; animation_style=&#8220;slide&#8220; global_colors_info=&#8220;{}&#8220;][\/et_pb_fullwidth_image][\/et_pb_section][et_pb_section fb_built=&#8220;1&#8243; _builder_version=&#8220;4.12.0&#8243; _module_preset=&#8220;default&#8220; background_color=&#8220;#ffefd1&#8243; global_colors_info=&#8220;{}&#8220; custom_padding=&#8220;9px|||||&#8220;][et_pb_row _builder_version=&#8220;4.12.0&#8243; _module_preset=&#8220;default&#8220; custom_padding=&#8220;||0px|||&#8220; global_colors_info=&#8220;{}&#8220;][et_pb_column type=&#8220;4_4&#8243; _builder_version=&#8220;4.12.0&#8243; _module_preset=&#8220;default&#8220; global_colors_info=&#8220;{}&#8220;][et_pb_text _builder_version=&#8220;4.12.0&#8243; _module_preset=&#8220;default&#8220; custom_padding=&#8220;||0px|||&#8220; global_colors_info=&#8220;{}&#8220;]<\/p>\n<h2><strong>HLUK 2021<\/strong><\/h2>\n<p><strong>Videop\u0159edn\u00e1\u0161ky (pro p\u0159ehr\u00e1n\u00ed klikn\u011bte na zvolen\u00fd n\u00e1zev p\u0159edn\u00e1\u0161ky):<\/strong>\u00a0<\/p>\n<p>[\/et_pb_text][\/et_pb_column][\/et_pb_row][et_pb_row column_structure=&#8220;1_5,1_5,1_5,1_5,1_5&#8243; _builder_version=&#8220;4.12.0&#8243; _module_preset=&#8220;default&#8220; custom_padding=&#8220;6px||7px|||&#8220; global_colors_info=&#8220;{}&#8220;][et_pb_column type=&#8220;1_5&#8243; _builder_version=&#8220;4.12.0&#8243; _module_preset=&#8220;default&#8220; global_colors_info=&#8220;{}&#8220;][et_pb_blurb title=&#8220;Ing. Zeman \u2013 v\u00fdsledky p\u011bstov\u00e1n\u00ed&#8220; url=&#8220;https:\/\/youtu.be\/xj7rpcEwfG8&#8243; image=&#8220;https:\/\/www.spzo.cz\/wp-content\/uploads\/2021\/11\/tlacitko-media-zeman.png&#8220; _builder_version=&#8220;4.12.0&#8243; _module_preset=&#8220;default&#8220; header_level=&#8220;h6&#8243; header_font=&#8220;|700|||||||&#8220; header_text_align=&#8220;center&#8220; header_text_color=&#8220;#338716&#8243; hover_enabled=&#8220;0&#8243; global_colors_info=&#8220;{}&#8220; sticky_enabled=&#8220;0&#8243;][\/et_pb_blurb][\/et_pb_column][et_pb_column type=&#8220;1_5&#8243; _builder_version=&#8220;4.12.0&#8243; _module_preset=&#8220;default&#8220; global_colors_info=&#8220;{}&#8220;][et_pb_blurb title=&#8220;Ing. Hnili\u010dka \u2013 fungicidn\u00ed pokusy&#8220; url=&#8220;https:\/\/youtu.be\/mVZVdG5ZPkE&#8220; image=&#8220;https:\/\/www.spzo.cz\/wp-content\/uploads\/2021\/11\/tlacitko-media-hnilicka.png&#8220; _builder_version=&#8220;4.12.0&#8243; _module_preset=&#8220;default&#8220; header_level=&#8220;h6&#8243; header_font=&#8220;|700|||||||&#8220; header_text_align=&#8220;center&#8220; header_text_color=&#8220;#338716&#8243; hover_enabled=&#8220;0&#8243; global_colors_info=&#8220;{}&#8220; sticky_enabled=&#8220;0&#8243;][\/et_pb_blurb][\/et_pb_column][et_pb_column type=&#8220;1_5&#8243; _builder_version=&#8220;4.12.0&#8243; _module_preset=&#8220;default&#8220; global_colors_info=&#8220;{}&#8220;][et_pb_blurb title=&#8220;doc. Baranyk \u2013 odr\u016fdov\u00e9 pokusy&#8220; url=&#8220;https:\/\/youtu.be\/JHAOdqkFZog&#8220; image=&#8220;https:\/\/www.spzo.cz\/wp-content\/uploads\/2021\/11\/tlacitko-media-baranyk.png&#8220; _builder_version=&#8220;4.12.0&#8243; _module_preset=&#8220;default&#8220; header_level=&#8220;h6&#8243; header_font=&#8220;|700|||||||&#8220; header_text_align=&#8220;center&#8220; header_text_color=&#8220;#338716&#8243; global_colors_info=&#8220;{}&#8220;][\/et_pb_blurb][\/et_pb_column][et_pb_column type=&#8220;1_5&#8243; _builder_version=&#8220;4.12.0&#8243; _module_preset=&#8220;default&#8220; global_colors_info=&#8220;{}&#8220;][et_pb_blurb title=&#8220;doc. Kazda \u2013 \u0161k\u016fdci a choroby&#8220; url=&#8220;https:\/\/youtu.be\/a27k4CRGlEg&#8220; image=&#8220;https:\/\/www.spzo.cz\/wp-content\/uploads\/2021\/11\/tlacitko-media-kazda.png&#8220; _builder_version=&#8220;4.12.0&#8243; _module_preset=&#8220;default&#8220; header_level=&#8220;h6&#8243; header_font=&#8220;|700|||||||&#8220; header_text_align=&#8220;center&#8220; header_text_color=&#8220;#338716&#8243; global_colors_info=&#8220;{}&#8220;][\/et_pb_blurb][\/et_pb_column][et_pb_column type=&#8220;1_5&#8243; _builder_version=&#8220;4.12.0&#8243; _module_preset=&#8220;default&#8220; global_colors_info=&#8220;{}&#8220;][et_pb_blurb title=&#8220;doc. Jurs\u00edk \u2013 regulace plevel\u016f&#8220; url=&#8220;https:\/\/youtu.be\/3wbj9uuNpbk&#8220; image=&#8220;https:\/\/www.spzo.cz\/wp-content\/uploads\/2021\/11\/tlacitko-media-jursik.png&#8220; _builder_version=&#8220;4.12.0&#8243; _module_preset=&#8220;default&#8220; header_level=&#8220;h6&#8243; header_font=&#8220;|700|||||||&#8220; header_text_align=&#8220;center&#8220; header_text_color=&#8220;#338716&#8243; global_colors_info=&#8220;{}&#8220;][\/et_pb_blurb][\/et_pb_column][\/et_pb_row][et_pb_row column_structure=&#8220;1_5,1_5,1_5,1_5,1_5&#8243; _builder_version=&#8220;4.12.0&#8243; _module_preset=&#8220;default&#8220; custom_padding=&#8220;||2px|||&#8220; global_colors_info=&#8220;{}&#8220;][et_pb_column type=&#8220;1_5&#8243; _builder_version=&#8220;4.12.0&#8243; _module_preset=&#8220;default&#8220; global_colors_info=&#8220;{}&#8220;][et_pb_blurb title=&#8220;Ing. \u010cern\u00fd \u2013 hnojen\u00ed \u0159epky&#8220; url=&#8220;https:\/\/youtu.be\/jwa-kujxRA0&#8243; image=&#8220;https:\/\/www.spzo.cz\/wp-content\/uploads\/2021\/11\/tlacitko-media-cerny.png&#8220; _builder_version=&#8220;4.12.0&#8243; _module_preset=&#8220;default&#8220; header_level=&#8220;h6&#8243; header_font=&#8220;|700|||||||&#8220; header_text_align=&#8220;center&#8220; header_text_color=&#8220;#338716&#8243; global_colors_info=&#8220;{}&#8220;][\/et_pb_blurb][\/et_pb_column][et_pb_column type=&#8220;1_5&#8243; _builder_version=&#8220;4.12.0&#8243; _module_preset=&#8220;default&#8220; global_colors_info=&#8220;{}&#8220;][et_pb_blurb title=&#8220;Ing. Volf \u2013 marketing olejnin&#8220; url=&#8220;https:\/\/youtu.be\/K4r-CPBrd9k&#8220; image=&#8220;https:\/\/www.spzo.cz\/wp-content\/uploads\/2021\/11\/tlacitko-media-wolf.png&#8220; _builder_version=&#8220;4.12.0&#8243; _module_preset=&#8220;default&#8220; header_level=&#8220;h6&#8243; header_font=&#8220;|700|||||||&#8220; header_text_align=&#8220;center&#8220; header_text_color=&#8220;#338716&#8243; global_colors_info=&#8220;{}&#8220;][\/et_pb_blurb][\/et_pb_column][et_pb_column type=&#8220;1_5&#8243; _builder_version=&#8220;4.12.0&#8243; _module_preset=&#8220;default&#8220; global_colors_info=&#8220;{}&#8220;][et_pb_blurb title=&#8220;Ing. R\u016f\u017eek \u2013 hnojen\u00ed N&#8220; url=&#8220;https:\/\/youtu.be\/RvCS4eYJ0DI&#8220; image=&#8220;https:\/\/www.spzo.cz\/wp-content\/uploads\/2021\/11\/tlacitko-media-ruzek.png&#8220; _builder_version=&#8220;4.12.0&#8243; _module_preset=&#8220;default&#8220; header_level=&#8220;h6&#8243; header_font=&#8220;|700|||||||&#8220; header_text_align=&#8220;center&#8220; header_text_color=&#8220;#338716&#8243; global_colors_info=&#8220;{}&#8220;][\/et_pb_blurb][\/et_pb_column][et_pb_column type=&#8220;1_5&#8243; _builder_version=&#8220;4.12.0&#8243; _module_preset=&#8220;default&#8220; global_colors_info=&#8220;{}&#8220;][et_pb_blurb title=&#8220;Ing. Seidenglanz \u2013 rezistence \u0161k\u016fdc\u016f&#8220; url=&#8220;https:\/\/youtu.be\/TeGH_91Pu5g&#8220; image=&#8220;https:\/\/www.spzo.cz\/wp-content\/uploads\/2021\/11\/tlacitko-media-Seidenglanz.png&#8220; _builder_version=&#8220;4.12.0&#8243; _module_preset=&#8220;default&#8220; header_level=&#8220;h6&#8243; header_font=&#8220;|700|||||||&#8220; header_text_align=&#8220;center&#8220; header_text_color=&#8220;#338716&#8243; global_colors_info=&#8220;{}&#8220;][\/et_pb_blurb][\/et_pb_column][et_pb_column type=&#8220;1_5&#8243; _builder_version=&#8220;4.12.0&#8243; _module_preset=&#8220;default&#8220; global_colors_info=&#8220;{}&#8220;][et_pb_blurb title=&#8220;Ing. Hrdina \u2013 stav porost\u016f&#8220; url=&#8220;https:\/\/youtu.be\/97KXc7ODYkc&#8220; image=&#8220;https:\/\/www.spzo.cz\/wp-content\/uploads\/2021\/11\/tlacitko-media-hrdina.png&#8220; _builder_version=&#8220;4.12.0&#8243; _module_preset=&#8220;default&#8220; header_level=&#8220;h6&#8243; header_font=&#8220;|700|||||||&#8220; header_text_align=&#8220;center&#8220; header_text_color=&#8220;#338716&#8243; global_colors_info=&#8220;{}&#8220;][\/et_pb_blurb][\/et_pb_column][\/et_pb_row][et_pb_row column_structure=&#8220;1_5,1_5,1_5,1_5,1_5&#8243; _builder_version=&#8220;4.12.0&#8243; _module_preset=&#8220;default&#8220; custom_padding=&#8220;||8px|||&#8220; global_colors_info=&#8220;{}&#8220;][et_pb_column type=&#8220;1_5&#8243; _builder_version=&#8220;4.12.0&#8243; _module_preset=&#8220;default&#8220; global_colors_info=&#8220;{}&#8220;][et_pb_blurb title=&#8220;Ing. M\u00e1lek \u2013 slune\u010dnice&#8220; url=&#8220;https:\/\/youtu.be\/ghNynHYdkVI&#8220; image=&#8220;https:\/\/www.spzo.cz\/wp-content\/uploads\/2021\/11\/tlacitko-media-malek.png&#8220; _builder_version=&#8220;4.12.0&#8243; _module_preset=&#8220;default&#8220; header_level=&#8220;h6&#8243; header_font=&#8220;|700|||||||&#8220; header_text_align=&#8220;center&#8220; header_text_color=&#8220;#338716&#8243; global_colors_info=&#8220;{}&#8220;][\/et_pb_blurb][\/et_pb_column][et_pb_column type=&#8220;1_5&#8243; _builder_version=&#8220;4.12.0&#8243; _module_preset=&#8220;default&#8220; global_colors_info=&#8220;{}&#8220;][et_pb_blurb title=&#8220;Ing. Pomikala \u2013 \u0159epka SK&#8220; url=&#8220;https:\/\/youtu.be\/zAx375N94YU&#8220; image=&#8220;https:\/\/www.spzo.cz\/wp-content\/uploads\/2021\/11\/tlacitko-media-pomikala.png&#8220; _builder_version=&#8220;4.12.0&#8243; _module_preset=&#8220;default&#8220; header_level=&#8220;h6&#8243; header_font=&#8220;|700|||||||&#8220; header_text_align=&#8220;center&#8220; header_text_color=&#8220;#338716&#8243; global_colors_info=&#8220;{}&#8220;][\/et_pb_blurb][\/et_pb_column][et_pb_column type=&#8220;1_5&#8243; _builder_version=&#8220;4.12.0&#8243; _module_preset=&#8220;default&#8220; global_colors_info=&#8220;{}&#8220;][et_pb_blurb title=&#8220;doc. Br\u00e1t \u2013 Tuky v potravin\u00e1ch&#8220; url=&#8220;https:\/\/youtu.be\/3au-ONGqkAk&#8220; image=&#8220;https:\/\/www.spzo.cz\/wp-content\/uploads\/2021\/11\/tlacitko-media-brat.png&#8220; _builder_version=&#8220;4.12.0&#8243; _module_preset=&#8220;default&#8220; header_level=&#8220;h6&#8243; header_font=&#8220;|700|||||||&#8220; header_text_align=&#8220;center&#8220; header_text_color=&#8220;#338716&#8243; global_colors_info=&#8220;{}&#8220;][\/et_pb_blurb][\/et_pb_column][et_pb_column type=&#8220;1_5&#8243; _builder_version=&#8220;4.12.0&#8243; _module_preset=&#8220;default&#8220; global_colors_info=&#8220;{}&#8220;][et_pb_blurb title=&#8220;Ing. Zehn\u00e1lek \u2013 pokusy SDO&#8220; url=&#8220;https:\/\/youtu.be\/cZJ55Acqol8&#8243; image=&#8220;https:\/\/www.spzo.cz\/wp-content\/uploads\/2021\/11\/tlacitko-media-zehnalek.png&#8220; _builder_version=&#8220;4.12.0&#8243; _module_preset=&#8220;default&#8220; header_level=&#8220;h6&#8243; header_font=&#8220;|700|||||||&#8220; header_text_align=&#8220;center&#8220; header_text_color=&#8220;#338716&#8243; global_colors_info=&#8220;{}&#8220;][\/et_pb_blurb][\/et_pb_column][et_pb_column type=&#8220;1_5&#8243; _builder_version=&#8220;4.12.0&#8243; _module_preset=&#8220;default&#8220; global_colors_info=&#8220;{}&#8220;][\/et_pb_column][\/et_pb_row][\/et_pb_section]<\/p>\n","protected":false},"excerpt":{"rendered":"<p>HLUK 2021 Videop\u0159edn\u00e1\u0161ky (pro p\u0159ehr\u00e1n\u00ed klikn\u011bte na zvolen\u00fd n\u00e1zev p\u0159edn\u00e1\u0161ky):\u00a0<\/p>\n","protected":false},"author":1,"featured_media":0,"parent":0,"menu_order":0,"comment_status":"closed","ping_status":"closed","template":"","meta":{"_et_pb_use_builder":"on","_et_pb_old_content":"","_et_gb_content_width":"","footnotes":""},"class_list":["post-2149","page","type-page","status-publish","hentry"],"_links":{"self":[{"href":"https:\/\/www.spzo.cz\/index.php?rest_route=\/wp\/v2\/pages\/2149","targetHints":{"allow":["GET"]}}],"collection":[{"href":"https:\/\/www.spzo.cz\/index.php?rest_route=\/wp\/v2\/pages"}],"about":[{"href":"https:\/\/www.spzo.cz\/index.php?rest_route=\/wp\/v2\/types\/page"}],"author":[{"embeddable":true,"href":"https:\/\/www.spzo.cz\/index.php?rest_route=\/wp\/v2\/users\/1"}],"replies":[{"embeddable":true,"href":"https:\/\/www.spzo.cz\/index.php?rest_route=%2Fwp%2Fv2%2Fcomments&post=2149"}],"version-history":[{"count":5,"href":"https:\/\/www.spzo.cz\/index.php?rest_route=\/wp\/v2\/pages\/2149\/revisions"}],"predecessor-version":[{"id":2158,"href":"https:\/\/www.spzo.cz\/index.php?rest_route=\/wp\/v2\/pages\/2149\/revisions\/2158"}],"wp:attachment":[{"href":"https:\/\/www.spzo.cz\/index.php?rest_route=%2Fwp%2Fv2%2Fmedia&parent=2149"}],"curies":[{"name":"wp","href":"https:\/\/api.w.org\/{rel}","templated":true}]}}