{"id":3216,"date":"2023-10-11T16:45:31","date_gmt":"2023-10-11T14:45:31","guid":{"rendered":"https:\/\/www.spzo.cz\/?page_id=3216"},"modified":"2023-11-20T14:24:15","modified_gmt":"2023-11-20T13:24:15","slug":"hluk-2023","status":"publish","type":"page","link":"https:\/\/www.spzo.cz\/?page_id=3216","title":{"rendered":"Hluk 2023"},"content":{"rendered":"<p>[et_pb_section fb_built=&#8220;1&#8243; _builder_version=&#8220;4.18.0&#8243; _module_preset=&#8220;default&#8220; custom_padding=&#8220;5px||5px|||&#8220; global_colors_info=&#8220;{}&#8220;][et_pb_row _builder_version=&#8220;4.18.0&#8243; _module_preset=&#8220;default&#8220; custom_padding=&#8220;3px|||||&#8220; global_colors_info=&#8220;{}&#8220;][et_pb_column type=&#8220;4_4&#8243; _builder_version=&#8220;4.18.0&#8243; _module_preset=&#8220;default&#8220; global_colors_info=&#8220;{}&#8220;][et_pb_image src=&#8220;https:\/\/www.spzo.cz\/wp-content\/uploads\/2023\/10\/pozvanka-hluk-23.jpg&#8220; title_text=&#8220;Pozvanka Hluk 23&#8243; _builder_version=&#8220;4.22.0&#8243; _module_preset=&#8220;default&#8220; global_colors_info=&#8220;{}&#8220;][\/et_pb_image][et_pb_text _builder_version=&#8220;4.18.0&#8243; _module_preset=&#8220;default&#8220; global_colors_info=&#8220;{}&#8220;]<\/p>\n<h3 style=\"text-align: center;\"><strong><span style=\"color: #008000;\">XXXX. vyhodnocovac\u00ed semin\u00e1\u0159 <\/span><\/strong><\/h3>\n<h2 style=\"text-align: center;\"><strong><span style=\"color: #008000;\">SYST\u00c9M V\u00ddROBY \u0158EPKY <\/span><\/strong><\/h2>\n<h3 style=\"text-align: center;\"><strong><span style=\"color: #008000;\">spojen\u00fd se samostatn\u00fdm jedn\u00e1n\u00edm <\/span><\/strong><\/h3>\n<h2 style=\"text-align: center;\"><strong><span style=\"color: #008000;\">SYST\u00c9MU V\u00ddROBY SLUNE\u010cNICE<\/span><\/strong><\/h2>\n<p>[\/et_pb_text][et_pb_text _builder_version=&#8220;4.22.0&#8243; _module_preset=&#8220;default&#8220; global_colors_info=&#8220;{}&#8220;]<\/p>\n<p style=\"text-align: center;\"><strong>P\u0159ihl\u00e1\u0161ka a dal\u0161\u00ed informace budou k dispozici na t\u00e9to str\u00e1nce po 31.10.2023<\/strong><\/p>\n<p>[\/et_pb_text][\/et_pb_column][\/et_pb_row][\/et_pb_section][et_pb_section fb_built=&#8220;1&#8243; disabled_on=&#8220;off|off|off&#8220; _builder_version=&#8220;4.23&#8243; _module_preset=&#8220;default&#8220; custom_padding=&#8220;0px|||||&#8220; global_colors_info=&#8220;{}&#8220;][et_pb_row column_structure=&#8220;2_3,1_3&#8243; _builder_version=&#8220;4.18.0&#8243; _module_preset=&#8220;default&#8220; global_colors_info=&#8220;{}&#8220;][et_pb_column type=&#8220;2_3&#8243; _builder_version=&#8220;4.18.0&#8243; _module_preset=&#8220;default&#8220; global_colors_info=&#8220;{}&#8220;][et_pb_text _builder_version=&#8220;4.22.0&#8243; _module_preset=&#8220;default&#8220; global_colors_info=&#8220;{}&#8220;]<\/p>\n<h3><strong>Postup p\u0159ihl\u00e1\u0161en\u00ed<\/strong><\/h3>\n<ul>\n<li><strong>P\u0159ihl\u00e1\u0161ka je nep\u0159enosn\u00e1 a je ur\u010dena pouze pro \u010dleny Svazu v p\u011bstitelsk\u00e9m roce 2022\/23, pro konzultanty a hosty SPZO.<\/strong><\/li>\n<li><strong>Do 13. 11. 2023 mus\u00ed v\u0161ichni \u00fa\u010dastn\u00edci<\/strong> (tzn. \u010dlenov\u00e9 Svazu, p\u0159edn\u00e1\u0161ej\u00edc\u00ed, konzultanti a host\u00e9) vyplnit na webu SPZO z\u00e1vaznou p\u0159ihl\u00e1\u0161ku (podnik, jm\u00e9no a p\u0159\u00edjmen\u00ed, kontakty) v\u010detn\u011b po\u017eadavku na ubytov\u00e1n\u00ed:<\/li>\n<\/ul>\n<div style=\"text-align: left; padding-left: 80px;\"><span class=\"Apple-tab-span\"> <\/span>&#8211; Motorest \u0160t\u011bp\u00e1n, Losy 348, Uhersk\u00fd Brod &#8211; T\u011b\u0161ov, <a href=\"https:\/\/www.facebook.com\/motoreststepan\">https:\/\/www.facebook.com\/motoreststepan<\/a><\/div>\n<div style=\"text-align: left; padding-left: 80px;\"><span class=\"Apple-tab-span\"> <\/span>&#8211; Hotel u Br\u00e1ny, B\u0159\u00ed Lu\u017e\u016f 1769, Uhersk\u00fd Brod, <a href=\"http:\/\/www.hotelubrany.com\" target=\"_blank\" rel=\"noopener\">www.hotelubrany.com<\/a><\/div>\n<div style=\"text-align: left; padding-left: 80px;\"><span class=\"Apple-tab-span\"> <\/span>&#8211; Hotel Savary, Ho\u0161t\u00e1ky 85, Nivnice, <a href=\"http:\/\/www.savary.cz\" target=\"_blank\" rel=\"noopener\">www.savary.cz<\/a><\/div>\n<div style=\"text-align: left; padding-left: 80px;\">\n<p><span class=\"Apple-tab-span\"> <\/span>&#8211; Penzion Slov\u00e1ck\u00fd dv\u016fr, N\u00e1dra\u017en\u00ed 1010, Ostro\u017esk\u00e1 Nov\u00e1 Ves,<a href=\"http:\/\/\u00a0www.slovackydvur.cz\" target=\"_blank\" rel=\"noopener\">\u00a0www.slovackydvur.cz<\/a><br \/>&#8211; <span>Motel Pep\u010d\u00edn, Hav\u0159ice 400, 688 01 Uhersk\u00fd Brod, <\/span><a href=\"http:\/\/www.pepcin.cz\/\" contenteditable=\"false\" title=\"http:\/\/www.pepcin.cz\/\">www.pepcin.cz<\/a><\/p>\n<p>&nbsp;<\/p>\n<\/div>\n<div style=\"text-align: left; padding-left: 80px;\"><\/div>\n<ul>\n<li>Ubytov\u00e1n\u00ed bude n\u00e1sledn\u011b potvrzeno.<\/li>\n<li><strong>Ubytov\u00e1n\u00ed objednan\u00e9 do 13. 11. 2023 maj\u00ed \u00fa\u010dastn\u00edci hrazen\u00e9 Svazem.<\/strong><\/li>\n<li><strong>Po tomto term\u00ednu si \u00fa\u010dastn\u00edci ubytov\u00e1n\u00ed zaji\u0161\u0165uj\u00ed a hrad\u00ed samostatn\u011b.\u00a0<\/strong><\/li>\n<li>Ubytov\u00e1n\u00ed \u00fa\u010dastn\u00edk\u016f bude zve\u0159ejn\u011bno na www.spzo.cz v pond\u011bl\u00ed 20. 11. 2023.<\/li>\n<li>Pros\u00edme o odpov\u011bdnost p\u0159i p\u0159ihla\u0161ov\u00e1n\u00ed nocleh\u016f. Neobsazen\u00e9 noclehy zbyte\u010dn\u011b hrad\u00edme a nav\u00edc mohou chyb\u011bt dal\u0161\u00edm z\u00e1jemc\u016fm.<\/li>\n<li>\n<div>Pokud se p\u0159ihl\u00e1s\u00edte a na semin\u00e1\u0159 nepojedete, \u017e\u00e1d\u00e1me v\u00e1s o ozn\u00e1men\u00ed:<span class=\"Apple-tab-span\"> <\/span>Mob.: 777 757 926<\/div>\n<div><span class=\"Apple-tab-span\"> <\/span>e-mail: <a href=\"mailto:info@spzo.cz\">info@spzo.cz<\/a><\/div>\n<\/li>\n<\/ul>\n<h3><strong><\/strong><\/h3>\n<h3><strong><\/strong><\/h3>\n<h3><strong>Informace k doprav\u011b<\/strong><\/h3>\n<ul>\n<li>\n<div>Parkov\u00e1n\u00ed je zaji\u0161t\u011bno na parkovi\u0161ti a travnat\u00e9 plo\u0161e u koupali\u0161t\u011b.<\/div>\n<\/li>\n<li>\n<div>P\u0159\u00edjezd je prvn\u00ed odbo\u010dkou vpravo po odbo\u010den\u00ed od Uhersk\u00e9ho Hradi\u0161t\u011b.<\/div>\n<\/li>\n<li>\n<div>Mapka bude na webu SPZO.<\/div>\n<\/li>\n<li>\n<div>Parkov\u00e1n\u00ed na stadionu nen\u00ed mo\u017en\u00e9.<\/div>\n<\/li>\n<li>\n<div>No\u010dn\u00ed odvoz 22. 11. 2023 bude zaji\u0161t\u011bn autobusy ve 23:30 a 24:00 hod. do ubytovac\u00edch za\u0159\u00edzen\u00ed.<\/div>\n<\/li>\n<li>\n<div><span style=\"font-size: 14px;\">Rann\u00ed odvoz 23. 11. 2023 bude zaji\u0161t\u011bn v \u00a08:00 hod. zp\u011bt na halu Hluk. <\/span><\/div>\n<\/li>\n<li>\n<div><span style=\"font-size: 14px;\"><\/span><span style=\"font-size: 14px;\">Mapka trasy autobusu bude na webu SPZO.\u00a0<\/span><\/div>\n<\/li>\n<\/ul>\n<div><\/div>\n<p>[\/et_pb_text][et_pb_image src=&#8220;https:\/\/www.spzo.cz\/wp-content\/uploads\/2022\/11\/Mapka-parkovani-2.jpg&#8220; title_text=&#8220;Mapka Parkov\u00e1n\u00ed 2&#8243; show_in_lightbox=&#8220;on&#8220; _builder_version=&#8220;4.18.0&#8243; _module_preset=&#8220;default&#8220; custom_margin=&#8220;-8px|||||&#8220; global_colors_info=&#8220;{}&#8220;][\/et_pb_image][et_pb_text _builder_version=&#8220;4.22.0&#8243; _module_preset=&#8220;default&#8220; global_colors_info=&#8220;{}&#8220;]<\/p>\n<h3><strong>PROGRAM<\/strong><\/h3>\n<div><\/div>\n<div>\n<p><span style=\"text-decoration: underline;\"><span style=\"color: #367513; text-decoration: underline;\"><strong>22. 11. 2023 \u00a0&#8211; \u00a0ST\u0158EDA &#8211; SYST\u00c9M \u00a0V\u00ddROBY \u00a0\u0158EPKY<\/strong><\/span><\/span><\/p>\n<p><strong> <\/strong><\/p>\n<p><strong><\/strong><\/p>\n<\/div>\n<div><\/div>\n<div><span class=\"Apple-tab-span\"> <\/span><\/div>\n<div><span style=\"color: #367513;\"><strong>8:30\u00ad\u201310:00 Prezence \u00fa\u010dastn\u00edk\u016f a ob\u010derstven\u00ed\u00a0(vestibul Sportovn\u00ed haly Hluk)<span class=\"Apple-tab-span\">\u00a0<\/span><\/strong><\/span><\/div>\n<div><\/div>\n<div><span style=\"color: #367513;\"><span class=\"Apple-tab-span\"> <\/span><strong>M\u00edsto kon\u00e1n\u00ed:\u00a0<span class=\"Apple-tab-span\"> <\/span>Sportovn\u00ed hala Hluk, velk\u00fd s\u00e1l<\/strong><\/span><\/div>\n<div><span style=\"color: #367513;\"><strong><span class=\"Apple-tab-span\"> <\/span><\/strong><\/span><\/div>\n<div>\n<p><span style=\"color: #367513;\"><strong><span class=\"Apple-tab-span\"> 10<\/span>:<span class=\"Apple-tab-span\">00\u201312<\/span>:<span class=\"Apple-tab-span\">00<\/span>\u00a0\u00daVODN\u00cd \u00a0VYSTOUPEN\u00cd<\/strong><\/span><\/p>\n<p><strong> <\/strong><\/p>\n<p><strong><\/strong><\/p>\n<\/div>\n<div><\/div>\n<ul>\n<li>\n<div>Zah\u00e1jen\u00ed konference<\/div>\n<\/li>\n<li>\n<div>Zpr\u00e1va p\u0159edstavenstva SPZO, <em>Ing. Vladim\u00edr Tich\u00fd (SPZO)<\/em><\/div>\n<\/li>\n<li>\n<div>\u010cesk\u00e9 zem\u011bd\u011blstv\u00ed v roce 2023, <em>Ing. Jan Dole\u017eal (Agr\u00e1rn\u00ed komora)<\/em><\/div>\n<\/li>\n<li>Aktu\u00e1ln\u00ed informace z MZe, <em>Ing. Zden\u011bk Trnka (MZe)<\/em><\/li>\n<li>\n<div>V\u00fdsledky p\u011bstov\u00e1n\u00ed \u0159epky v roce 2023\u00a0v \u010cR,\u00a0<span class=\"Apple-tab-span\"> <\/span><em>Ing. Martin Volf,\u00a0<span class=\"Apple-tab-span\"> <\/span>Ing. Ji\u0159\u00ed Zeman (SPZO)<\/em><\/div>\n<\/li>\n<li>\n<div>V\u00fdsledky p\u011bstov\u00e1n\u00ed \u0159epky v roce 2023 v SR, <em>Ing. Martin Pomikala (SPZO)<\/em><\/div>\n<\/li>\n<\/ul>\n<div><\/div>\n<div><span style=\"color: #367513;\"><strong><span class=\"Apple-tab-span\"> 12<\/span>:<span class=\"Apple-tab-span\">00\u201313<\/span>:15\u00a0Ob\u011bd<span class=\"Apple-tab-span\">\u00a0<\/span><\/strong><\/span><\/div>\n<div><\/div>\n<div>\n<p><span style=\"color: #367513;\"><strong><span class=\"Apple-tab-span\"> 13<\/span>:15<span class=\"Apple-tab-span\">\u201315<\/span>:3<span class=\"Apple-tab-span\">0<\/span>\u00a0AGROTECHNICK\u00c9 \u00a0 INFORMACE<span class=\"Apple-tab-span\">\u00a0<\/span><\/strong><\/span><\/p>\n<p><strong> <\/strong><\/p>\n<p><strong><\/strong><\/p>\n<\/div>\n<div><span style=\"color: #367513;\"><strong><span class=\"Apple-tab-span\"><\/span><\/strong><\/span><\/div>\n<div><span style=\"color: #367513;\"><strong><span class=\"Apple-tab-span\"><\/span><\/strong><\/span><\/div>\n<div><\/div>\n<ul>\n<li>V\u00fdsledky pokus\u016f s fungicidy v sez\u00f3n\u011b 2022\/23, <em>Ing. Roman Hnili\u010dka, Ph.D. (SPZO)<\/em><\/li>\n<li>\n<div><span style=\"font-size: 14px;\"><\/span>Regulace plevel\u016f \u0159epky v jarn\u00edm obdob\u00ed, <em>prof. Ing. Miroslav Jurs\u00edk, Ph.D. (\u010cZU)<\/em><\/div>\n<\/li>\n<li>\n<div>V\u00fdsledky odr\u016fdov\u00fdch pokus\u016f SPZO, <em>doc. Ing. Petr Baranyk, CSc. (SPZO)<\/em><\/div>\n<\/li>\n<li>\n<div>Hodnocen\u00ed faktor\u016f v\u00fd\u017eivy rostlin ovliv\u0148uj\u00edc\u00edch v\u00fdnosovou stabilitu oz. \u0159epky,<em> Ing. Jind\u0159ich \u010cern\u00fd, Ph.D. (\u010cZU)<\/em><\/div>\n<\/li>\n<li>\n<div>Ochrana \u0159epky proti podzimn\u00edm \u0161k\u016fdc\u016fm, <em>Ing. Marek Seidenglanz, Ph.D. (AGRITEC)<\/em><\/div>\n<\/li>\n<li>\n<div>Ochrana \u0159epky proti jarn\u00edm \u00a0\u0161k\u016fdc\u016fm, <em>doc. Ing. Jan Kazda, CSc. (\u010cZU)<\/em><\/div>\n<\/li>\n<\/ul>\n<div><\/div>\n<div><span style=\"color: #367513;\"><strong>15:30\u201315:45 P\u0159est\u00e1vka<span class=\"Apple-tab-span\">\u00a0<\/span><\/strong><\/span><\/div>\n<div><\/div>\n<div>\n<p><span style=\"color: #367513;\"><strong>15:45\u201317:35 AGROTECHNICK\u00c9 \u00a0 INFORMACE<\/strong><\/span><span class=\"Apple-tab-span\">\u00a0<\/span><\/p>\n<p>&nbsp;<\/p>\n<\/div>\n<div><\/div>\n<div><\/div>\n<div>\n<ul>\n<li>Sklize\u0148 \u0159epky v EU a marketing v roce 2023, <em>Ing. Martin Volf (SPZO)<\/em><\/li>\n<li>Stav porost\u016f \u0159epky na podzim 2023, <em>Ing. Roman Hrdina (SPZO)<\/em><\/li>\n<li>Zku\u0161enosti se zav\u00e1d\u011bn\u00edm zm\u011bn v DZES,<em> <span style=\"font-size: 14px;\">Ing. Mojm\u00edr Mi\u010dka (SPZO)<\/span><\/em><em><\/em><\/li>\n<li>P\u0159esn\u00e9 set\u00ed a p\u0159esn\u00e1 aplikace herbicid\u016f, <em>doc. Ing. Milan Kroul\u00edk, Ph.D. (\u010cZU)<\/em><em><span style=\"font-size: 14px;\"><\/span><\/em><\/li>\n<li>Zku\u0161enosti s pomocn\u00fdmi plodinami v ZD Doln\u00ed \u00dajezd, <em>Ing. Josef \u010cejka (ZD Doln\u00ed \u00dajezd)<\/em><\/li>\n<li>Vyhodnocen\u00ed sout\u011b\u017ee Zdrav\u00fd ko\u0159\u00ednek, <em>doc. Ing. Ji\u0159\u00ed Br\u00e1t, CSc. (V\u00cdM, CO J\u00cdM)<\/em><\/li>\n<\/ul>\n<\/div>\n<p>&nbsp;<\/p>\n<div><span style=\"color: #367513;\"><strong>17:35\u201317:50 VYHODNOCEN\u00cd \u00a0NEJLEP\u0160\u00cdCH \u00a0P\u011aSTITEL\u016e \u00a0\u0158EPKY A \u00a0MEDAILE \u00a0PROF. \u00a0F\u00c1BRYHO<span class=\"Apple-tab-span\">\u00a0<\/span><\/strong><\/span><\/div>\n<div><\/div>\n<div><span style=\"color: #367513;\"><strong>17:50\u201319:00 VE\u010cE\u0158E<span class=\"Apple-tab-span\">\u00a0<\/span><\/strong><\/span><\/div>\n<div><\/div>\n<div><span style=\"color: #367513;\"><strong>19:00\u201321:00 OCHUTN\u00c1VKA \u00a0V\u00cdN\u00a0<\/strong><\/span><\/div>\n<div><\/div>\n<div>\n<p><span style=\"color: #367513;\"><strong>19:00\u201324:00 SPOLE\u010cENSK\u00dd \u00a0VE\u010cER<\/strong><\/span><span class=\"Apple-tab-span\">\u00a0<\/span><\/p>\n<p>&nbsp;<\/p>\n<\/div>\n<div><span class=\"Apple-tab-span\"><\/span><\/div>\n<div><span class=\"Apple-tab-span\"><\/span><\/div>\n<div><\/div>\n<div>\n<p><span style=\"color: #367513;\"><strong>23. 11. 2023 \u00a0&#8211; \u00a0\u010cTVRTEK<\/strong><\/span><\/p>\n<p><span style=\"color: #367513;\"><strong> <\/strong><\/span><\/p>\n<p><span style=\"color: #367513;\"><strong><\/strong><\/span><\/p>\n<\/div>\n<div><\/div>\n<div>\n<p><span style=\"color: #367513;\"><strong><span class=\"Apple-tab-span\"> 8<\/span>:<span class=\"Apple-tab-span\">00\u2013 9<\/span>:<span class=\"Apple-tab-span\">00<\/span>\u00a0Sn\u00eddan\u011b<\/strong><\/span><\/p>\n<\/div>\n<div><\/div>\n<div>\n<p><span style=\"color: #367513;\"><strong><span class=\"Apple-tab-span\"> 9<\/span>:<span class=\"Apple-tab-span\">00\u201311<\/span>:<span class=\"Apple-tab-span\">40<\/span>\u00a0TECHNOLOGIE \u00a0P\u011aSTOV\u00c1N\u00cd \u00a0\u0158EPKY<\/strong><\/span><\/p>\n<p><strong> <\/strong><\/p>\n<p><strong><\/strong><\/p>\n<\/div>\n<div><\/div>\n<ul>\n<li>\n<div>V\u00fdsledky pokus\u016f s listov\u00fdmi hnojivy a stimul\u00e1tory v roce 2023, <em>Ing. Josef \u0160ke\u0159\u00edk, CSc. (SPZO)<\/em><\/div>\n<\/li>\n<li>\n<div>P\u011bstov\u00e1n\u00ed \u0159epky v N\u011bmecku, <em>Dr. Rene Brand (NPZ)<\/em><\/div>\n<\/li>\n<li>\n<div>St\u00e1tn\u00ed odr\u016fdov\u00e9 zkou\u0161ky \u00daKZ\u00daZ\u00a0a nov\u011b registrovan\u00e9 odr\u016fdy \u0159epky, <em>Ing. Petr Zehn\u00e1lek (\u00daKZ\u00daZ)<\/em><\/div>\n<\/li>\n<li>\n<div>Agrotechnick\u00e9 metody sn\u00ed\u017een\u00ed emis\u00ed CO2, <em>Ing. Pavel R\u016f\u017eek, CSc. (V\u00daRV)<\/em><\/div>\n<\/li>\n<li>\n<div>Konference GCIRC v Austr\u00e1lii, <em>doc. Ing. Petr Baranyk, CSc. (SPZO),<\/em> <em>Ing. Roman Hnili\u010dka, Ph.D. (SPZO)<\/em><\/div>\n<\/li>\n<li>V\u00fdsledky pokus\u016f TEMP, <em>doc. Ing. Petr Baranyk, CSc. (SPZO)<\/em>,\u00a0<span class=\"Apple-tab-span\"> <\/span><em>Ing. et Ing. Simona Proch\u00e1zkov\u00e1 (\u010cZU)<\/em><em><\/em><\/li>\n<li>\n<div>Pokusy Rapsm\u00e4staren ve \u0160v\u00e9dsku, <em>Ing. Josef \u0160ke\u0159\u00edk, CSc. (SPZO)<\/em><\/div>\n<\/li>\n<li>\n<div>P\u011bstov\u00e1n\u00ed s\u00f3ji v podm\u00ednk\u00e1ch \u010cR, <em>Ing. Pavel Proch\u00e1zka, Ph.D. (\u010cZU)<\/em><\/div>\n<\/li>\n<li>\n<div>Mo\u017enosti pou\u017eit\u00ed dron\u016f ke hnojen\u00ed, <em>Ing. Josef \u0160ke\u0159\u00edk, CSc. (SPZO)<\/em><\/div>\n<\/li>\n<li>\n<div>Ukon\u010den\u00ed konference<\/div>\n<\/li>\n<\/ul>\n<div><\/div>\n<div><span style=\"color: #367513;\"><strong><span class=\"Apple-tab-span\"> 11<\/span>:4<span class=\"Apple-tab-span\">0<\/span>\u00a0Ob\u011bd<span class=\"Apple-tab-span\">\u00a0<\/span><\/strong><\/span><\/div>\n<div><\/div>\n<div><span style=\"color: #367513;\"><strong><span class=\"Apple-tab-span\"> <\/span>Z\u00e1v\u011br konference a odjezd \u00fa\u010dastn\u00edk\u016f<\/strong><\/span><\/div>\n<div><span style=\"color: #367513;\"><strong><\/strong><\/span><\/div>\n<div><span style=\"color: #367513;\"><strong><\/strong><\/span><\/div>\n<div>\n<p><span style=\"color: #367513;\"><strong><\/strong><\/span><\/p>\n<p><span style=\"color: #367513;\"><strong> <\/strong><\/span><\/p>\n<p><span style=\"color: #367513;\"><strong><\/strong><\/span><\/p>\n<div>\n<p><span style=\"text-decoration: underline;\"><span style=\"color: #367513; text-decoration: underline;\"><strong>22. 11. 2023 \u00a0&#8211; \u00a0ST\u0158EDA &#8211; <span style=\"font-size: 14px;\">SYST\u00c9M \u00a0V\u00ddROBY \u00a0SLUNE\u010cNICE<\/span><\/strong><\/span><\/span><\/p>\n<p><strong> <\/strong><\/p>\n<p><strong><\/strong><\/p>\n<\/div>\n<div><\/div>\n<div><span style=\"color: #367513;\"><span class=\"Apple-tab-span\"> <\/span><strong>M\u00edsto kon\u00e1n\u00ed:\u00a0<span style=\"font-size: 14px;\">Sportovn\u00ed hala Hluk, mal\u00fd s\u00e1l<\/span><\/strong><\/span><\/div>\n<div><span style=\"color: #367513;\"><strong><span class=\"Apple-tab-span\"> <\/span><\/strong><\/span><\/div>\n<div>\n<p><span style=\"color: #367513;\"><strong><span class=\"Apple-tab-span\"> 13<\/span>:<span class=\"Apple-tab-span\">30<\/span>\u00a0\u00daVODN\u00cd \u00a0VYSTOUPEN\u00cd\u00a0<\/strong><\/span><\/p>\n<p><strong> <\/strong><\/p>\n<p><strong><\/strong><\/p>\n<\/div>\n<div><\/div>\n<ul>\n<li>\n<div>Sv\u011btov\u00e1 produkce slune\u010dnice a situace v \u010cesk\u00e9 republice v roce 2023,<em> Ing. Bo\u017eet\u011bch M\u00e1lek (SPZO)<\/em><\/div>\n<\/li>\n<li>\n<div>Efektivn\u00ed hnojen\u00ed slune\u010dnice dus\u00edkem, <em>doc. Ing. Petr \u0160karpa, Ph.D. (MENDELU)<\/em><\/div>\n<\/li>\n<li>\n<div>Dlouhodob\u011b udr\u017eiteln\u00e9 pou\u017e\u00edv\u00e1n\u00ed herbicid\u016f inhibuj\u00edc\u00edch acetolakt\u00e1t synt\u00e1zu (ALS) v \u0161iroko\u0159\u00e1dkov\u00fdch\u00a0plodin\u00e1ch, <em>prof. Ing. Miroslav Jurs\u00edk, Ph.D. (\u010cZU)<\/em><\/div>\n<\/li>\n<li>\n<div>Strategie ochrany slune\u010dnice proti pl\u00edsn\u00edm a bakteri\u00edm podle sou\u010dasn\u00e9ho stavu, <em>Ing. Karel \u0158\u00edha (poradce)<\/em><\/div>\n<\/li>\n<li>\n<div>V\u00fdsledky poloprovozn\u00edch pokus\u016f zakl\u00e1dan\u00fdch SPZO v roce 2023, <em>Ing. Bo\u017eet\u011bch M\u00e1lek (SPZO)<\/em><\/div>\n<\/li>\n<li>\n<div>Zhodnocen\u00ed n\u00e1kupu slune\u010dnicov\u00fdch na\u017eek z pohledu n\u00e1kupc\u016f,<em> Ing. Petr Nov\u00e1k (Agrokomodity)<\/em><\/div>\n<\/li>\n<li>\n<div>Vyhodnocen\u00ed nejlep\u0161\u00edch p\u011bstitel\u016f slune\u010dnice\u00a0&#8211; \u010dlen\u016f SPZO &#8211; za rok 2023, <em>Ing. Bo\u017eet\u011bch M\u00e1lek (SPZO)<\/em><\/div>\n<\/li>\n<\/ul>\n<div><\/div>\n<div><strong><span class=\"Apple-tab-span\"> 17<\/span>:<span class=\"Apple-tab-span\">00<\/span>\u00a0Z\u00e1v\u011br<\/strong><\/div>\n<\/div>\n<p>[\/et_pb_text][\/et_pb_column][et_pb_column type=&#8220;1_3&#8243; _builder_version=&#8220;4.18.0&#8243; _module_preset=&#8220;default&#8220; global_colors_info=&#8220;{}&#8220;][et_pb_text disabled_on=&#8220;off|off|off&#8220; _builder_version=&#8220;4.23&#8243; _module_preset=&#8220;default&#8220; background_color=&#8220;#D2FF57&#8243; hover_enabled=&#8220;0&#8243; border_radii=&#8220;on|12px|12px|12px|12px&#8220; border_width_all=&#8220;11px&#8220; border_color_all=&#8220;#d2ff57&#8243; global_colors_info=&#8220;{}&#8220; sticky_enabled=&#8220;0&#8243;]<\/p>\n<h3 style=\"font-weight: 400;\"><strong>Rozpis ubytov\u00e1n\u00ed<\/strong><\/h3>\n<ul style=\"font-weight: 400;\">\n<li><a href=\"https:\/\/www.spzo.cz\/wp-content\/uploads\/2023\/11\/FirmyOstatni-dle-abecedy.pdf\" target=\"_blank\" rel=\"noopener\">Firmy a ostatn\u00ed \u00fa\u010dastn\u00edci dle abecedy<\/a><\/li>\n<li><a href=\"https:\/\/www.spzo.cz\/wp-content\/uploads\/2023\/11\/Pestitele-dle-abecedy.pdf\" target=\"_blank\" rel=\"noopener\">Ubytov\u00e1n\u00ed P\u011bstitel\u00e9 dle abecedy<\/a><\/li>\n<\/ul>\n<p>[\/et_pb_text][et_pb_button button_url=&#8220;https:\/\/forms.gle\/8vtxPhL5WVDCRcut8&#8243; url_new_window=&#8220;on&#8220; button_text=&#8220;P\u0159ihl\u00e1\u0161ka &#8211; P\u011bstitel\u00e9&#8220; button_alignment=&#8220;center&#8220; disabled_on=&#8220;on|on|on&#8220; _builder_version=&#8220;4.23&#8243; _module_preset=&#8220;default&#8220; custom_button=&#8220;on&#8220; button_bg_color=&#8220;#EDF000&#8243; disabled=&#8220;on&#8220; global_colors_info=&#8220;{}&#8220;][\/et_pb_button][et_pb_button button_url=&#8220;https:\/\/forms.gle\/iLvjG193xtkGj2RA7&#8243; url_new_window=&#8220;on&#8220; button_text=&#8220;P\u0159ihl\u00e1\u0161ka &#8211; Firmy a ostatn\u00ed&#8220; button_alignment=&#8220;center&#8220; disabled_on=&#8220;on|on|on&#8220; _builder_version=&#8220;4.23&#8243; _module_preset=&#8220;default&#8220; custom_button=&#8220;on&#8220; button_bg_color=&#8220;#EDF000&#8243; disabled=&#8220;on&#8220; global_colors_info=&#8220;{}&#8220;][\/et_pb_button][et_pb_text _builder_version=&#8220;4.23&#8243; _module_preset=&#8220;default&#8220; global_colors_info=&#8220;{}&#8220;]<\/p>\n<p><span style=\"color: #ff0000;\"><strong>P\u0159ihl\u00e1\u0161en\u00ed je mo\u017en\u00e9 ji\u017e jen po telefonick\u00e9 domluv\u011b na tel.: 777 757 926 (Libu\u0161e V\u00e1clav\u00edkov\u00e1).<\/strong><\/span><\/p>\n<p>[\/et_pb_text][et_pb_text disabled_on=&#8220;on|on|on&#8220; _builder_version=&#8220;4.23&#8243; _module_preset=&#8220;default&#8220; background_color=&#8220;#EDF000&#8243; border_radii=&#8220;on|12px|12px|12px|12px&#8220; border_width_all=&#8220;11px&#8220; border_color_all=&#8220;#EDF000&#8243; disabled=&#8220;on&#8220; global_colors_info=&#8220;{}&#8220;]<\/p>\n<h3 style=\"font-weight: 400;\"><strong>N\u00e1vod k p\u0159ihl\u00e1\u0161en\u00ed<\/strong><\/h3>\n<p style=\"font-weight: 400;\"><b><span>P\u0159ihl\u00e1\u0161ka pro p\u011bstitele<\/span><\/b><span> \u2013 pozv\u00e1nka s\u00a0k\u00f3dem sv\u00e9ho region\u00e1ln\u00edho z\u00e1stupce<\/span><\/p>\n<p style=\"font-weight: 400;\">Vyberte\/vypl\u0148te:<\/p>\n<ul>\n<li style=\"font-weight: 400;\"><span> <\/span>K\u00f3d z\u00a0pozv\u00e1nky (dle region\u00e1ln\u00edho z\u00e1stupce)<\/li>\n<li style=\"font-weight: 400;\"><span> <\/span>Jm\u00e9no a P\u0159\u00edjmen\u00ed (bez titul\u016f)<\/li>\n<li style=\"font-weight: 400;\"><span> <\/span>Pohlav\u00ed<\/li>\n<li style=\"font-weight: 400;\"><span> <\/span>N\u00e1zev podniku<\/li>\n<li style=\"font-weight: 400;\"><span> <\/span>V\u00e1\u0161 Telefon<\/li>\n<li style=\"font-weight: 400;\"><span> <\/span>V\u00e1\u0161 e-mail<\/li>\n<li style=\"font-weight: 400;\"><span> <\/span>Ubytov\u00e1n\u00ed 21\/22.10.2023 a preferovan\u00e9 ubytov\u00e1n\u00ed<\/li>\n<li style=\"font-weight: 400;\"><span> <\/span>Ubytov\u00e1n\u00ed 22\/23.10.2023 a preferovan\u00e9 ubytov\u00e1n\u00ed<\/li>\n<li style=\"font-weight: 400;\"><span> <\/span>Do pozn\u00e1mky m\u016f\u017eete navrhnout p\u0159\u00edpadn\u00e9ho spolubydl\u00edc\u00edho \u010di spolubydl\u00edc\u00ed.<\/li>\n<\/ul>\n<p style=\"font-weight: 400;\">\u00a0<strong>P\u0159ihl\u00e1\u0161ka pro ostatn\u00ed<\/strong> \u2013 pozv\u00e1nka pro hosty SVAZu, p\u0159edn\u00e1\u0161ej\u00edc\u00ed a p\u0159isp\u011bvatel\u00e9 do sborn\u00edku \u010cZU, MZLU, SDO, \u00daKZ\u00daZ, spolupracuj\u00edc\u00ed firmy, atd.<\/p>\n<p style=\"font-weight: 400;\">Vyberte\/vypl\u0148te:<\/p>\n<ul>\n<li style=\"font-weight: 400;\"><span> <\/span>K\u00f3d z pozv\u00e1nky<\/li>\n<li style=\"font-weight: 400;\"><span> <\/span>Jm\u00e9no a P\u0159\u00edjmen\u00ed (bez titul\u016f)<\/li>\n<li style=\"font-weight: 400;\"><span> <\/span>Pohlav\u00ed<\/li>\n<li style=\"font-weight: 400;\"><span> <\/span>N\u00e1zev podniku<\/li>\n<li style=\"font-weight: 400;\"><span> <\/span>V\u00e1\u0161 Telefon<\/li>\n<li style=\"font-weight: 400;\"><span> <\/span>V\u00e1\u0161 e-mail<\/li>\n<li style=\"font-weight: 400;\"><span> <\/span>Ubytov\u00e1n\u00ed 21\/22.10.2023 (ubytov\u00e1n\u00ed bude p\u0159i\u0159azeno organiz\u00e1tory)<\/li>\n<li style=\"font-weight: 400;\"><span> <\/span>Ubytov\u00e1n\u00ed 22\/23.10.2023 (ubytov\u00e1n\u00ed bude p\u0159i\u0159azeno organiz\u00e1tory)<\/li>\n<li style=\"font-weight: 400;\"><span> <\/span>Do pozn\u00e1mky m\u016f\u017eete navrhnout p\u0159\u00edpadn\u00e9ho spolubydl\u00edc\u00edho \u010di spolubydl\u00edc\u00ed.<\/li>\n<\/ul>\n<p style=\"font-weight: 400;\">\u00a0V\u00a0p\u0159\u00edpad\u011b nejasnost\u00ed, zm\u011bn \u010di odhl\u00e1\u0161en\u00ed pros\u00edm kontaktujte sekretari\u00e1t: Libu\u0161e V\u00e1clav\u00edkov\u00e1 \u2013 777\u00a0757\u00a0926, <a href=\"mailto:info@spzo.cz\">info@spzo.cz<\/a><\/p>\n<p style=\"font-weight: 400;\">[\/et_pb_text][\/et_pb_column][\/et_pb_row][\/et_pb_section]<\/p>\n","protected":false},"excerpt":{"rendered":"<p>XXXX. vyhodnocovac\u00ed semin\u00e1\u0159 SYST\u00c9M V\u00ddROBY \u0158EPKY spojen\u00fd se samostatn\u00fdm jedn\u00e1n\u00edm SYST\u00c9MU V\u00ddROBY SLUNE\u010cNICEP\u0159ihl\u00e1\u0161ka a dal\u0161\u00ed informace budou k dispozici na t\u00e9to str\u00e1nce po 31.10.2023Postup p\u0159ihl\u00e1\u0161en\u00ed P\u0159ihl\u00e1\u0161ka je nep\u0159enosn\u00e1 a je ur\u010dena pouze pro \u010dleny Svazu v p\u011bstitelsk\u00e9m roce 2022\/23, pro konzultanty a hosty SPZO. Do 13. 11. 2023 mus\u00ed v\u0161ichni \u00fa\u010dastn\u00edci (tzn. \u010dlenov\u00e9 Svazu, p\u0159edn\u00e1\u0161ej\u00edc\u00ed, [&hellip;]<\/p>\n","protected":false},"author":1,"featured_media":0,"parent":0,"menu_order":0,"comment_status":"closed","ping_status":"closed","template":"","meta":{"_et_pb_use_builder":"on","_et_pb_old_content":"","_et_gb_content_width":"","footnotes":""},"class_list":["post-3216","page","type-page","status-publish","hentry"],"_links":{"self":[{"href":"https:\/\/www.spzo.cz\/index.php?rest_route=\/wp\/v2\/pages\/3216","targetHints":{"allow":["GET"]}}],"collection":[{"href":"https:\/\/www.spzo.cz\/index.php?rest_route=\/wp\/v2\/pages"}],"about":[{"href":"https:\/\/www.spzo.cz\/index.php?rest_route=\/wp\/v2\/types\/page"}],"author":[{"embeddable":true,"href":"https:\/\/www.spzo.cz\/index.php?rest_route=\/wp\/v2\/users\/1"}],"replies":[{"embeddable":true,"href":"https:\/\/www.spzo.cz\/index.php?rest_route=%2Fwp%2Fv2%2Fcomments&post=3216"}],"version-history":[{"count":21,"href":"https:\/\/www.spzo.cz\/index.php?rest_route=\/wp\/v2\/pages\/3216\/revisions"}],"predecessor-version":[{"id":3325,"href":"https:\/\/www.spzo.cz\/index.php?rest_route=\/wp\/v2\/pages\/3216\/revisions\/3325"}],"wp:attachment":[{"href":"https:\/\/www.spzo.cz\/index.php?rest_route=%2Fwp%2Fv2%2Fmedia&parent=3216"}],"curies":[{"name":"wp","href":"https:\/\/api.w.org\/{rel}","templated":true}]}}