{"id":33,"date":"2020-07-10T16:23:58","date_gmt":"2020-07-10T14:23:58","guid":{"rendered":"http:\/\/novyweb.spzo.cz\/?page_id=33"},"modified":"2021-02-22T17:49:12","modified_gmt":"2021-02-22T16:49:12","slug":"seminare","status":"publish","type":"page","link":"https:\/\/www.spzo.cz\/?page_id=33","title":{"rendered":"Semin\u00e1\u0159e"},"content":{"rendered":"<p>[et_pb_section fb_built=&#8220;1&#8243; fullwidth=&#8220;on&#8220; _builder_version=&#8220;4.8.1&#8243; _module_preset=&#8220;default&#8220;][et_pb_fullwidth_image src=&#8220;https:\/\/www.spzo.cz\/wp-content\/uploads\/2020\/07\/zluty-pruh.jpg&#8220; alt=&#8220;\u017elut\u00fd pruh&#8220; title_text=&#8220;zluty-pruh&#8220; _builder_version=&#8220;4.8.1&#8243; _module_preset=&#8220;default&#8220; animation_style=&#8220;slide&#8220;][\/et_pb_fullwidth_image][\/et_pb_section][et_pb_section fb_built=&#8220;1&#8243; _builder_version=&#8220;4.9.0&#8243; _module_preset=&#8220;default&#8220; background_color=&#8220;#ffefd1&#8243; hover_enabled=&#8220;0&#8243; sticky_enabled=&#8220;0&#8243;][et_pb_row _builder_version=&#8220;4.9.0&#8243; _module_preset=&#8220;default&#8220; column_structure=&#8220;3_5,2_5&#8243;][et_pb_column _builder_version=&#8220;4.9.0&#8243; _module_preset=&#8220;default&#8220; type=&#8220;3_5&#8243;][et_pb_text _builder_version=&#8220;4.9.0&#8243; _module_preset=&#8220;default&#8220; hover_enabled=&#8220;0&#8243; sticky_enabled=&#8220;0&#8243;]<\/p>\n<p><strong>Svaz p\u011bstitel\u016f a zpracovatel\u016f olejnin pravideln\u011b ka\u017edoro\u010dn\u011b organizuje:<\/strong><\/p>\n<ul>\n<li><span><\/span>10 jarn\u00edch semin\u00e1\u0159\u016f v obdob\u00ed \u00fanora, b\u0159ezna<\/li>\n<li>15 semin\u00e1\u0159\u016f, tzv. \u201epoln\u00edch k\u00e1z\u00e1n\u00ed\u201c na odr\u016fdov\u00fdch pokusech se \u0159epkou v obdob\u00ed, kv\u011btna, \u010dervna<\/li>\n<li>2 semin\u00e1\u0159e, tzv. \u201epoln\u00ed k\u00e1z\u00e1n\u00ed\u201c na odr\u016fdov\u00fdch pokusech s odr\u016fdami \u0159epky rezistentn\u00edmi proti plasmodiopho\u0159e<\/li>\n<li>2 semin\u00e1\u0159e tzv. \u201epoln\u00ed k\u00e1z\u00e1n\u00ed\u201c na technologick\u00fdch pokusech se \u0159epkou<\/li>\n<li>4 semin\u00e1\u0159e, tzv. \u201epoln\u00edch k\u00e1z\u00e1n\u00ed\u201c na odr\u016fdov\u00fdch pokusech se slune\u010dnic\u00ed v\u00a0srpnu<\/li>\n<li>Mezin\u00e1rodn\u00ed dvoudenn\u00ed semin\u00e1\u0159 p\u011bstitel\u016f \u0159epky v Hluku.<\/li>\n<li>Mezin\u00e1rodn\u00ed semin\u00e1\u0159 p\u011bstitel\u016f slune\u010dnice v Hluku.<\/li>\n<\/ul>\n<p>\u00a0<strong>Semin\u00e1\u0159e maj\u00ed tuto t\u00e9matiku: <\/strong><\/p>\n<ul>\n<li>V\u00fdsledky odr\u016fdov\u00fdch pokus\u016f \u00daKZUZa SPZO, Evropsk\u00fd katalog odr\u016fd<\/li>\n<li><span style=\"font-size: 14px;\">Inovace v\u00a0integrovan\u00e9 ochran\u011b \u0159epky,<\/span><\/li>\n<li>Ochrana v\u010del p\u0159i ochran\u011b \u0159epky<\/li>\n<li><span style=\"font-size: 14px;\">Inovace v\u00a0 zakl\u00e1d\u00e1n\u00ed porost\u016f, hospoda\u0159en\u00ed s\u00a0vodou, eroze<\/span><\/li>\n<li>Precizn\u00ed zem\u011bd\u011blstv\u00ed<\/li>\n<li><span style=\"font-size: 14px;\">Inovace v hnojen\u00ed \u0159epky \u2013 nitr\u00e1tov\u00e1 sm\u011brnice<\/span><\/li>\n<li>Marketing \u0159epky a slune\u010dnice<\/li>\n<li><span style=\"font-size: 14px;\">Informace o Programu rozvoje venkova a p\u0159\u00edm\u00fdch platb\u00e1ch, DZES a PPH<\/span><\/li>\n<\/ul>\n<p>[\/et_pb_text][\/et_pb_column][et_pb_column _builder_version=&#8220;4.9.0&#8243; _module_preset=&#8220;default&#8220; type=&#8220;2_5&#8243;][et_pb_image src=&#8220;https:\/\/www.spzo.cz\/wp-content\/uploads\/2021\/02\/IMG_6456-f.jpg&#8220; _builder_version=&#8220;4.9.0&#8243; _module_preset=&#8220;default&#8220; title_text=&#8220;IMG 6456 F&#8220; hover_enabled=&#8220;0&#8243; sticky_enabled=&#8220;0&#8243; animation_style=&#8220;slide&#8220; animation_direction=&#8220;right&#8220;][\/et_pb_image][et_pb_image src=&#8220;https:\/\/www.spzo.cz\/wp-content\/uploads\/2021\/02\/IMG_6431-f.jpg&#8220; _builder_version=&#8220;4.9.0&#8243; _module_preset=&#8220;default&#8220; title_text=&#8220;IMG 6431 F&#8220; hover_enabled=&#8220;0&#8243; sticky_enabled=&#8220;0&#8243; animation_style=&#8220;slide&#8220; animation_direction=&#8220;right&#8220;][\/et_pb_image][\/et_pb_column][\/et_pb_row][\/et_pb_section]<\/p>\n","protected":false},"excerpt":{"rendered":"<p>Svaz p\u011bstitel\u016f a zpracovatel\u016f olejnin pravideln\u011b ka\u017edoro\u010dn\u011b organizuje: 10 jarn\u00edch semin\u00e1\u0159\u016f v obdob\u00ed \u00fanora, b\u0159ezna 15 semin\u00e1\u0159\u016f, tzv. \u201epoln\u00edch k\u00e1z\u00e1n\u00ed\u201c na odr\u016fdov\u00fdch pokusech se \u0159epkou v obdob\u00ed, kv\u011btna, \u010dervna 2 semin\u00e1\u0159e, tzv. \u201epoln\u00ed k\u00e1z\u00e1n\u00ed\u201c na odr\u016fdov\u00fdch pokusech s odr\u016fdami \u0159epky rezistentn\u00edmi proti plasmodiopho\u0159e 2 semin\u00e1\u0159e tzv. \u201epoln\u00ed k\u00e1z\u00e1n\u00ed\u201c na technologick\u00fdch pokusech se \u0159epkou 4 semin\u00e1\u0159e, [&hellip;]<\/p>\n","protected":false},"author":1,"featured_media":0,"parent":0,"menu_order":0,"comment_status":"closed","ping_status":"closed","template":"","meta":{"_et_pb_use_builder":"on","_et_pb_old_content":"","_et_gb_content_width":"","footnotes":""},"class_list":["post-33","page","type-page","status-publish","hentry"],"_links":{"self":[{"href":"https:\/\/www.spzo.cz\/index.php?rest_route=\/wp\/v2\/pages\/33","targetHints":{"allow":["GET"]}}],"collection":[{"href":"https:\/\/www.spzo.cz\/index.php?rest_route=\/wp\/v2\/pages"}],"about":[{"href":"https:\/\/www.spzo.cz\/index.php?rest_route=\/wp\/v2\/types\/page"}],"author":[{"embeddable":true,"href":"https:\/\/www.spzo.cz\/index.php?rest_route=\/wp\/v2\/users\/1"}],"replies":[{"embeddable":true,"href":"https:\/\/www.spzo.cz\/index.php?rest_route=%2Fwp%2Fv2%2Fcomments&post=33"}],"version-history":[{"count":6,"href":"https:\/\/www.spzo.cz\/index.php?rest_route=\/wp\/v2\/pages\/33\/revisions"}],"predecessor-version":[{"id":1358,"href":"https:\/\/www.spzo.cz\/index.php?rest_route=\/wp\/v2\/pages\/33\/revisions\/1358"}],"wp:attachment":[{"href":"https:\/\/www.spzo.cz\/index.php?rest_route=%2Fwp%2Fv2%2Fmedia&parent=33"}],"curies":[{"name":"wp","href":"https:\/\/api.w.org\/{rel}","templated":true}]}}