{"id":35,"date":"2020-07-10T16:24:13","date_gmt":"2020-07-10T14:24:13","guid":{"rendered":"http:\/\/novyweb.spzo.cz\/?page_id=35"},"modified":"2021-03-10T18:06:13","modified_gmt":"2021-03-10T17:06:13","slug":"pokusy","status":"publish","type":"page","link":"https:\/\/www.spzo.cz\/?page_id=35","title":{"rendered":"Pokusy"},"content":{"rendered":"<p>[et_pb_section fb_built=&#8220;1&#8243; fullwidth=&#8220;on&#8220; _builder_version=&#8220;4.5.0&#8243; _module_preset=&#8220;default&#8220;][et_pb_fullwidth_image src=&#8220;https:\/\/www.spzo.cz\/wp-content\/uploads\/2020\/07\/zluty-pruh.jpg&#8220; alt=&#8220;\u017elut\u00fd pruh&#8220; title_text=&#8220;zluty-pruh&#8220; _builder_version=&#8220;4.8.1&#8243; _module_preset=&#8220;default&#8220; animation_style=&#8220;slide&#8220;][\/et_pb_fullwidth_image][\/et_pb_section][et_pb_section fb_built=&#8220;1&#8243; _builder_version=&#8220;4.7.7&#8243; _module_preset=&#8220;default&#8220; background_color=&#8220;#ffefd1&#8243;][et_pb_row column_structure=&#8220;3_5,2_5&#8243; _builder_version=&#8220;4.7.7&#8243; _module_preset=&#8220;default&#8220; background_color=&#8220;#ffefd1&#8243;][et_pb_column type=&#8220;3_5&#8243; _builder_version=&#8220;4.7.7&#8243; _module_preset=&#8220;default&#8220;][et_pb_text _builder_version=&#8220;4.7.7&#8243; _module_preset=&#8220;default&#8220;]<\/p>\n<ul>\n<li>SPZO organizuje velmi rozs\u00e1hl\u00fd soubor poloprovozn\u00edch poln\u00edch pokus\u016f s \u0159epkou olejnou a slune\u010dnic\u00ed ro\u010dn\u00ed<\/li>\n<li>Nej\u0161ir\u0161\u00ed spektrum tvo\u0159\u00ed poloprovozn\u00ed odr\u016fdov\u00e9 pokusy, kter\u00e9 krom srovn\u00e1n\u00ed v\u00fdnos\u016f a dal\u0161\u00edch d\u016fle\u017eit\u00fdch p\u011bstitelsk\u00fdch vlastnost\u00ed umo\u017en\u00ed p\u011bstitel\u016fm shl\u00e9dnout aktu\u00e1ln\u00ed materi\u00e1ly p\u0159\u00edmo v\u00a0poln\u00edch podm\u00ednk\u00e1ch<\/li>\n<li>V\u00fdsledky a doporu\u010den\u00ed jsou pravideln\u011b publikov\u00e1ny a prezentov\u00e1ny v\u0161em \u010dlen\u016fm SPZO rovn\u011b\u017e na jarn\u00edch\u00a0semin\u00e1\u0159\u00edch\u00a0a\u00a0konferenci v Hluku<\/li>\n<\/ul>\n<p><strong>Souhrn oblast\u00ed pokus\u016f SPZO:<\/strong><\/p>\n<ul>\n<li>srovn\u00e1n\u00ed a ve\u0159ejn\u00e9 prezentace aktu\u00e1ln\u00edch odr\u016fd (rovn\u011b\u017e na\u00a0Slovensku)<\/li>\n<li>p\u011bstitelsk\u00e1 technologie a v\u00fd\u017eiva rostlin<\/li>\n<li>srovn\u00e1n\u00ed r\u016fstov\u00fdch regul\u00e1tor\u016f, stimul\u00e1tor\u016f a listov\u00fdch hnojiv<\/li>\n<li>srovn\u00e1n\u00ed insekticid\u016f, fungicid\u016f a biologick\u00fdch prepar\u00e1t\u016f<\/li>\n<li>grantov\u00fd v\u00fdzkum integrovan\u00e9 ochrany a ekologick\u00e9 p\u011bstebn\u00ed technologie \u0159epky<\/li>\n<\/ul>\n<p>[\/et_pb_text][et_pb_button button_url=&#8220;@ET-DC@eyJkeW5hbWljIjp0cnVlLCJjb250ZW50IjoicG9zdF9saW5rX3VybF9wYWdlIiwic2V0dGluZ3MiOnsicG9zdF9pZCI6IjEyNTcifX0=@&#8220; button_text=&#8220;Odr\u016fdov\u00e9 pokusy&#8220; _builder_version=&#8220;4.9.0&#8243; _dynamic_attributes=&#8220;button_url&#8220; _module_preset=&#8220;default&#8220;][\/et_pb_button][et_pb_button button_url=&#8220;@ET-DC@eyJkeW5hbWljIjp0cnVlLCJjb250ZW50IjoicG9zdF9saW5rX3VybF9wYWdlIiwic2V0dGluZ3MiOnsicG9zdF9pZCI6IjEzMTMifX0=@&#8220; button_text=&#8220;Technologick\u00e9 pokusy&#8220; _builder_version=&#8220;4.9.0&#8243; _dynamic_attributes=&#8220;button_url&#8220; _module_preset=&#8220;default&#8220;][\/et_pb_button][et_pb_button button_url=&#8220;@ET-DC@eyJkeW5hbWljIjp0cnVlLCJjb250ZW50IjoicG9zdF9saW5rX3VybF9wYWdlIiwic2V0dGluZ3MiOnsicG9zdF9pZCI6Ijc5In19@&#8220; button_text=&#8220;Pokusy se slune\u010dnic\u00ed&#8220; _builder_version=&#8220;4.9.0&#8243; _dynamic_attributes=&#8220;button_url&#8220; _module_preset=&#8220;default&#8220; hover_enabled=&#8220;0&#8243; sticky_enabled=&#8220;0&#8243;][\/et_pb_button][et_pb_button button_url=&#8220;@ET-DC@eyJkeW5hbWljIjp0cnVlLCJjb250ZW50IjoicG9zdF9saW5rX3VybF9wYWdlIiwic2V0dGluZ3MiOnsicG9zdF9pZCI6IjgxIn19@&#8220; button_text=&#8220;Ostatn\u00ed pokusy&#8220; _builder_version=&#8220;4.9.0&#8243; _dynamic_attributes=&#8220;button_url&#8220; _module_preset=&#8220;default&#8220; hover_enabled=&#8220;0&#8243; sticky_enabled=&#8220;0&#8243;][\/et_pb_button][\/et_pb_column][et_pb_column type=&#8220;2_5&#8243; _builder_version=&#8220;4.7.7&#8243; _module_preset=&#8220;default&#8220;][et_pb_image src=&#8220;https:\/\/www.spzo.cz\/wp-content\/uploads\/2021\/01\/DJI_0253.jpg&#8220; title_text=&#8220;DJI 0253&#8243; _builder_version=&#8220;4.8.1&#8243; _module_preset=&#8220;default&#8220;][\/et_pb_image][et_pb_image src=&#8220;https:\/\/www.spzo.cz\/wp-content\/uploads\/2021\/01\/DJI_0263.jpg&#8220; title_text=&#8220;DJI 0263&#8243; _builder_version=&#8220;4.8.1&#8243; _module_preset=&#8220;default&#8220;][\/et_pb_image][et_pb_image src=&#8220;https:\/\/www.spzo.cz\/wp-content\/uploads\/2021\/01\/DJI_0277.jpg&#8220; title_text=&#8220;DJI 0277&#8243; _builder_version=&#8220;4.8.1&#8243; _module_preset=&#8220;default&#8220;][\/et_pb_image][\/et_pb_column][\/et_pb_row][\/et_pb_section]<\/p>\n","protected":false},"excerpt":{"rendered":"<p>SPZO organizuje velmi rozs\u00e1hl\u00fd soubor poloprovozn\u00edch poln\u00edch pokus\u016f s \u0159epkou olejnou a slune\u010dnic\u00ed ro\u010dn\u00ed Nej\u0161ir\u0161\u00ed spektrum tvo\u0159\u00ed poloprovozn\u00ed odr\u016fdov\u00e9 pokusy, kter\u00e9 krom srovn\u00e1n\u00ed v\u00fdnos\u016f a dal\u0161\u00edch d\u016fle\u017eit\u00fdch p\u011bstitelsk\u00fdch vlastnost\u00ed umo\u017en\u00ed p\u011bstitel\u016fm shl\u00e9dnout aktu\u00e1ln\u00ed materi\u00e1ly p\u0159\u00edmo v\u00a0poln\u00edch podm\u00ednk\u00e1ch V\u00fdsledky a doporu\u010den\u00ed jsou pravideln\u011b publikov\u00e1ny a prezentov\u00e1ny v\u0161em \u010dlen\u016fm SPZO rovn\u011b\u017e na jarn\u00edch\u00a0semin\u00e1\u0159\u00edch\u00a0a\u00a0konferenci v Hluku Souhrn oblast\u00ed [&hellip;]<\/p>\n","protected":false},"author":1,"featured_media":0,"parent":0,"menu_order":0,"comment_status":"closed","ping_status":"closed","template":"","meta":{"_et_pb_use_builder":"on","_et_pb_old_content":"","_et_gb_content_width":"","footnotes":""},"class_list":["post-35","page","type-page","status-publish","hentry"],"_links":{"self":[{"href":"https:\/\/www.spzo.cz\/index.php?rest_route=\/wp\/v2\/pages\/35","targetHints":{"allow":["GET"]}}],"collection":[{"href":"https:\/\/www.spzo.cz\/index.php?rest_route=\/wp\/v2\/pages"}],"about":[{"href":"https:\/\/www.spzo.cz\/index.php?rest_route=\/wp\/v2\/types\/page"}],"author":[{"embeddable":true,"href":"https:\/\/www.spzo.cz\/index.php?rest_route=\/wp\/v2\/users\/1"}],"replies":[{"embeddable":true,"href":"https:\/\/www.spzo.cz\/index.php?rest_route=%2Fwp%2Fv2%2Fcomments&post=35"}],"version-history":[{"count":10,"href":"https:\/\/www.spzo.cz\/index.php?rest_route=\/wp\/v2\/pages\/35\/revisions"}],"predecessor-version":[{"id":1415,"href":"https:\/\/www.spzo.cz\/index.php?rest_route=\/wp\/v2\/pages\/35\/revisions\/1415"}],"wp:attachment":[{"href":"https:\/\/www.spzo.cz\/index.php?rest_route=%2Fwp%2Fv2%2Fmedia&parent=35"}],"curies":[{"name":"wp","href":"https:\/\/api.w.org\/{rel}","templated":true}]}}