{"id":41,"date":"2020-07-10T16:25:02","date_gmt":"2020-07-10T14:25:02","guid":{"rendered":"http:\/\/novyweb.spzo.cz\/?page_id=41"},"modified":"2025-03-21T12:56:38","modified_gmt":"2025-03-21T11:56:38","slug":"o-nas","status":"publish","type":"page","link":"https:\/\/www.spzo.cz\/?page_id=41","title":{"rendered":"O n\u00e1s"},"content":{"rendered":"<p>[et_pb_section fb_built=&#8220;1&#8243; fullwidth=&#8220;on&#8220; _builder_version=&#8220;4.16&#8243; _module_preset=&#8220;default&#8220; global_colors_info=&#8220;{}&#8220;][et_pb_fullwidth_image src=&#8220;https:\/\/www.spzo.cz\/wp-content\/uploads\/2020\/07\/zluty-pruh.jpg&#8220; alt=&#8220;\u017elut\u00fd pruh&#8220; title_text=&#8220;zluty-pruh&#8220; _builder_version=&#8220;4.16&#8243; _module_preset=&#8220;default&#8220; animation_style=&#8220;slide&#8220; global_colors_info=&#8220;{}&#8220;][\/et_pb_fullwidth_image][\/et_pb_section][et_pb_section fb_built=&#8220;1&#8243; _builder_version=&#8220;4.16&#8243; _module_preset=&#8220;default&#8220; background_color=&#8220;#ffefd1&#8243; min_height=&#8220;310px&#8220; custom_padding=&#8220;1px||2px|||&#8220; global_colors_info=&#8220;{}&#8220;][et_pb_row column_structure=&#8220;1_3,2_3&#8243; _builder_version=&#8220;4.16&#8243; _module_preset=&#8220;default&#8220; custom_margin=&#8220;|auto|-3px|auto||&#8220; custom_padding=&#8220;||4px|||&#8220; global_colors_info=&#8220;{}&#8220;][et_pb_column type=&#8220;1_3&#8243; _builder_version=&#8220;4.16&#8243; _module_preset=&#8220;default&#8220; global_colors_info=&#8220;{}&#8220;][et_pb_image src=&#8220;https:\/\/www.spzo.cz\/wp-content\/uploads\/2020\/07\/ruce.jpg&#8220; title_text=&#8220;ruce&#8220; _builder_version=&#8220;4.16&#8243; _module_preset=&#8220;default&#8220; global_colors_info=&#8220;{}&#8220;][\/et_pb_image][\/et_pb_column][et_pb_column type=&#8220;2_3&#8243; _builder_version=&#8220;4.16&#8243; _module_preset=&#8220;default&#8220; global_colors_info=&#8220;{}&#8220;][et_pb_text _builder_version=&#8220;4.16&#8243; _module_preset=&#8220;default&#8220; global_colors_info=&#8220;{}&#8220;]<\/p>\n<p>SPZO pro sv\u00e9 \u010dleny zaji\u0161\u0165uje jednotn\u00fd postup p\u0159i jedn\u00e1n\u00ed se st\u00e1tn\u00edmi \u00fa\u0159ady, dodavatelsko-odb\u011bratelsk\u00fdmi firmami a ostatn\u00edmi subjekty v cel\u00e9 vertik\u00e1le oblasti p\u011bstov\u00e1n\u00ed, zpracov\u00e1n\u00ed a vyu\u017eit\u00ed olejnin.<\/p>\n<p>&nbsp;<\/p>\n<ul>\n<li>Prov\u00e1d\u00ed \u0161irokou \u0161k\u00e1lu poloprovozn\u00edch i maloparceln\u00edch pokus\u016f<\/li>\n<li>Po\u0159\u00e1d\u00e1 semin\u00e1\u0159e, poln\u00ed k\u00e1z\u00e1n\u00ed a mezin\u00e1rodn\u00ed dvoudenn\u00ed konferenci<\/li>\n<li>Vyd\u00e1v\u00e1 \u010dtrn\u00e1ctiden\u00edk Kv\u011bty olejnin, p\u011bstitelsk\u00e9 metodiky a stanoviska k odr\u016fd\u00e1m a p\u0159\u00edpravk\u016fm<\/li>\n<li>Prost\u0159ednictv\u00edm deseti region\u00e1ln\u00edch agronom\u016f-specialist\u016f prov\u00e1d\u00ed celorepublikov\u00e9 poradenstv\u00ed v p\u011bstov\u00e1n\u00ed olejnin<\/li>\n<\/ul>\n<p>[\/et_pb_text][et_pb_text _builder_version=&#8220;4.27.4&#8243; _module_preset=&#8220;default&#8220; hover_enabled=&#8220;0&#8243; global_colors_info=&#8220;{}&#8220; sticky_enabled=&#8220;0&#8243;]<\/p>\n<p><strong>Provozn\u00ed doba: Pond\u011bl\u00ed \u2013 p\u00e1tek, 8:00 &#8211; 16:00<\/strong><\/p>\n<p><span>Pro zaji\u0161t\u011bn\u00ed n\u011bkter\u00fdch sv\u00fdch funkc\u00ed vlastn\u00ed Svaz dce\u0159inou spole\u010dnost SPZO s.r.o., kter\u00e1 z\u00edskala certifik\u00e1t na syst\u00e9m Advigreen.<\/span><\/p>\n<p>[\/et_pb_text][\/et_pb_column][\/et_pb_row][et_pb_row _builder_version=&#8220;4.16&#8243; _module_preset=&#8220;default&#8220; global_colors_info=&#8220;{}&#8220;][et_pb_column type=&#8220;4_4&#8243; _builder_version=&#8220;4.16&#8243; _module_preset=&#8220;default&#8220; global_colors_info=&#8220;{}&#8220;][et_pb_menu menu_id=&#8220;15&#8243; active_link_color=&#8220;#0c71c3&#8243; disabled_on=&#8220;on|off|off&#8220; _builder_version=&#8220;4.16&#8243; _module_preset=&#8220;default&#8220; menu_text_color=&#8220;#0c71c3&#8243; menu_font_size=&#8220;17px&#8220; menu_letter_spacing=&#8220;2px&#8220; background_color=&#8220;rgba(0,0,0,0)&#8220; text_orientation=&#8220;center&#8220; animation_style=&#8220;roll&#8220; global_colors_info=&#8220;{}&#8220;][\/et_pb_menu][\/et_pb_column][\/et_pb_row][\/et_pb_section][et_pb_section fb_built=&#8220;1&#8243; disabled_on=&#8220;on|on|on&#8220; _builder_version=&#8220;4.16&#8243; _module_preset=&#8220;default&#8220; background_color=&#8220;rgba(0,0,0,0)&#8220; custom_padding=&#8220;4px||6px|||&#8220; disabled=&#8220;on&#8220; global_colors_info=&#8220;{}&#8220;][et_pb_row column_structure=&#8220;1_6,1_6,1_6,1_6,1_6,1_6&#8243; _builder_version=&#8220;4.16&#8243; _module_preset=&#8220;default&#8220; custom_padding=&#8220;4px||7px|||&#8220; global_colors_info=&#8220;{}&#8220;][et_pb_column type=&#8220;1_6&#8243; _builder_version=&#8220;4.16&#8243; _module_preset=&#8220;default&#8220; global_colors_info=&#8220;{}&#8220;][et_pb_image src=&#8220;http:\/\/novyweb.spzo.cz\/wp-content\/uploads\/2020\/07\/tlacitko-sprava-svazu.png&#8220; alt=&#8220;Spr\u00e1va Svazu&#8220; title_text=&#8220;tlacitko-sprava-svazu&#8220; url=&#8220;@ET-DC@eyJkeW5hbWljIjp0cnVlLCJjb250ZW50IjoicG9zdF9saW5rX3VybF9wYWdlIiwic2V0dGluZ3MiOnsicG9zdF9pZCI6Ijk4In19@&#8220; use_overlay=&#8220;on&#8220; overlay_icon_color=&#8220;#5b8500&#8243; hover_overlay_color=&#8220;#ffffff&#8220; hover_icon=&#8220;&#xe046;||divi||400&#8243; align=&#8220;center&#8220; disabled_on=&#8220;off|off|off&#8220; admin_label=&#8220;tacitko sprava svazu&#8220; _builder_version=&#8220;4.16&#8243; _dynamic_attributes=&#8220;url&#8220; _module_preset=&#8220;default&#8220; background_color=&#8220;rgba(0,0,0,0)&#8220; max_width=&#8220;100%&#8220; animation_style=&#8220;slide&#8220; global_colors_info=&#8220;{}&#8220;][\/et_pb_image][\/et_pb_column][et_pb_column type=&#8220;1_6&#8243; _builder_version=&#8220;4.16&#8243; _module_preset=&#8220;default&#8220; global_colors_info=&#8220;{}&#8220;][et_pb_image src=&#8220;http:\/\/novyweb.spzo.cz\/wp-content\/uploads\/2020\/07\/tlacitko-agronomicka-sluzba.png&#8220; alt=&#8220;Agronomick\u00e1 slu\u017eba&#8220; title_text=&#8220;tlacitko-agronomicka-sluzba&#8220; url=&#8220;@ET-DC@eyJkeW5hbWljIjp0cnVlLCJjb250ZW50IjoicG9zdF9saW5rX3VybF9wYWdlIiwic2V0dGluZ3MiOnsicG9zdF9pZCI6IjEwMCJ9fQ==@&#8220; use_overlay=&#8220;on&#8220; overlay_icon_color=&#8220;#5b8500&#8243; hover_overlay_color=&#8220;#ffffff&#8220; hover_icon=&#8220;&#xe046;||divi||400&#8243; align=&#8220;center&#8220; disabled_on=&#8220;off|off|off&#8220; admin_label=&#8220;tacitko sprava svazu&#8220; _builder_version=&#8220;4.16&#8243; _dynamic_attributes=&#8220;url&#8220; _module_preset=&#8220;default&#8220; background_color=&#8220;rgba(0,0,0,0)&#8220; width=&#8220;100%&#8220; max_width=&#8220;100%&#8220; animation_style=&#8220;slide&#8220; global_colors_info=&#8220;{}&#8220;][\/et_pb_image][\/et_pb_column][et_pb_column type=&#8220;1_6&#8243; _builder_version=&#8220;4.16&#8243; _module_preset=&#8220;default&#8220; global_colors_info=&#8220;{}&#8220;][et_pb_image src=&#8220;http:\/\/novyweb.spzo.cz\/wp-content\/uploads\/2020\/07\/tlacitko-fabry.png&#8220; alt=&#8220;Profesor F\u00e1bry&#8220; title_text=&#8220;tlacitko-fabry&#8220; url=&#8220;@ET-DC@eyJkeW5hbWljIjp0cnVlLCJjb250ZW50IjoicG9zdF9saW5rX3VybF9wYWdlIiwic2V0dGluZ3MiOnsicG9zdF9pZCI6IjEwMiJ9fQ==@&#8220; use_overlay=&#8220;on&#8220; overlay_icon_color=&#8220;#5b8500&#8243; hover_overlay_color=&#8220;#ffffff&#8220; hover_icon=&#8220;&#xe046;||divi||400&#8243; align=&#8220;center&#8220; disabled_on=&#8220;off|off|off&#8220; admin_label=&#8220;tacitko sprava svazu&#8220; _builder_version=&#8220;4.16&#8243; _dynamic_attributes=&#8220;url&#8220; _module_preset=&#8220;default&#8220; background_color=&#8220;rgba(0,0,0,0)&#8220; width=&#8220;100%&#8220; max_width=&#8220;100%&#8220; animation_style=&#8220;slide&#8220; global_colors_info=&#8220;{}&#8220;][\/et_pb_image][\/et_pb_column][et_pb_column type=&#8220;1_6&#8243; _builder_version=&#8220;4.16&#8243; _module_preset=&#8220;default&#8220; global_colors_info=&#8220;{}&#8220;][et_pb_image src=&#8220;http:\/\/novyweb.spzo.cz\/wp-content\/uploads\/2020\/07\/tlacitko-clenstvi.png&#8220; alt=&#8220;\u010clenstv\u00ed&#8220; title_text=&#8220;tlacitko-clenstvi&#8220; url=&#8220;@ET-DC@eyJkeW5hbWljIjp0cnVlLCJjb250ZW50IjoicG9zdF9saW5rX3VybF9wYWdlIiwic2V0dGluZ3MiOnsicG9zdF9pZCI6IjEwNCJ9fQ==@&#8220; use_overlay=&#8220;on&#8220; overlay_icon_color=&#8220;#5b8500&#8243; hover_overlay_color=&#8220;#ffffff&#8220; hover_icon=&#8220;&#xe046;||divi||400&#8243; align=&#8220;center&#8220; disabled_on=&#8220;off|off|off&#8220; admin_label=&#8220;tacitko sprava svazu&#8220; _builder_version=&#8220;4.16&#8243; _dynamic_attributes=&#8220;url&#8220; _module_preset=&#8220;default&#8220; background_color=&#8220;rgba(0,0,0,0)&#8220; width=&#8220;100%&#8220; max_width=&#8220;100%&#8220; animation_style=&#8220;slide&#8220; global_colors_info=&#8220;{}&#8220;][\/et_pb_image][\/et_pb_column][et_pb_column type=&#8220;1_6&#8243; _builder_version=&#8220;4.16&#8243; _module_preset=&#8220;default&#8220; global_colors_info=&#8220;{}&#8220;][et_pb_image src=&#8220;http:\/\/novyweb.spzo.cz\/wp-content\/uploads\/2020\/07\/tlacitko-dokumenty.png&#8220; alt=&#8220;Dokumenty&#8220; title_text=&#8220;tlacitko-dokumenty&#8220; url=&#8220;@ET-DC@eyJkeW5hbWljIjp0cnVlLCJjb250ZW50IjoicG9zdF9saW5rX3VybF9wYWdlIiwic2V0dGluZ3MiOnsicG9zdF9pZCI6IjEwNiJ9fQ==@&#8220; use_overlay=&#8220;on&#8220; overlay_icon_color=&#8220;#5b8500&#8243; hover_overlay_color=&#8220;#ffffff&#8220; hover_icon=&#8220;&#xe046;||divi||400&#8243; align=&#8220;center&#8220; disabled_on=&#8220;off|off|off&#8220; admin_label=&#8220;tacitko sprava svazu&#8220; _builder_version=&#8220;4.16&#8243; _dynamic_attributes=&#8220;url&#8220; _module_preset=&#8220;default&#8220; background_color=&#8220;rgba(0,0,0,0)&#8220; width=&#8220;100%&#8220; max_width=&#8220;100%&#8220; animation_style=&#8220;slide&#8220; global_colors_info=&#8220;{}&#8220;][\/et_pb_image][\/et_pb_column][et_pb_column type=&#8220;1_6&#8243; _builder_version=&#8220;4.16&#8243; _module_preset=&#8220;default&#8220; global_colors_info=&#8220;{}&#8220;][et_pb_image src=&#8220;http:\/\/novyweb.spzo.cz\/wp-content\/uploads\/2020\/07\/tlacitko-spolupracujme.png&#8220; alt=&#8220;Spolupracujeme&#8220; title_text=&#8220;tlacitko-spolupracujme&#8220; url=&#8220;@ET-DC@eyJkeW5hbWljIjp0cnVlLCJjb250ZW50IjoicG9zdF9saW5rX3VybF9wYWdlIiwic2V0dGluZ3MiOnsicG9zdF9pZCI6IjEwOCJ9fQ==@&#8220; use_overlay=&#8220;on&#8220; overlay_icon_color=&#8220;#5b8500&#8243; hover_overlay_color=&#8220;#ffffff&#8220; hover_icon=&#8220;&#xe046;||divi||400&#8243; align=&#8220;center&#8220; disabled_on=&#8220;off|off|off&#8220; admin_label=&#8220;tacitko sprava svazu&#8220; _builder_version=&#8220;4.16&#8243; _dynamic_attributes=&#8220;url&#8220; _module_preset=&#8220;default&#8220; background_color=&#8220;rgba(0,0,0,0)&#8220; width=&#8220;100%&#8220; max_width=&#8220;100%&#8220; animation_style=&#8220;slide&#8220; global_colors_info=&#8220;{}&#8220;][\/et_pb_image][\/et_pb_column][\/et_pb_row][\/et_pb_section]<\/p>\n","protected":false},"excerpt":{"rendered":"<p>SPZO pro sv\u00e9 \u010dleny zaji\u0161\u0165uje jednotn\u00fd postup p\u0159i jedn\u00e1n\u00ed se st\u00e1tn\u00edmi \u00fa\u0159ady, dodavatelsko-odb\u011bratelsk\u00fdmi firmami a ostatn\u00edmi subjekty v cel\u00e9 vertik\u00e1le oblasti p\u011bstov\u00e1n\u00ed, zpracov\u00e1n\u00ed a vyu\u017eit\u00ed olejnin. &nbsp; Prov\u00e1d\u00ed \u0161irokou \u0161k\u00e1lu poloprovozn\u00edch i maloparceln\u00edch pokus\u016f Po\u0159\u00e1d\u00e1 semin\u00e1\u0159e, poln\u00ed k\u00e1z\u00e1n\u00ed a mezin\u00e1rodn\u00ed dvoudenn\u00ed konferenci Vyd\u00e1v\u00e1 \u010dtrn\u00e1ctiden\u00edk Kv\u011bty olejnin, p\u011bstitelsk\u00e9 metodiky a stanoviska k odr\u016fd\u00e1m a p\u0159\u00edpravk\u016fm Prost\u0159ednictv\u00edm [&hellip;]<\/p>\n","protected":false},"author":1,"featured_media":0,"parent":0,"menu_order":0,"comment_status":"closed","ping_status":"closed","template":"","meta":{"_et_pb_use_builder":"on","_et_pb_old_content":"","_et_gb_content_width":"","footnotes":""},"class_list":["post-41","page","type-page","status-publish","hentry"],"_links":{"self":[{"href":"https:\/\/www.spzo.cz\/index.php?rest_route=\/wp\/v2\/pages\/41","targetHints":{"allow":["GET"]}}],"collection":[{"href":"https:\/\/www.spzo.cz\/index.php?rest_route=\/wp\/v2\/pages"}],"about":[{"href":"https:\/\/www.spzo.cz\/index.php?rest_route=\/wp\/v2\/types\/page"}],"author":[{"embeddable":true,"href":"https:\/\/www.spzo.cz\/index.php?rest_route=\/wp\/v2\/users\/1"}],"replies":[{"embeddable":true,"href":"https:\/\/www.spzo.cz\/index.php?rest_route=%2Fwp%2Fv2%2Fcomments&post=41"}],"version-history":[{"count":28,"href":"https:\/\/www.spzo.cz\/index.php?rest_route=\/wp\/v2\/pages\/41\/revisions"}],"predecessor-version":[{"id":4075,"href":"https:\/\/www.spzo.cz\/index.php?rest_route=\/wp\/v2\/pages\/41\/revisions\/4075"}],"wp:attachment":[{"href":"https:\/\/www.spzo.cz\/index.php?rest_route=%2Fwp%2Fv2%2Fmedia&parent=41"}],"curies":[{"name":"wp","href":"https:\/\/api.w.org\/{rel}","templated":true}]}}