{"id":43,"date":"2020-07-10T16:25:15","date_gmt":"2020-07-10T14:25:15","guid":{"rendered":"http:\/\/novyweb.spzo.cz\/?page_id=43"},"modified":"2021-11-01T10:23:45","modified_gmt":"2021-11-01T09:23:45","slug":"media","status":"publish","type":"page","link":"https:\/\/www.spzo.cz\/?page_id=43","title":{"rendered":"M\u00e9dia"},"content":{"rendered":"<p>[et_pb_section fb_built=&#8220;1&#8243; fullwidth=&#8220;on&#8220; _builder_version=&#8220;4.5.0&#8243; _module_preset=&#8220;default&#8220; global_colors_info=&#8220;{}&#8220;][et_pb_fullwidth_image src=&#8220;https:\/\/www.spzo.cz\/wp-content\/uploads\/2020\/07\/zluty-pruh.jpg&#8220; alt=&#8220;\u017elut\u00fd pruh&#8220; title_text=&#8220;zluty-pruh&#8220; _builder_version=&#8220;4.8.1&#8243; _module_preset=&#8220;default&#8220; animation_style=&#8220;slide&#8220; global_colors_info=&#8220;{}&#8220;][\/et_pb_fullwidth_image][\/et_pb_section][et_pb_section fb_built=&#8220;1&#8243; _builder_version=&#8220;4.9.0&#8243; _module_preset=&#8220;default&#8220; background_color=&#8220;#ffefd1&#8243; custom_padding=&#8220;0px||8px|||&#8220; global_colors_info=&#8220;{}&#8220;][et_pb_row _builder_version=&#8220;4.9.0&#8243; _module_preset=&#8220;default&#8220; global_colors_info=&#8220;{}&#8220;][et_pb_column type=&#8220;4_4&#8243; _builder_version=&#8220;4.9.0&#8243; _module_preset=&#8220;default&#8220; global_colors_info=&#8220;{}&#8220;][et_pb_text _builder_version=&#8220;4.9.0&#8243; _module_preset=&#8220;default&#8220; global_colors_info=&#8220;{}&#8220;]<\/p>\n<p style=\"text-align: center;\"><em><strong>V\u00fdb\u011br televizn\u00edch a rozhlasov\u00fdch po\u0159ad\u016f s t\u00e9matikou \u0159epky olejky. Kliknut\u00edm na obr\u00e1zek se dostanete na str\u00e1nky po\u0159adu.<\/strong><\/em><\/p>\n<p>[\/et_pb_text][\/et_pb_column][\/et_pb_row][\/et_pb_section][et_pb_section fb_built=&#8220;1&#8243; _builder_version=&#8220;4.7.7&#8243; _module_preset=&#8220;default&#8220; background_color=&#8220;#ffefd1&#8243; min_height=&#8220;310px&#8220; custom_padding=&#8220;1px||2px|||&#8220; global_colors_info=&#8220;{}&#8220;][et_pb_row column_structure=&#8220;1_3,1_3,1_3&#8243; _builder_version=&#8220;4.9.0&#8243; _module_preset=&#8220;default&#8220; global_colors_info=&#8220;{}&#8220;][et_pb_column type=&#8220;1_3&#8243; _builder_version=&#8220;4.9.0&#8243; _module_preset=&#8220;default&#8220; global_colors_info=&#8220;{}&#8220;][et_pb_blurb title=&#8220;Zna\u010den\u00ed v\u00fd\u017eivov\u00e9 hodnoty potravin&#8220; url=&#8220;https:\/\/tvzemedelec.cz\/znaceni-vyzivove-hodnoty-potravin\/&#8220; image=&#8220;https:\/\/www.spzo.cz\/wp-content\/uploads\/2021\/11\/tlacitko-media-brat-3.png&#8220; _builder_version=&#8220;4.12.0&#8243; _module_preset=&#8220;default&#8220; header_level=&#8220;h2&#8243; header_text_color=&#8220;#0d4f07&#8243; link_option_url=&#8220;https:\/\/tvzemedelec.cz\/znaceni-vyzivove-hodnoty-potravin\/&#8220; hover_enabled=&#8220;0&#8243; global_colors_info=&#8220;{}&#8220; title_text=&#8220;Tlacitko Media Brat 3&#8243; sticky_enabled=&#8220;0&#8243;]<\/p>\n<p>Doc. Ing. Ji\u0159\u00ed Br\u00e1t, CSc. hovo\u0159\u00ed na TV Zem\u011bd\u011blec o zna\u010den\u00ed v\u00fd\u017eivov\u00fdch hodnot na potravin\u00e1ch a o potravinov\u00e9 pyramid\u011b.<\/p>\n<p>[\/et_pb_blurb][\/et_pb_column][et_pb_column type=&#8220;1_3&#8243; _builder_version=&#8220;4.9.0&#8243; _module_preset=&#8220;default&#8220; global_colors_info=&#8220;{}&#8220;][et_pb_blurb title=&#8220;\u0158epka vys\u00e1v\u00e1 p\u016fdu a zne\u010di\u0161\u0165uje vodu. \u201eAle vyplat\u00ed se,\u201c obhajuje zem\u011bd\u011blce \u0161\u00e9f svazu p\u011bstitel\u016f&#8220; url=&#8220;https:\/\/plus.rozhlas.cz\/repka-vysava-pudu-a-znecistuje-vodu-ale-vyplati-se-obhajuje-zemedelce-sef-svazu-6506498&#8243; image=&#8220;https:\/\/www.spzo.cz\/wp-content\/uploads\/2021\/03\/tlacitko-cr-plus.png&#8220; _builder_version=&#8220;4.9.0&#8243; _module_preset=&#8220;default&#8220; header_level=&#8220;h2&#8243; header_text_color=&#8220;#0d4f07&#8243; link_option_url=&#8220;https:\/\/plus.rozhlas.cz\/repka-vysava-pudu-a-znecistuje-vodu-ale-vyplati-se-obhajuje-zemedelce-sef-svazu-6506498&#8243; global_colors_info=&#8220;{}&#8220;]<\/p>\n<p>Bude \u010cesko d\u00e1le p\u011bstovat \u0159epku ve velk\u00e9m, tak jak \u010din\u00ed dosud, i kdy\u017e boom biopaliv nejen v EU ust\u00e1v\u00e1? Hosty Tom\u00e1\u0161e Pavl\u00ed\u010dka byli \u0159editel Svazu p\u011bstitel\u016f a zpracovatel\u016f olejnin Martin Volf a odborn\u00edk na zem\u011bd\u011blstv\u00ed a venkov Franti\u0161ek Havl\u00e1t.<\/p>\n<p>[\/et_pb_blurb][\/et_pb_column][et_pb_column type=&#8220;1_3&#8243; _builder_version=&#8220;4.9.0&#8243; _module_preset=&#8220;default&#8220; global_colors_info=&#8220;{}&#8220;][et_pb_blurb title=&#8220;Co s krajinou ud\u011bl\u00e1 z\u00e1kaz \u0159epky v naft\u011b?&#8220; url=&#8220;https:\/\/www.televizeseznam.cz\/video\/duel\/zabrala-biopaliva-pole-potravinam-duel-pavla-poce-z-cssd-a-petra-baranyka-ze-svazu-pestitelu-340812&#8243; image=&#8220;https:\/\/www.spzo.cz\/wp-content\/uploads\/2021\/03\/tlacitko-baranyk-2.png&#8220; _builder_version=&#8220;4.9.0&#8243; _module_preset=&#8220;default&#8220; header_level=&#8220;h2&#8243; header_text_color=&#8220;#0d4f07&#8243; link_option_url=&#8220;https:\/\/www.televizeseznam.cz\/video\/duel\/zabrala-biopaliva-pole-potravinam-duel-pavla-poce-z-cssd-a-petra-baranyka-ze-svazu-pestitelu-340812&#8243; global_colors_info=&#8220;{}&#8220;]<\/p>\n<p>P\u0159ipravujeme se p\u011bstov\u00e1n\u00edm rostlin na biopaliva o potraviny? Europoslanci cht\u011bj\u00ed do roku 2030 pou\u017e\u00edv\u00e1n\u00ed biopaliv z t\u011bchto plodin zak\u00e1zat. \u010cesko je proti.<br \/> O z\u00e1kazu se povedou je\u0161t\u011b dlouh\u00e1 jedn\u00e1n\u00ed, do jak\u00e9 m\u00edry by kone\u010dn\u00fd z\u00e1kaz po\u0161kodil tuzemsk\u00e9 zem\u011bd\u011blce a jak by naopak pomohl br\u00e1nit ni\u010den\u00ed zem\u011bd\u011blsk\u00e9 p\u016fdy, o tom diskutovali v Duelu europoslanec za \u010cSSD Pavel Poc a Petr Baranyk ze Svazu p\u011bstitel\u016f olejnin.<\/p>\n<p>[\/et_pb_blurb][\/et_pb_column][\/et_pb_row][et_pb_row column_structure=&#8220;1_3,1_3,1_3&#8243; _builder_version=&#8220;4.9.0&#8243; _module_preset=&#8220;default&#8220; global_colors_info=&#8220;{}&#8220;][et_pb_column type=&#8220;1_3&#8243; _builder_version=&#8220;4.9.0&#8243; _module_preset=&#8220;default&#8220; global_colors_info=&#8220;{}&#8220;][et_pb_blurb title=&#8220;\u0158epka v duelu Blesku&#8220; url=&#8220;https:\/\/www.blesk.cz\/clanek\/zpravy-udalosti\/605651\/repka-v-duelu-blesku-vedec-zminil-smrst-kritiky-pestitel-nasel-pozitiva.html&#8220; image=&#8220;https:\/\/www.spzo.cz\/wp-content\/uploads\/2021\/03\/tlacitko-baranyk.png&#8220; _builder_version=&#8220;4.9.0&#8243; _module_preset=&#8220;default&#8220; header_level=&#8220;h2&#8243; header_text_color=&#8220;#0d4f07&#8243; link_option_url=&#8220;https:\/\/www.blesk.cz\/clanek\/zpravy-udalosti\/605651\/repka-v-duelu-blesku-vedec-zminil-smrst-kritiky-pestitel-nasel-pozitiva.html&#8220; global_colors_info=&#8220;{}&#8220;]<\/p>\n<p>Kdo se v t\u011bchto dnech dostane do bl\u00edzkosti pole, pravd\u011bpodobn\u011b j\u00ed neunikne. \u0158epka olejn\u00e1 pat\u0159\u00ed d\u00edky sv\u00e9 \u017elut\u00e9 barv\u011b a velk\u00e9 osevn\u00ed plo\u0161e mezi nejv\u00fdrazn\u011bj\u0161\u00ed \u010desk\u00e9 plodiny. Jen\u017ee jej\u00ed p\u011bstov\u00e1n\u00ed, hlavn\u011b pro pou\u017eit\u00ed do biopaliv, nen\u00ed ekologick\u00e9, jak \u0159ekl v Epicentru p\u0159\u00edrodov\u011bdec Jakub Hru\u0161ka z \u010cesk\u00e9 geologick\u00e9 slu\u017eby. \u0158epka je jako potrava jedovat\u00e1 pro zv\u011b\u0159, p\u0159ipojil. Podle jeho oponenta Petra Baranyka ze Svazu p\u011bstitel\u016f a zpracovatel\u016f olejnin ale rostlina z\u00farod\u0148uje p\u016fdu a chr\u00e1n\u00ed ji proti erozi.<\/p>\n<p>[\/et_pb_blurb][\/et_pb_column][et_pb_column type=&#8220;1_3&#8243; _builder_version=&#8220;4.9.0&#8243; _module_preset=&#8220;default&#8220; global_colors_info=&#8220;{}&#8220;][et_pb_blurb title=&#8220;Fakta a m\u00fdty o p\u011bstov\u00e1n\u00ed \u0159epky I.&#8220; url=&#8220;https:\/\/tvzemedelec.cz\/fakta-a-myty-o-pestovani-repky-i\/&#8220; image=&#8220;https:\/\/www.spzo.cz\/wp-content\/uploads\/2021\/03\/tlacitko-brat-1.png&#8220; _builder_version=&#8220;4.9.0&#8243; _module_preset=&#8220;default&#8220; header_level=&#8220;h2&#8243; header_text_color=&#8220;#0d4f07&#8243; link_option_url=&#8220;https:\/\/tvzemedelec.cz\/fakta-a-myty-o-pestovani-repky-i\/&#8220; global_colors_info=&#8220;{}&#8220;][\/et_pb_blurb][\/et_pb_column][et_pb_column type=&#8220;1_3&#8243; _builder_version=&#8220;4.9.0&#8243; _module_preset=&#8220;default&#8220; global_colors_info=&#8220;{}&#8220;][et_pb_blurb title=&#8220;Fakta a m\u00fdty o p\u011bstov\u00e1n\u00ed \u0159epky II.&#8220; url=&#8220;https:\/\/tvzemedelec.cz\/fakta-a-myty-o-pestovani-repky-ii\/&#8220; image=&#8220;https:\/\/www.spzo.cz\/wp-content\/uploads\/2021\/03\/tlacitko-brat-2.png&#8220; _builder_version=&#8220;4.9.0&#8243; _module_preset=&#8220;default&#8220; header_level=&#8220;h2&#8243; header_text_color=&#8220;#0d4f07&#8243; link_option_url=&#8220;https:\/\/tvzemedelec.cz\/fakta-a-myty-o-pestovani-repky-ii\/&#8220; global_colors_info=&#8220;{}&#8220;][\/et_pb_blurb][\/et_pb_column][\/et_pb_row][et_pb_row column_structure=&#8220;1_3,1_3,1_3&#8243; _builder_version=&#8220;4.9.0&#8243; _module_preset=&#8220;default&#8220; global_colors_info=&#8220;{}&#8220;][et_pb_column type=&#8220;1_3&#8243; _builder_version=&#8220;4.9.0&#8243; _module_preset=&#8220;default&#8220; global_colors_info=&#8220;{}&#8220;][et_pb_blurb title=&#8220;Krajina z\u00e1\u0159\u00ed \u017elut\u011b! M\u00e1me se radovat nebo b\u00e1t?&#8220; url=&#8220;https:\/\/prehravac.rozhlas.cz\/audio\/3410198&#8243; image=&#8220;https:\/\/www.spzo.cz\/wp-content\/uploads\/2021\/03\/tlacitko-cr-dvojka.png&#8220; _builder_version=&#8220;4.9.0&#8243; _module_preset=&#8220;default&#8220; header_level=&#8220;h2&#8243; header_text_color=&#8220;#0d4f07&#8243; link_option_url=&#8220;https:\/\/prehravac.rozhlas.cz\/audio\/3410198&#8243; global_colors_info=&#8220;{}&#8220;][\/et_pb_blurb][\/et_pb_column][et_pb_column type=&#8220;1_3&#8243; _builder_version=&#8220;4.9.0&#8243; _module_preset=&#8220;default&#8220; global_colors_info=&#8220;{}&#8220;][et_pb_blurb title=&#8220;M\u00fdty o \u0159epce olejce&#8220; url=&#8220;https:\/\/www.spzo.cz\/wp-content\/uploads\/2021\/video\/repka-video.mp4&#8243; image=&#8220;https:\/\/www.spzo.cz\/wp-content\/uploads\/2021\/03\/tlacitko-myty-video.png&#8220; _builder_version=&#8220;4.9.2&#8243; _module_preset=&#8220;default&#8220; header_level=&#8220;h2&#8243; header_text_color=&#8220;#0d4f07&#8243; link_option_url=&#8220;https:\/\/www.spzo.cz\/wp-content\/uploads\/2021\/video\/repka-video.mp4&#8243; global_colors_info=&#8220;{}&#8220;][\/et_pb_blurb][\/et_pb_column][et_pb_column type=&#8220;1_3&#8243; _builder_version=&#8220;4.9.0&#8243; _module_preset=&#8220;default&#8220; global_colors_info=&#8220;{}&#8220;][et_pb_blurb title=&#8220;Zem\u011bd\u011blec h\u00e1j\u00ed \u017elut\u00e1 pole: \u0158epka je nenahraditeln\u00e1, p\u016fd\u011b ne\u0161kod\u00ed, ale pom\u00e1h\u00e1, tvrd\u00ed Divi\u0161&#8220; url=&#8220;https:\/\/video.aktualne.cz\/dvtv\/zemedelec-haji-zluta-pole-repka-je-nenahraditelna-pude-nesko\/r~f7260b1653b511e894960cc47ab5f122\/&#8220; image=&#8220;https:\/\/www.spzo.cz\/wp-content\/uploads\/2021\/03\/tlacitko-divis.png&#8220; _builder_version=&#8220;4.9.2&#8243; _module_preset=&#8220;default&#8220; header_level=&#8220;h2&#8243; header_text_color=&#8220;#0d4f07&#8243; link_option_url=&#8220;https:\/\/video.aktualne.cz\/dvtv\/zemedelec-haji-zluta-pole-repka-je-nenahraditelna-pude-nesko\/r~f7260b1653b511e894960cc47ab5f122\/&#8220; global_colors_info=&#8220;{}&#8220;][\/et_pb_blurb][\/et_pb_column][\/et_pb_row][et_pb_row column_structure=&#8220;1_3,1_3,1_3&#8243; _builder_version=&#8220;4.9.0&#8243; _module_preset=&#8220;default&#8220; global_colors_info=&#8220;{}&#8220;][et_pb_column type=&#8220;1_3&#8243; _builder_version=&#8220;4.9.0&#8243; _module_preset=&#8220;default&#8220; global_colors_info=&#8220;{}&#8220;][et_pb_blurb title=&#8220;SPZO ze \u0160v\u00e9dska dovezl st\u0159\u00edbro&#8220; url=&#8220;https:\/\/www.uroda.cz\/svaz-ze-svedska-dovezl-stribro\/&#8220; image=&#8220;https:\/\/www.spzo.cz\/wp-content\/uploads\/2021\/03\/svedsko.png&#8220; _builder_version=&#8220;4.9.2&#8243; _module_preset=&#8220;default&#8220; header_level=&#8220;h2&#8243; header_text_color=&#8220;#0d4f07&#8243; link_option_url=&#8220;https:\/\/www.uroda.cz\/svaz-ze-svedska-dovezl-stribro\/&#8220; global_colors_info=&#8220;{}&#8220;][\/et_pb_blurb][\/et_pb_column][et_pb_column type=&#8220;1_3&#8243; _builder_version=&#8220;4.9.0&#8243; _module_preset=&#8220;default&#8220; global_colors_info=&#8220;{}&#8220;][\/et_pb_column][et_pb_column type=&#8220;1_3&#8243; _builder_version=&#8220;4.9.0&#8243; _module_preset=&#8220;default&#8220; global_colors_info=&#8220;{}&#8220;][\/et_pb_column][\/et_pb_row][\/et_pb_section]<\/p>\n","protected":false},"excerpt":{"rendered":"<p>V\u00fdb\u011br televizn\u00edch a rozhlasov\u00fdch po\u0159ad\u016f s t\u00e9matikou \u0159epky olejky. Kliknut\u00edm na obr\u00e1zek se dostanete na str\u00e1nky po\u0159adu.Doc. Ing. Ji\u0159\u00ed Br\u00e1t, CSc. hovo\u0159\u00ed na TV Zem\u011bd\u011blec o zna\u010den\u00ed v\u00fd\u017eivov\u00fdch hodnot na potravin\u00e1ch a o potravinov\u00e9 pyramid\u011b.Bude \u010cesko d\u00e1le p\u011bstovat \u0159epku ve velk\u00e9m, tak jak \u010din\u00ed dosud, i kdy\u017e boom biopaliv nejen v EU ust\u00e1v\u00e1? Hosty Tom\u00e1\u0161e [&hellip;]<\/p>\n","protected":false},"author":1,"featured_media":0,"parent":0,"menu_order":0,"comment_status":"closed","ping_status":"closed","template":"","meta":{"_et_pb_use_builder":"on","_et_pb_old_content":"","_et_gb_content_width":"","footnotes":""},"class_list":["post-43","page","type-page","status-publish","hentry"],"_links":{"self":[{"href":"https:\/\/www.spzo.cz\/index.php?rest_route=\/wp\/v2\/pages\/43","targetHints":{"allow":["GET"]}}],"collection":[{"href":"https:\/\/www.spzo.cz\/index.php?rest_route=\/wp\/v2\/pages"}],"about":[{"href":"https:\/\/www.spzo.cz\/index.php?rest_route=\/wp\/v2\/types\/page"}],"author":[{"embeddable":true,"href":"https:\/\/www.spzo.cz\/index.php?rest_route=\/wp\/v2\/users\/1"}],"replies":[{"embeddable":true,"href":"https:\/\/www.spzo.cz\/index.php?rest_route=%2Fwp%2Fv2%2Fcomments&post=43"}],"version-history":[{"count":29,"href":"https:\/\/www.spzo.cz\/index.php?rest_route=\/wp\/v2\/pages\/43\/revisions"}],"predecessor-version":[{"id":2081,"href":"https:\/\/www.spzo.cz\/index.php?rest_route=\/wp\/v2\/pages\/43\/revisions\/2081"}],"wp:attachment":[{"href":"https:\/\/www.spzo.cz\/index.php?rest_route=%2Fwp%2Fv2%2Fmedia&parent=43"}],"curies":[{"name":"wp","href":"https:\/\/api.w.org\/{rel}","templated":true}]}}