{"id":524,"date":"2020-12-29T10:42:39","date_gmt":"2020-12-29T09:42:39","guid":{"rendered":"http:\/\/novyweb.spzo.cz\/?page_id=524"},"modified":"2021-03-16T15:15:54","modified_gmt":"2021-03-16T14:15:54","slug":"vcely-pokusy","status":"publish","type":"page","link":"https:\/\/www.spzo.cz\/?page_id=524","title":{"rendered":"V\u010dely pokusy"},"content":{"rendered":"<p>[et_pb_section fb_built=&#8220;1&#8243; fullwidth=&#8220;on&#8220; _builder_version=&#8220;4.5.0&#8243; _module_preset=&#8220;default&#8220;][et_pb_fullwidth_image src=&#8220;https:\/\/www.spzo.cz\/wp-content\/uploads\/2020\/07\/zluty-pruh-uzsi.jpg&#8220; alt=&#8220;\u017elut\u00fd pruh&#8220; title_text=&#8220;zluty-pruh-uzsi&#8220; _builder_version=&#8220;4.8.1&#8243; _module_preset=&#8220;default&#8220; animation_style=&#8220;slide&#8220;][\/et_pb_fullwidth_image][\/et_pb_section][et_pb_section fb_built=&#8220;1&#8243; _builder_version=&#8220;4.7.7&#8243; _module_preset=&#8220;default&#8220; background_color=&#8220;#ffefd1&#8243;][et_pb_row column_structure=&#8220;3_5,2_5&#8243; _builder_version=&#8220;4.7.7&#8243; _module_preset=&#8220;default&#8220;][et_pb_column type=&#8220;3_5&#8243; _builder_version=&#8220;4.7.7&#8243; _module_preset=&#8220;default&#8220;][et_pb_text _builder_version=&#8220;4.7.7&#8243; _module_preset=&#8220;default&#8220;]<\/p>\n<div class=\"entry-content\">\n<p>\u0158epka olejka je v\u00a0dne\u0161n\u00ed dob\u011b jednou z\u00a0nejp\u011bstovan\u011bj\u0161\u00edch plodin v \u010cR. Ka\u017ed\u00fd rok jsou u t\u00e9to plodiny po\u017eadov\u00e1ny ty nejvy\u0161\u0161\u00ed v\u00fdnosy, av\u0161ak k\u00a0jejich dosa\u017een\u00ed je nutn\u00e9 aplikovat do porost\u016f \u0159epky n\u011bkolikr\u00e1t b\u011bhem vegetace pesticidy, hnojiva a mnoh\u00e9 typy pomocn\u00fdch l\u00e1tek. Rozsah aplikac\u00ed t\u011bchto l\u00e1tek je ze v\u0161ech plodin p\u011bstovan\u00fdch na orn\u00e9 p\u016fd\u011b v \u010cesk\u00e9 republice do \u0159epky nejv\u011bt\u0161\u00ed. Se zvy\u0161uj\u00edc\u00edmi se plochami ozim\u00e9 \u0159epky se se st\u00e1le zvy\u0161uje z\u00e1jem obyvatelstva i o dopady t\u011bchto velk\u00fdch \u017elut\u011b kvetouc\u00edch pol\u00ed na okoln\u00ed prost\u0159ed\u00ed.<\/p>\n<p>O v\u010del\u00e1ch je zn\u00e1mo, \u017ee p\u0159i vyhled\u00e1v\u00e1n\u00ed potravy up\u0159ednost\u0148uj\u00ed ur\u010dit\u00e9 spektrum barev kv\u011bt\u016f a tak\u00e9 preferuj\u00ed ur\u010dit\u00e9 l\u00e1tky (v\u016fn\u011b) vylou\u010den\u00e9 rostlinou. A pr\u00e1v\u011b tyto p\u0159irozen\u00e9 vlastnosti rostlin jsou pravd\u011bpodobn\u011b ovliv\u0148ov\u00e1ny foli\u00e1rn\u00ed aplikac\u00ed pesticid\u016f a dal\u0161\u00edch l\u00e1tek.\u00a0<\/p>\n<p>&nbsp;<\/p>\n<\/div>\n<p>[\/et_pb_text][et_pb_text _builder_version=&#8220;4.9.0&#8243; _module_preset=&#8220;default&#8220; hover_enabled=&#8220;0&#8243; sticky_enabled=&#8220;0&#8243; disabled_on=&#8220;on|on|on&#8220; disabled=&#8220;on&#8220;]<\/p>\n<ul>\n<li><strong><a href=\"?page_id=530\">Insekticidn\u00ed pokusy \u2013 2014<\/a><\/strong><\/li>\n<li><strong><a href=\"?page_id=535\">Odr\u016fdov\u00e9 pokusy s\u00a0odli\u0161nou agrotechnikou \u2013 2014<\/a><\/strong><\/li>\n<li><strong><a href=\"?page_id=539\">Nektarod\u00e1rnost odr\u016fd \u2013 2014<\/a><\/strong><\/li>\n<li><a href=\"?page_id=543\"><strong>Odr\u016fdov\u00e9 pokusy (jarn\u00ed \u0159epka) \u2013 2014<\/strong><\/a><\/li>\n<\/ul>\n<p>[\/et_pb_text][divi_wpfd_file_category _builder_version=&#8220;4.9.0&#8243; _module_preset=&#8220;default&#8220; category_id=&#8220;{%22categoryId%22:%2284%22,%22categoryPath%22:%22V\u010dely pokusy%22}&#8220; hover_enabled=&#8220;0&#8243; sticky_enabled=&#8220;0&#8243;][\/divi_wpfd_file_category][\/et_pb_column][et_pb_column type=&#8220;2_5&#8243; _builder_version=&#8220;4.7.7&#8243; _module_preset=&#8220;default&#8220;][et_pb_image src=&#8220;https:\/\/www.spzo.cz\/wp-content\/uploads\/2020\/12\/vcelar-2.jpg&#8220; title_text=&#8220;Vcelar 2&#8243; _builder_version=&#8220;4.8.1&#8243; _module_preset=&#8220;default&#8220; animation_style=&#8220;slide&#8220; animation_direction=&#8220;right&#8220;][\/et_pb_image][\/et_pb_column][\/et_pb_row][\/et_pb_section]<\/p>\n","protected":false},"excerpt":{"rendered":"<p>\u0158epka olejka je v\u00a0dne\u0161n\u00ed dob\u011b jednou z\u00a0nejp\u011bstovan\u011bj\u0161\u00edch plodin v \u010cR. Ka\u017ed\u00fd rok jsou u t\u00e9to plodiny po\u017eadov\u00e1ny ty nejvy\u0161\u0161\u00ed v\u00fdnosy, av\u0161ak k\u00a0jejich dosa\u017een\u00ed je nutn\u00e9 aplikovat do porost\u016f \u0159epky n\u011bkolikr\u00e1t b\u011bhem vegetace pesticidy, hnojiva a mnoh\u00e9 typy pomocn\u00fdch l\u00e1tek. Rozsah aplikac\u00ed t\u011bchto l\u00e1tek je ze v\u0161ech plodin p\u011bstovan\u00fdch na orn\u00e9 p\u016fd\u011b v \u010cesk\u00e9 republice do [&hellip;]<\/p>\n","protected":false},"author":1,"featured_media":0,"parent":84,"menu_order":0,"comment_status":"closed","ping_status":"closed","template":"","meta":{"_et_pb_use_builder":"on","_et_pb_old_content":"","_et_gb_content_width":"","footnotes":""},"class_list":["post-524","page","type-page","status-publish","hentry"],"_links":{"self":[{"href":"https:\/\/www.spzo.cz\/index.php?rest_route=\/wp\/v2\/pages\/524","targetHints":{"allow":["GET"]}}],"collection":[{"href":"https:\/\/www.spzo.cz\/index.php?rest_route=\/wp\/v2\/pages"}],"about":[{"href":"https:\/\/www.spzo.cz\/index.php?rest_route=\/wp\/v2\/types\/page"}],"author":[{"embeddable":true,"href":"https:\/\/www.spzo.cz\/index.php?rest_route=\/wp\/v2\/users\/1"}],"replies":[{"embeddable":true,"href":"https:\/\/www.spzo.cz\/index.php?rest_route=%2Fwp%2Fv2%2Fcomments&post=524"}],"version-history":[{"count":11,"href":"https:\/\/www.spzo.cz\/index.php?rest_route=\/wp\/v2\/pages\/524\/revisions"}],"predecessor-version":[{"id":1470,"href":"https:\/\/www.spzo.cz\/index.php?rest_route=\/wp\/v2\/pages\/524\/revisions\/1470"}],"up":[{"embeddable":true,"href":"https:\/\/www.spzo.cz\/index.php?rest_route=\/wp\/v2\/pages\/84"}],"wp:attachment":[{"href":"https:\/\/www.spzo.cz\/index.php?rest_route=%2Fwp%2Fv2%2Fmedia&parent=524"}],"curies":[{"name":"wp","href":"https:\/\/api.w.org\/{rel}","templated":true}]}}