{"id":53,"date":"2020-07-10T16:27:37","date_gmt":"2020-07-10T14:27:37","guid":{"rendered":"http:\/\/novyweb.spzo.cz\/?page_id=53"},"modified":"2023-08-08T11:33:55","modified_gmt":"2023-08-08T09:33:55","slug":"polni-kazani-slunecnice","status":"publish","type":"page","link":"https:\/\/www.spzo.cz\/?page_id=53","title":{"rendered":"Poln\u00ed k\u00e1z\u00e1n\u00ed &#8211; slune\u010dnice"},"content":{"rendered":"<p>[et_pb_section fb_built=&#8220;1&#8243; fullwidth=&#8220;on&#8220; _builder_version=&#8220;4.16&#8243; _module_preset=&#8220;default&#8220; global_colors_info=&#8220;{}&#8220;][et_pb_fullwidth_image src=&#8220;https:\/\/www.spzo.cz\/wp-content\/uploads\/2020\/07\/zluty-pruh.jpg&#8220; alt=&#8220;\u017elut\u00fd pruh&#8220; title_text=&#8220;zluty-pruh&#8220; _builder_version=&#8220;4.16&#8243; _module_preset=&#8220;default&#8220; animation_style=&#8220;slide&#8220; global_colors_info=&#8220;{}&#8220;][\/et_pb_fullwidth_image][\/et_pb_section][et_pb_section fb_built=&#8220;1&#8243; _builder_version=&#8220;4.16&#8243; _module_preset=&#8220;default&#8220; background_color=&#8220;#ffefd1&#8243; global_colors_info=&#8220;{}&#8220;][et_pb_row column_structure=&#8220;2_3,1_3&#8243; _builder_version=&#8220;4.16&#8243; _module_preset=&#8220;default&#8220; background_color=&#8220;#ffefd1&#8243; global_colors_info=&#8220;{}&#8220;][et_pb_column type=&#8220;2_3&#8243; _builder_version=&#8220;4.16&#8243; _module_preset=&#8220;default&#8220; global_colors_info=&#8220;{}&#8220;][et_pb_text _builder_version=&#8220;4.16&#8243; _module_preset=&#8220;default&#8220; global_colors_info=&#8220;{}&#8220;]<\/p>\n<h1 class=\"entry-title\"><strong>POLN\u00cd K\u00c1Z\u00c1N\u00cd \u2013 slune\u010dnice<\/strong><\/h1>\n<p><strong><\/strong><\/p>\n<p><strong><span>Svaz p\u011bstitel\u016f a zpracovatel\u016f olejnin pravideln\u011b ka\u017edoro\u010dn\u011b v\u00a0srpnuorganizuje:<\/span><\/strong><\/p>\n<ul>\n<li>4 semin\u00e1\u0159e, tzv. \u201epoln\u00edch k\u00e1z\u00e1n\u00ed\u201c na odr\u016fdov\u00fdch pokusech se slune\u010dnic\u00ed<\/li>\n<li>\n<div><span>P\u011bstitel\u00e9 ze zem\u011bd\u011blsk\u00fdch podnik\u016f shl\u00e9dnou na pol\u00edch vzhled a stav jednotliv\u00fdch odr\u016fd s\u00a0odborn\u00fdm v\u00fdkladem z\u00a0hlediska ranosti, odolnosti proti chorob\u00e1m a dal\u0161\u00edch znac\u00edch d\u016fle\u017eit\u00fdch pro velkoplo\u0161n\u00e9 p\u011bstov\u00e1n\u00ed. D\u00e1le se sezn\u00e1m\u00ed s\u00a0v\u00fdskytem chorob a \u0161k\u016fdc\u016f.<\/span><\/div>\n<div><span><\/span><\/div>\n<\/li>\n<\/ul>\n<div>\n<p><strong>Odborn\u00fd v\u00fdklad poskytuj\u00ed:<\/strong><\/p>\n<div><span>Ing. Bo\u017eet\u011bch M\u00e1lek, Ing. Karel \u0158\u00edha, Ing. Marek Povoln\u00fd. a dal\u0161\u00ed pracovn\u00edci Svazu, v\u00fdzkumn\u00fdch \u00fastav\u016f a univerzit.<\/span><\/div>\n<div><span><\/span><\/div>\n<\/div>\n<p>[\/et_pb_text][et_pb_text _builder_version=&#8220;4.21.0&#8243; _module_preset=&#8220;default&#8220; hover_enabled=&#8220;0&#8243; global_colors_info=&#8220;{}&#8220; sticky_enabled=&#8220;0&#8243;]<\/p>\n<h1 class=\"entry-title\"><strong>POLN\u00cd K\u00c1Z\u00c1N\u00cd \u2013 2023<\/strong><\/h1>\n<p><strong><\/strong><\/p>\n<p><strong><span>Zveme v\u00e1s na poln\u00ed k\u00e1z\u00e1n\u00ed 2023:<\/span><\/strong><\/p>\n<ul>\n<li><span style=\"color: #157f1a;\"><strong>3.8. &#8211; Jihomoravsk\u00fd region &#8211; Slup<\/strong><\/span>, okres Znojmo (Spolupo\u0159adatel: K\u00f3ta-sady, spol. s r.o., Slup-Oleksovi\u010dky)<\/li>\n<li><strong>8.8. &#8211; St\u0159edo\u010desk\u00fd region &#8211; Kultu\u0159e<\/strong>, okres Kol\u00edn (Spolupo\u0159adatel: Statek Kultu\u0159e, a.s.)<\/li>\n<li><span style=\"color: #157f1a;\"><strong>9.8. &#8211; St\u0159edo\u010desk\u00fd region &#8211; Lou\u010de\u0148<\/strong><\/span>, okres Nymburk (Spolupo\u0159adatel: Agri Lou\u010de\u0148, a.s.)<\/li>\n<li><span style=\"color: #157f1a;\"><strong>10.8. &#8211; Severo-z\u00e1pado\u010desk\u00fd region &#8211; Dobrom\u011b\u0159ice<\/strong><\/span>, okres Louny (Spolupo\u0159adatel: Rolnick\u00e9 dru\u017estvo Dobrom\u011b\u0159ice)<\/li>\n<\/ul>\n<p><strong><span style=\"color: #157f1a;\">Zelen\u00e1 = Poln\u00ed den<\/span> \u00a0| \u0160ed\u00e1 = Poln\u00ed prohl\u00eddka<\/strong><\/p>\n<div><strong>Informace k \u201ePoln\u00ed prohl\u00eddce\u201c pokus\u016f:<\/strong><\/div>\n<ul>\n<li>Akce bude prob\u00edhat pouze na poli.<\/li>\n<li>V den kon\u00e1n\u00ed bude p\u0159\u00edtomn\u00fd agronom SPZO (10.00\u201313.00 hod.) s mo\u017enost\u00ed individu\u00e1ln\u00ed prohl\u00eddky v uvedenou dobu.<\/li>\n<li>V den kon\u00e1n\u00ed bude mo\u017en\u00e9 v\u017edy v 10.15 hod. absolvovat i komentovanou prohl\u00eddku pokus\u016f s hybridy slune\u010dnice (27 hybrid\u016f).<\/li>\n<li>V den kon\u00e1n\u00ed bude prob\u00edhat za \u00fa\u010dasti Ing. Karla \u0158\u00edhy (\u00fa\u010dast byla potvrzena, ale nen\u00ed se z\u00e1rukou) determinace chorob a \u0161k\u016fdc\u016f ve slune\u010dnici i p\u0159inesen\u00fdch vzorc\u00edch plodin dle individu\u00e1ln\u00edho z\u00e1jmu.<\/li>\n<li>V\u017edy od dan\u00e9ho dne kon\u00e1n\u00ed akce bude mo\u017en\u00e9 n\u00e1sledn\u00fdch cca 10 dn\u016f voln\u011b lokalitu nav\u0161t\u00edvit k individu\u00e1ln\u00edm prohl\u00eddk\u00e1m ji\u017e bez p\u0159\u00edtomnosti agronoma SPZO.<\/li>\n<\/ul>\n<div><\/div>\n<div><\/div>\n<div><strong><span style=\"color: #1d6d12;\">Informace k \u201ePoln\u00edm dn\u016fm\u201c<\/span>:<\/strong><\/div>\n<ul>\n<li>Akce bude prob\u00edhat v uveden\u00fd den (prezence od 9.30 hod.) od 10.00\u201312.00 hod. formou p\u0159edn\u00e1\u0161ek (Ing. P. Nov\u00e1k\/Agrokomodity, Ing. K. \u0158\u00edha\/soukrom\u00fd poradce a Ing. B. M\u00e1lek) a n\u00e1sledn\u011b ob\u011bd, od 12.30 hod. prohl\u00eddka POP s hybridy slune\u010dnice na poli.<\/li>\n<li>V den kon\u00e1n\u00ed bude prob\u00edhat za \u00fa\u010dasti Ing. Karla \u0158\u00edhy (\u00fa\u010dast byla potvrzena, ale nen\u00ed se z\u00e1rukou) determinace chorob a \u0161k\u016fdc\u016f ve slune\u010dnici i p\u0159inesen\u00fdch vzorc\u00edch plodin dle individu\u00e1ln\u00edho z\u00e1jmu.<\/li>\n<li>V\u017edy od dan\u00e9ho dne kon\u00e1n\u00ed akce bude mo\u017en\u00e9 n\u00e1sledn\u00fdch cca 10 dn\u016f voln\u011b lokalitu nav\u0161t\u00edvit k individu\u00e1ln\u00edm prohl\u00eddk\u00e1m ji\u017e bez p\u0159\u00edtomnosti agronoma SPZO.<\/li>\n<li>Podrobn\u011bj\u0161\u00ed informace poskytne za SPZO Ing. Bo\u017eet\u011bch M\u00e1lek, mobil: 777 757 989, e-mail: malek@spzo.cz<\/li>\n<\/ul>\n<p>&nbsp;<\/p>\n<div>\n<p>&nbsp;<\/p>\n<\/div>\n<p>[\/et_pb_text][\/et_pb_column][et_pb_column type=&#8220;1_3&#8243; _builder_version=&#8220;4.16&#8243; _module_preset=&#8220;default&#8220; global_colors_info=&#8220;{}&#8220;][et_pb_image src=&#8220;https:\/\/www.spzo.cz\/wp-content\/uploads\/2021\/02\/Oblekovice-2017-15-f.jpg&#8220; title_text=&#8220;OLYMPUS DIGITAL CAMERA&#8220; _builder_version=&#8220;4.16&#8243; _module_preset=&#8220;default&#8220; animation_style=&#8220;slide&#8220; animation_direction=&#8220;right&#8220; global_colors_info=&#8220;{}&#8220;][\/et_pb_image][\/et_pb_column][\/et_pb_row][\/et_pb_section]<\/p>\n","protected":false},"excerpt":{"rendered":"<p>POLN\u00cd K\u00c1Z\u00c1N\u00cd \u2013 slune\u010dnice Svaz p\u011bstitel\u016f a zpracovatel\u016f olejnin pravideln\u011b ka\u017edoro\u010dn\u011b v\u00a0srpnuorganizuje: 4 semin\u00e1\u0159e, tzv. \u201epoln\u00edch k\u00e1z\u00e1n\u00ed\u201c na odr\u016fdov\u00fdch pokusech se slune\u010dnic\u00ed P\u011bstitel\u00e9 ze zem\u011bd\u011blsk\u00fdch podnik\u016f shl\u00e9dnou na pol\u00edch vzhled a stav jednotliv\u00fdch odr\u016fd s\u00a0odborn\u00fdm v\u00fdkladem z\u00a0hlediska ranosti, odolnosti proti chorob\u00e1m a dal\u0161\u00edch znac\u00edch d\u016fle\u017eit\u00fdch pro velkoplo\u0161n\u00e9 p\u011bstov\u00e1n\u00ed. D\u00e1le se sezn\u00e1m\u00ed s\u00a0v\u00fdskytem chorob a \u0161k\u016fdc\u016f. [&hellip;]<\/p>\n","protected":false},"author":1,"featured_media":0,"parent":33,"menu_order":0,"comment_status":"closed","ping_status":"closed","template":"","meta":{"_et_pb_use_builder":"on","_et_pb_old_content":"","_et_gb_content_width":"","footnotes":""},"class_list":["post-53","page","type-page","status-publish","hentry"],"_links":{"self":[{"href":"https:\/\/www.spzo.cz\/index.php?rest_route=\/wp\/v2\/pages\/53","targetHints":{"allow":["GET"]}}],"collection":[{"href":"https:\/\/www.spzo.cz\/index.php?rest_route=\/wp\/v2\/pages"}],"about":[{"href":"https:\/\/www.spzo.cz\/index.php?rest_route=\/wp\/v2\/types\/page"}],"author":[{"embeddable":true,"href":"https:\/\/www.spzo.cz\/index.php?rest_route=\/wp\/v2\/users\/1"}],"replies":[{"embeddable":true,"href":"https:\/\/www.spzo.cz\/index.php?rest_route=%2Fwp%2Fv2%2Fcomments&post=53"}],"version-history":[{"count":8,"href":"https:\/\/www.spzo.cz\/index.php?rest_route=\/wp\/v2\/pages\/53\/revisions"}],"predecessor-version":[{"id":3137,"href":"https:\/\/www.spzo.cz\/index.php?rest_route=\/wp\/v2\/pages\/53\/revisions\/3137"}],"up":[{"embeddable":true,"href":"https:\/\/www.spzo.cz\/index.php?rest_route=\/wp\/v2\/pages\/33"}],"wp:attachment":[{"href":"https:\/\/www.spzo.cz\/index.php?rest_route=%2Fwp%2Fv2%2Fmedia&parent=53"}],"curies":[{"name":"wp","href":"https:\/\/api.w.org\/{rel}","templated":true}]}}