{"id":543,"date":"2020-12-29T10:57:59","date_gmt":"2020-12-29T09:57:59","guid":{"rendered":"http:\/\/novyweb.spzo.cz\/?page_id=543"},"modified":"2021-01-24T09:30:21","modified_gmt":"2021-01-24T08:30:21","slug":"odrudovy-pokus-jarni-repka","status":"publish","type":"page","link":"https:\/\/www.spzo.cz\/?page_id=543","title":{"rendered":"ODR\u016eDOV\u00dd POKUS (JARN\u00cd \u0158EPKA)"},"content":{"rendered":"<p>[et_pb_section fb_built=&#8220;1&#8243; fullwidth=&#8220;on&#8220; _builder_version=&#8220;4.5.0&#8243; _module_preset=&#8220;default&#8220;][et_pb_fullwidth_image src=&#8220;https:\/\/www.spzo.cz\/wp-content\/uploads\/2020\/07\/zluty-pruh-uzsi.jpg&#8220; alt=&#8220;\u017elut\u00fd pruh&#8220; title_text=&#8220;zluty-pruh-uzsi&#8220; _builder_version=&#8220;4.8.1&#8243; _module_preset=&#8220;default&#8220; animation_style=&#8220;slide&#8220; hover_enabled=&#8220;0&#8243; sticky_enabled=&#8220;0&#8243;][\/et_pb_fullwidth_image][\/et_pb_section][et_pb_section fb_built=&#8220;1&#8243; _builder_version=&#8220;4.7.7&#8243; _module_preset=&#8220;default&#8220; background_color=&#8220;#ffefd1&#8243;][et_pb_row _builder_version=&#8220;4.7.7&#8243; _module_preset=&#8220;default&#8220; background_color=&#8220;#ffefd1&#8243;][et_pb_column type=&#8220;4_4&#8243; _builder_version=&#8220;4.7.7&#8243; _module_preset=&#8220;default&#8220;][et_pb_text _builder_version=&#8220;4.7.7&#8243; _module_preset=&#8220;default&#8220; hover_enabled=&#8220;0&#8243; sticky_enabled=&#8220;0&#8243;]<\/p>\n<h1 class=\"entry-title\">ODR\u016eDOV\u00dd POKUS (JARN\u00cd \u0158EPKA)<\/h1>\n<div class=\"entry-content\">\n<p>Rozd\u00edly v\u00a0atraktivit\u011b odr\u016fd pro v\u010dely byly zji\u0161\u0165ov\u00e1ny i u jarn\u00ed \u0159epky<\/p>\n<p><strong>Metodika<\/strong><\/p>\n<p>K\u00a0pozorov\u00e1n\u00ed byly vyu\u017eity st\u00e1tn\u00ed odr\u016fdov\u00e9 maloparcelkov\u00e9\u00a0 pokusy na stanici \u00daKZ\u00daZ v\u00a0Chrastav\u011b. Do pokus\u016f bylo za\u0159azeno 11 odr\u016fd ve t\u0159ech opakov\u00e1n\u00edch. Zkou\u0161eny byly odr\u016fdy Ability, Larissa, Achal, SL \u2013 5, SOSR0811, SOSR1411, DLE 1313, DLE 1314, Osorno, Mirakel a DLE 1108. Na pokusn\u00fdch parcel\u00e1ch byla sledov\u00e1na plocha 2 m<sup>2<\/sup> po dobu 15 s. Po\u010det zji\u0161t\u011bn\u00fdch v\u010del, kter\u00e9 opylovaly kv\u011bty, \u010di s\u00e1ly nektar byl n\u00e1sledn\u011b zaznamen\u00e1n.<\/p>\n<p>Sledov\u00e1n\u00ed v\u010del na parcel\u00e1ch v Chrastav\u011b prob\u00edhalo ve dnech 4. 6., 6. 6., 8. 6. a 12. 6. v roce 2014 v pln\u00e9m kv\u011btu v\u0161ech odr\u016fd. V t\u011bchto dnech bylo dohromady provedeno 18 m\u011b\u0159en\u00ed.<\/p>\n<p><strong>V\u00fdsledky a z\u00e1v\u011br<\/strong><\/p>\n<p>U odr\u016fd jarn\u00ed \u0159epky jsou tak\u00e9 prokazateln\u00e9 rozd\u00edly v\u00a0n\u00e1v\u0161t\u011bvnosti v\u010del. \u010cerven\u00e1 p\u0159\u00edmka v\u00a0n\u00e1sledn\u00e9m grafu zna\u010d\u00ed referen\u010dn\u00ed hodnotu, kter\u00e1 byla z\u00edsk\u00e1na zpr\u016fm\u011brov\u00e1n\u00edm po\u010dtu v\u010del na jednotliv\u00fdch odr\u016fd\u00e1ch a jej\u00ed hodnota je 5,3. Nadpr\u016fm\u011brn\u011b atraktivn\u00ed byly \u010dty\u0159i odr\u016fdy: Achal, SOSR1411, DLE 1313 a DLE 1314, Posledn\u00ed jmenovan\u00e1 odr\u016fda m\u011bla nejvy\u0161\u0161\u00ed pr\u016fm\u011brnou hodnotu v\u010del 7,44.<\/p>\n<p><strong>Pr\u016fm\u011brn\u00fd po\u010det v\u010del na odr\u016fd\u00e1ch jarn\u00ed \u0159epky v Chrastav\u011b z cel\u00e9 doby jejich sledov\u00e1n\u00ed<\/strong><\/p>\n<p><strong><\/strong><\/p>\n<p><a href=\"http:\/\/www.spzo.cz\/wp-content\/uploads\/2016\/03\/tab7-vc.png\"><img loading=\"lazy\" decoding=\"async\" class=\"aligncenter size-full wp-image-2217\" src=\"http:\/\/www.spzo.cz\/wp-content\/uploads\/2016\/03\/tab7-vc.png\" alt=\"tab7-vc\" width=\"492\" height=\"275\" srcset=\"http:\/\/www.spzo.cz\/wp-content\/uploads\/2016\/03\/tab7-vc.png 702w, http:\/\/www.spzo.cz\/wp-content\/uploads\/2016\/03\/tab7-vc-300x168.png 300w\" sizes=\"(max-width: 492px) 100vw, 492px\" \/><\/a><\/p>\n<\/div>\n<p>[\/et_pb_text][\/et_pb_column][\/et_pb_row][\/et_pb_section]<\/p>\n","protected":false},"excerpt":{"rendered":"<p>ODR\u016eDOV\u00dd POKUS (JARN\u00cd \u0158EPKA) Rozd\u00edly v\u00a0atraktivit\u011b odr\u016fd pro v\u010dely byly zji\u0161\u0165ov\u00e1ny i u jarn\u00ed \u0159epky Metodika K\u00a0pozorov\u00e1n\u00ed byly vyu\u017eity st\u00e1tn\u00ed odr\u016fdov\u00e9 maloparcelkov\u00e9\u00a0 pokusy na stanici \u00daKZ\u00daZ v\u00a0Chrastav\u011b. Do pokus\u016f bylo za\u0159azeno 11 odr\u016fd ve t\u0159ech opakov\u00e1n\u00edch. Zkou\u0161eny byly odr\u016fdy Ability, Larissa, Achal, SL \u2013 5, SOSR0811, SOSR1411, DLE 1313, DLE 1314, Osorno, Mirakel a DLE [&hellip;]<\/p>\n","protected":false},"author":1,"featured_media":0,"parent":524,"menu_order":0,"comment_status":"closed","ping_status":"closed","template":"","meta":{"_et_pb_use_builder":"on","_et_pb_old_content":"","_et_gb_content_width":"","footnotes":""},"class_list":["post-543","page","type-page","status-publish","hentry"],"_links":{"self":[{"href":"https:\/\/www.spzo.cz\/index.php?rest_route=\/wp\/v2\/pages\/543","targetHints":{"allow":["GET"]}}],"collection":[{"href":"https:\/\/www.spzo.cz\/index.php?rest_route=\/wp\/v2\/pages"}],"about":[{"href":"https:\/\/www.spzo.cz\/index.php?rest_route=\/wp\/v2\/types\/page"}],"author":[{"embeddable":true,"href":"https:\/\/www.spzo.cz\/index.php?rest_route=\/wp\/v2\/users\/1"}],"replies":[{"embeddable":true,"href":"https:\/\/www.spzo.cz\/index.php?rest_route=%2Fwp%2Fv2%2Fcomments&post=543"}],"version-history":[{"count":4,"href":"https:\/\/www.spzo.cz\/index.php?rest_route=\/wp\/v2\/pages\/543\/revisions"}],"predecessor-version":[{"id":1166,"href":"https:\/\/www.spzo.cz\/index.php?rest_route=\/wp\/v2\/pages\/543\/revisions\/1166"}],"up":[{"embeddable":true,"href":"https:\/\/www.spzo.cz\/index.php?rest_route=\/wp\/v2\/pages\/524"}],"wp:attachment":[{"href":"https:\/\/www.spzo.cz\/index.php?rest_route=%2Fwp%2Fv2%2Fmedia&parent=543"}],"curies":[{"name":"wp","href":"https:\/\/api.w.org\/{rel}","templated":true}]}}