{"id":55,"date":"2020-07-10T16:27:58","date_gmt":"2020-07-10T14:27:58","guid":{"rendered":"http:\/\/novyweb.spzo.cz\/?page_id=55"},"modified":"2022-11-28T09:16:51","modified_gmt":"2022-11-28T08:16:51","slug":"hluk","status":"publish","type":"page","link":"https:\/\/www.spzo.cz\/?page_id=55","title":{"rendered":"Hluk"},"content":{"rendered":"<p>[et_pb_section fb_built=&#8220;1&#8243; fullwidth=&#8220;on&#8220; _builder_version=&#8220;4.16&#8243; _module_preset=&#8220;default&#8220; global_colors_info=&#8220;{}&#8220;][et_pb_fullwidth_image src=&#8220;https:\/\/www.spzo.cz\/wp-content\/uploads\/2020\/07\/zluty-pruh-uzsi.jpg&#8220; alt=&#8220;\u017elut\u00fd pruh&#8220; title_text=&#8220;zluty-pruh-uzsi&#8220; _builder_version=&#8220;4.16&#8243; _module_preset=&#8220;default&#8220; animation_style=&#8220;slide&#8220; global_colors_info=&#8220;{}&#8220;][\/et_pb_fullwidth_image][\/et_pb_section][et_pb_section fb_built=&#8220;1&#8243; _builder_version=&#8220;4.16&#8243; _module_preset=&#8220;default&#8220; background_color=&#8220;#ffefd1&#8243; global_colors_info=&#8220;{}&#8220;][et_pb_row column_structure=&#8220;3_5,2_5&#8243; _builder_version=&#8220;4.16&#8243; _module_preset=&#8220;default&#8220; background_color=&#8220;#ffefd1&#8243; global_colors_info=&#8220;{}&#8220;][et_pb_column type=&#8220;3_5&#8243; _builder_version=&#8220;4.16&#8243; _module_preset=&#8220;default&#8220; global_colors_info=&#8220;{}&#8220;][et_pb_text _builder_version=&#8220;4.16&#8243; _module_preset=&#8220;default&#8220; global_colors_info=&#8220;{}&#8220;]<\/p>\n<h1 class=\"entry-title\"><strong>HLUK<\/strong><\/h1>\n<div class=\"entry-content\">\n<h3><\/h3>\n<p>Ve druh\u00e9 polovin\u011b listopadu se pravideln\u011b kon\u00e1 v\u00fdro\u010dn\u00ed celost\u00e1tn\u00ed dvoudenn\u00ed konference s mezin\u00e1rodn\u00ed \u00fa\u010dast\u00ed, ji\u017e tradi\u010dn\u011b v\u00a0<a href=\"http:\/\/www.mestohluk.cz\/\" target=\"_blank\" rel=\"noopener noreferrer\">Hluku<\/a>\u00a0na Morav\u011b. Tato konference je pravideln\u011b nav\u0161t\u011bvov\u00e1na t\u00e9m\u011b\u0159 tis\u00edcem \u00fa\u010dastn\u00edk\u016f. Jsou zde prezentov\u00e1ny v\u00fdsledky z oblasti v\u00fdzkumu i p\u011bstitelsk\u00e9 praxe nejen z \u010cR ale i dal\u0161\u00edch p\u011bstitelsky v\u00fdznamn\u00fdch zem\u00ed nap\u0159. Polska, SRN a Francie. Prvn\u00ed den odpoledne, soub\u011b\u017en\u011b s hlavn\u00ed konferenc\u00ed Syst\u00e9mu v\u00fdroby \u0159epky prob\u00edh\u00e1 semin\u00e1\u0159 Syst\u00e9mu v\u00fdroby slune\u010dnice. Konference z\u00e1rove\u0148 p\u0159edstavuje v\u00fdznamnou spole\u010denskou ud\u00e1lost a mo\u017enost setk\u00e1n\u00ed pro v\u0161echny z\u00fa\u010dastn\u011bn\u00e9.<\/p>\n<\/div>\n<p>[\/et_pb_text][et_pb_text _builder_version=&#8220;4.16&#8243; _module_preset=&#8220;default&#8220; custom_padding=&#8220;||0px|||&#8220; global_colors_info=&#8220;{}&#8220;]<\/p>\n<h2><strong>HLUK 2021<\/strong><\/h2>\n<p><strong>Videop\u0159edn\u00e1\u0161ky (pro p\u0159ehr\u00e1n\u00ed klikn\u011bte na zvolen\u00fd n\u00e1zev p\u0159edn\u00e1\u0161ky):<\/strong><\/p>\n<p>&nbsp;<\/p>\n<p>[\/et_pb_text][et_pb_blurb title=&#8220;Ing. Zeman \u2013 v\u00fdsledky p\u011bstov\u00e1n\u00ed&#8220; url=&#8220;https:\/\/youtu.be\/xj7rpcEwfG8&#8243; image=&#8220;https:\/\/www.spzo.cz\/wp-content\/uploads\/2021\/11\/tlacitko-media-zeman.png&#8220; _builder_version=&#8220;4.16&#8243; _module_preset=&#8220;default&#8220; header_level=&#8220;h3&#8243; header_font=&#8220;|700|||||||&#8220; header_text_align=&#8220;center&#8220; header_text_color=&#8220;#338716&#8243; global_colors_info=&#8220;{}&#8220;][\/et_pb_blurb][et_pb_blurb title=&#8220;Ing. Hnili\u010dka \u2013 fungicidn\u00ed pokusy&#8220; url=&#8220;https:\/\/youtu.be\/mVZVdG5ZPkE&#8220; image=&#8220;https:\/\/www.spzo.cz\/wp-content\/uploads\/2021\/11\/tlacitko-media-hnilicka.png&#8220; _builder_version=&#8220;4.16&#8243; _module_preset=&#8220;default&#8220; header_level=&#8220;h3&#8243; header_font=&#8220;|700|||||||&#8220; header_text_align=&#8220;center&#8220; header_text_color=&#8220;#338716&#8243; global_colors_info=&#8220;{}&#8220;][\/et_pb_blurb][et_pb_blurb title=&#8220;doc. Baranyk \u2013 odr\u016fdov\u00e9 pokusy&#8220; url=&#8220;https:\/\/youtu.be\/JHAOdqkFZog&#8220; image=&#8220;https:\/\/www.spzo.cz\/wp-content\/uploads\/2021\/11\/tlacitko-media-baranyk.png&#8220; _builder_version=&#8220;4.16&#8243; _module_preset=&#8220;default&#8220; header_level=&#8220;h3&#8243; header_font=&#8220;|700|||||||&#8220; header_text_align=&#8220;center&#8220; header_text_color=&#8220;#338716&#8243; global_colors_info=&#8220;{}&#8220;][\/et_pb_blurb][et_pb_blurb title=&#8220;doc. Kazda \u2013 \u0161k\u016fdci a choroby&#8220; url=&#8220;https:\/\/youtu.be\/a27k4CRGlEg&#8220; image=&#8220;https:\/\/www.spzo.cz\/wp-content\/uploads\/2021\/11\/tlacitko-media-kazda.png&#8220; _builder_version=&#8220;4.16&#8243; _module_preset=&#8220;default&#8220; header_level=&#8220;h3&#8243; header_font=&#8220;|700|||||||&#8220; header_text_align=&#8220;center&#8220; header_text_color=&#8220;#338716&#8243; global_colors_info=&#8220;{}&#8220;][\/et_pb_blurb][et_pb_blurb title=&#8220;doc. Jurs\u00edk \u2013 regulace plevel\u016f&#8220; url=&#8220;https:\/\/youtu.be\/3wbj9uuNpbk&#8220; image=&#8220;https:\/\/www.spzo.cz\/wp-content\/uploads\/2021\/11\/tlacitko-media-jursik.png&#8220; _builder_version=&#8220;4.16&#8243; _module_preset=&#8220;default&#8220; header_level=&#8220;h3&#8243; header_font=&#8220;|700|||||||&#8220; header_text_align=&#8220;center&#8220; header_text_color=&#8220;#338716&#8243; global_colors_info=&#8220;{}&#8220;][\/et_pb_blurb][et_pb_blurb title=&#8220;Ing. \u010cern\u00fd \u2013 hnojen\u00ed \u0159epky&#8220; url=&#8220;https:\/\/youtu.be\/jwa-kujxRA0&#8243; image=&#8220;https:\/\/www.spzo.cz\/wp-content\/uploads\/2021\/11\/tlacitko-media-cerny.png&#8220; _builder_version=&#8220;4.16&#8243; _module_preset=&#8220;default&#8220; header_level=&#8220;h3&#8243; header_font=&#8220;|700|||||||&#8220; header_text_align=&#8220;center&#8220; header_text_color=&#8220;#338716&#8243; global_colors_info=&#8220;{}&#8220;][\/et_pb_blurb][et_pb_blurb title=&#8220;Ing. Volf \u2013 marketing olejnin&#8220; url=&#8220;https:\/\/youtu.be\/K4r-CPBrd9k&#8220; image=&#8220;https:\/\/www.spzo.cz\/wp-content\/uploads\/2021\/11\/tlacitko-media-wolf.png&#8220; _builder_version=&#8220;4.16&#8243; _module_preset=&#8220;default&#8220; header_level=&#8220;h3&#8243; header_font=&#8220;|700|||||||&#8220; header_text_align=&#8220;center&#8220; header_text_color=&#8220;#338716&#8243; global_colors_info=&#8220;{}&#8220;][\/et_pb_blurb][et_pb_blurb title=&#8220;Ing. R\u016f\u017eek \u2013 hnojen\u00ed N&#8220; url=&#8220;https:\/\/youtu.be\/RvCS4eYJ0DI&#8220; image=&#8220;https:\/\/www.spzo.cz\/wp-content\/uploads\/2021\/11\/tlacitko-media-ruzek.png&#8220; _builder_version=&#8220;4.16&#8243; _module_preset=&#8220;default&#8220; header_level=&#8220;h3&#8243; header_font=&#8220;|700|||||||&#8220; header_text_align=&#8220;center&#8220; header_text_color=&#8220;#338716&#8243; global_colors_info=&#8220;{}&#8220;][\/et_pb_blurb][et_pb_blurb title=&#8220;Ing. Seidenglanz \u2013 rezistence \u0161k\u016fdc\u016f&#8220; url=&#8220;https:\/\/youtu.be\/TeGH_91Pu5g&#8220; image=&#8220;https:\/\/www.spzo.cz\/wp-content\/uploads\/2021\/11\/tlacitko-media-Seidenglanz.png&#8220; _builder_version=&#8220;4.16&#8243; _module_preset=&#8220;default&#8220; header_level=&#8220;h3&#8243; header_font=&#8220;|700|||||||&#8220; header_text_align=&#8220;center&#8220; header_text_color=&#8220;#338716&#8243; global_colors_info=&#8220;{}&#8220;][\/et_pb_blurb][et_pb_blurb title=&#8220;Ing. Hrdina \u2013 stav porost\u016f&#8220; url=&#8220;https:\/\/youtu.be\/97KXc7ODYkc&#8220; image=&#8220;https:\/\/www.spzo.cz\/wp-content\/uploads\/2021\/11\/tlacitko-media-hrdina.png&#8220; _builder_version=&#8220;4.16&#8243; _module_preset=&#8220;default&#8220; header_level=&#8220;h3&#8243; header_font=&#8220;|700|||||||&#8220; header_text_align=&#8220;center&#8220; header_text_color=&#8220;#338716&#8243; global_colors_info=&#8220;{}&#8220;][\/et_pb_blurb][et_pb_blurb title=&#8220;Ing. M\u00e1lek \u2013 slune\u010dnice&#8220; url=&#8220;https:\/\/youtu.be\/ghNynHYdkVI&#8220; image=&#8220;https:\/\/www.spzo.cz\/wp-content\/uploads\/2021\/11\/tlacitko-media-malek.png&#8220; _builder_version=&#8220;4.16&#8243; _module_preset=&#8220;default&#8220; header_level=&#8220;h3&#8243; header_font=&#8220;|700|||||||&#8220; header_text_align=&#8220;center&#8220; header_text_color=&#8220;#338716&#8243; global_colors_info=&#8220;{}&#8220;][\/et_pb_blurb][et_pb_blurb title=&#8220;Ing. Pomikala \u2013 \u0159epka SK&#8220; url=&#8220;https:\/\/youtu.be\/zAx375N94YU&#8220; image=&#8220;https:\/\/www.spzo.cz\/wp-content\/uploads\/2021\/11\/tlacitko-media-pomikala.png&#8220; _builder_version=&#8220;4.16&#8243; _module_preset=&#8220;default&#8220; header_level=&#8220;h3&#8243; header_font=&#8220;|700|||||||&#8220; header_text_align=&#8220;center&#8220; header_text_color=&#8220;#338716&#8243; global_colors_info=&#8220;{}&#8220;][\/et_pb_blurb][et_pb_blurb title=&#8220;doc. Br\u00e1t \u2013 Tuky v potravin\u00e1ch&#8220; url=&#8220;https:\/\/youtu.be\/3au-ONGqkAk&#8220; image=&#8220;https:\/\/www.spzo.cz\/wp-content\/uploads\/2021\/11\/tlacitko-media-brat.png&#8220; _builder_version=&#8220;4.16&#8243; _module_preset=&#8220;default&#8220; header_level=&#8220;h3&#8243; header_font=&#8220;|700|||||||&#8220; header_text_align=&#8220;center&#8220; header_text_color=&#8220;#338716&#8243; global_colors_info=&#8220;{}&#8220;][\/et_pb_blurb][et_pb_blurb title=&#8220;Ing. Zehn\u00e1lek \u2013 pokusy SDO&#8220; url=&#8220;https:\/\/youtu.be\/cZJ55Acqol8&#8243; image=&#8220;https:\/\/www.spzo.cz\/wp-content\/uploads\/2021\/11\/tlacitko-media-zehnalek.png&#8220; _builder_version=&#8220;4.16&#8243; _module_preset=&#8220;default&#8220; header_level=&#8220;h3&#8243; header_font=&#8220;|700|||||||&#8220; header_text_align=&#8220;center&#8220; header_text_color=&#8220;#338716&#8243; global_colors_info=&#8220;{}&#8220;][\/et_pb_blurb][et_pb_text disabled_on=&#8220;on|on|on&#8220; _builder_version=&#8220;4.16&#8243; _module_preset=&#8220;default&#8220; custom_padding=&#8220;||0px|||&#8220; disabled=&#8220;on&#8220; global_colors_info=&#8220;{}&#8220;]<\/p>\n<h2><strong>HLUK 2021<\/strong><\/h2>\n<p><strong>Videop\u0159edn\u00e1\u0161ky (pro p\u0159ehr\u00e1n\u00ed klikn\u011bte na zvolen\u00fd n\u00e1zev p\u0159edn\u00e1\u0161ky):<\/strong><\/p>\n<ul>\n<li><a href=\"https:\/\/youtu.be\/xj7rpcEwfG8\">Ing. Zeman \u2013 v\u00fdsledky p\u011bstov\u00e1n\u00ed<\/a><\/li>\n<li><a href=\"https:\/\/youtu.be\/mVZVdG5ZPkE\">Ing. Hnili\u010dka \u2013 fungicidn\u00ed pokusy<\/a><\/li>\n<li><a href=\"https:\/\/youtu.be\/JHAOdqkFZog\">doc. Baranyk \u2013 odr\u016fdov\u00e9 pokusy<\/a><\/li>\n<li><a href=\"https:\/\/youtu.be\/a27k4CRGlEg\">doc. Kazda \u2013 \u0161k\u016fdci a choroby<\/a><\/li>\n<li><a href=\"https:\/\/youtu.be\/3wbj9uuNpbk\">doc. Jurs\u00edk \u2013 regulace plevel\u016f<\/a><\/li>\n<li><a href=\"https:\/\/youtu.be\/jwa-kujxRA0\">Ing. \u010cern\u00fd \u2013 hnojen\u00ed \u0159epky<\/a><\/li>\n<li><a href=\"https:\/\/youtu.be\/K4r-CPBrd9k\">Ing. Volf \u2013 marketing olejnin<\/a><\/li>\n<li><a href=\"https:\/\/youtu.be\/RvCS4eYJ0DI\">Ing. R\u016f\u017eek \u2013 hnojen\u00ed N<\/a><\/li>\n<li><a href=\"https:\/\/youtu.be\/TeGH_91Pu5g\">Ing. Seidenglanz \u2013 rezistence \u0161k\u016fdc\u016f<\/a><\/li>\n<li><a href=\"https:\/\/youtu.be\/97KXc7ODYkc\">Ing. Hrdina \u2013 stav porost\u016f<\/a><\/li>\n<li><a href=\"https:\/\/youtu.be\/ghNynHYdkVI\">Ing. M\u00e1lek \u2013 slune\u010dnice<\/a><\/li>\n<li><a href=\"https:\/\/youtu.be\/zAx375N94YU\">Ing. Pomikala \u2013 \u0159epka SK<\/a><\/li>\n<li><a href=\"https:\/\/youtu.be\/3au-ONGqkAk\">doc. Br\u00e1t \u2013 Tuky v potravin\u00e1ch<\/a><\/li>\n<li><a href=\"https:\/\/youtu.be\/cZJ55Acqol8\">Ing. Zehn\u00e1lek \u2013 pokusy SDO<\/a><\/li>\n<\/ul>\n<p>[\/et_pb_text][et_pb_text _builder_version=&#8220;4.16&#8243; _module_preset=&#8220;default&#8220; min_height=&#8220;39px&#8220; global_colors_info=&#8220;{}&#8220;]<\/p>\n<div data-mode=\"normal\" data-oembed=\"1\" data-provider=\"youtube\" id=\"arve-youtube-zhacbihbsqo\" class=\"arve\">\n<div class=\"arve-inner\">\n<div style=\"aspect-ratio:135\/76\" class=\"arve-embed arve-embed--has-aspect-ratio\">\n<div class=\"arve-ar\" style=\"padding-top:56.296296%\"><\/div>\n<p>\t\t\t<iframe allow=\"accelerometer &apos;none&apos;;autoplay &apos;none&apos;;bluetooth &apos;none&apos;;browsing-topics &apos;none&apos;;camera &apos;none&apos;;clipboard-read &apos;none&apos;;clipboard-write;display-capture &apos;none&apos;;encrypted-media &apos;none&apos;;gamepad &apos;none&apos;;geolocation &apos;none&apos;;gyroscope &apos;none&apos;;hid &apos;none&apos;;identity-credentials-get &apos;none&apos;;idle-detection &apos;none&apos;;keyboard-map &apos;none&apos;;local-fonts;magnetometer &apos;none&apos;;microphone &apos;none&apos;;midi &apos;none&apos;;otp-credentials &apos;none&apos;;payment &apos;none&apos;;picture-in-picture;publickey-credentials-create &apos;none&apos;;publickey-credentials-get &apos;none&apos;;screen-wake-lock &apos;none&apos;;serial &apos;none&apos;;summarizer &apos;none&apos;;sync-xhr;usb &apos;none&apos;;web-share;window-management &apos;none&apos;;xr-spatial-tracking &apos;none&apos;;\" allowfullscreen=\"\" class=\"arve-iframe fitvidsignore\" credentialless data-arve=\"arve-youtube-zhacbihbsqo\" data-lenis-prevent=\"\" data-src-no-ap=\"https:\/\/www.youtube-nocookie.com\/embed\/ZHAcbIHbSQo?feature=oembed&amp;iv_load_policy=3&amp;modestbranding=1&amp;rel=0&amp;autohide=1&amp;playsinline=0&amp;autoplay=0\" frameborder=\"0\" height=\"0\" loading=\"lazy\" name=\"\" referrerpolicy=\"strict-origin-when-cross-origin\" sandbox=\"allow-scripts allow-same-origin allow-presentation allow-popups allow-popups-to-escape-sandbox\" scrolling=\"no\" src=\"https:\/\/www.youtube-nocookie.com\/embed\/ZHAcbIHbSQo?feature=oembed&#038;iv_load_policy=3&#038;modestbranding=1&#038;rel=0&#038;autohide=1&#038;playsinline=0&#038;autoplay=0\" title=\"\" width=\"0\"><\/iframe><\/p><\/div>\n<\/p><\/div>\n<p>\t<script type=\"application\/ld+json\">{\"@context\":\"http:\\\/\\\/schema.org\\\/\",\"@id\":\"https:\\\/\\\/www.spzo.cz\\\/?page_id=55#arve-youtube-zhacbihbsqo\",\"type\":\"VideoObject\",\"embedURL\":\"https:\\\/\\\/www.youtube-nocookie.com\\\/embed\\\/ZHAcbIHbSQo?feature=oembed&iv_load_policy=3&modestbranding=1&rel=0&autohide=1&playsinline=0&autoplay=0\"}<\/script><\/p>\n<\/div>\n<p>[\/et_pb_text][et_pb_video _builder_version=&#8220;4.16&#8243; _module_preset=&#8220;default&#8220; global_colors_info=&#8220;{}&#8220;][\/et_pb_video][\/et_pb_column][et_pb_column type=&#8220;2_5&#8243; _builder_version=&#8220;4.16&#8243; _module_preset=&#8220;default&#8220; global_colors_info=&#8220;{}&#8220;][et_pb_image src=&#8220;https:\/\/www.spzo.cz\/wp-content\/uploads\/2021\/01\/img_9502.jpg&#8220; title_text=&#8220;Img 9502&#8243; _builder_version=&#8220;4.16&#8243; _module_preset=&#8220;default&#8220; animation_style=&#8220;zoom&#8220; global_colors_info=&#8220;{}&#8220;][\/et_pb_image][et_pb_image src=&#8220;https:\/\/www.spzo.cz\/wp-content\/uploads\/2021\/01\/img_4759.jpg&#8220; title_text=&#8220;Img 4759&#8243; _builder_version=&#8220;4.16&#8243; _module_preset=&#8220;default&#8220; animation_style=&#8220;zoom&#8220; global_colors_info=&#8220;{}&#8220;][\/et_pb_image][et_pb_image src=&#8220;https:\/\/www.spzo.cz\/wp-content\/uploads\/2021\/01\/img_9543.jpg&#8220; title_text=&#8220;Img 9543&#8243; _builder_version=&#8220;4.16&#8243; _module_preset=&#8220;default&#8220; animation_style=&#8220;zoom&#8220; global_colors_info=&#8220;{}&#8220;][\/et_pb_image][\/et_pb_column][\/et_pb_row][\/et_pb_section]<\/p>\n","protected":false},"excerpt":{"rendered":"<p>HLUK Ve druh\u00e9 polovin\u011b listopadu se pravideln\u011b kon\u00e1 v\u00fdro\u010dn\u00ed celost\u00e1tn\u00ed dvoudenn\u00ed konference s mezin\u00e1rodn\u00ed \u00fa\u010dast\u00ed, ji\u017e tradi\u010dn\u011b v\u00a0Hluku\u00a0na Morav\u011b. Tato konference je pravideln\u011b nav\u0161t\u011bvov\u00e1na t\u00e9m\u011b\u0159 tis\u00edcem \u00fa\u010dastn\u00edk\u016f. Jsou zde prezentov\u00e1ny v\u00fdsledky z oblasti v\u00fdzkumu i p\u011bstitelsk\u00e9 praxe nejen z \u010cR ale i dal\u0161\u00edch p\u011bstitelsky v\u00fdznamn\u00fdch zem\u00ed nap\u0159. Polska, SRN a Francie. Prvn\u00ed den odpoledne, soub\u011b\u017en\u011b [&hellip;]<\/p>\n","protected":false},"author":1,"featured_media":0,"parent":33,"menu_order":0,"comment_status":"closed","ping_status":"closed","template":"","meta":{"_et_pb_use_builder":"on","_et_pb_old_content":"","_et_gb_content_width":"","footnotes":""},"class_list":["post-55","page","type-page","status-publish","hentry"],"_links":{"self":[{"href":"https:\/\/www.spzo.cz\/index.php?rest_route=\/wp\/v2\/pages\/55","targetHints":{"allow":["GET"]}}],"collection":[{"href":"https:\/\/www.spzo.cz\/index.php?rest_route=\/wp\/v2\/pages"}],"about":[{"href":"https:\/\/www.spzo.cz\/index.php?rest_route=\/wp\/v2\/types\/page"}],"author":[{"embeddable":true,"href":"https:\/\/www.spzo.cz\/index.php?rest_route=\/wp\/v2\/users\/1"}],"replies":[{"embeddable":true,"href":"https:\/\/www.spzo.cz\/index.php?rest_route=%2Fwp%2Fv2%2Fcomments&post=55"}],"version-history":[{"count":15,"href":"https:\/\/www.spzo.cz\/index.php?rest_route=\/wp\/v2\/pages\/55\/revisions"}],"predecessor-version":[{"id":2756,"href":"https:\/\/www.spzo.cz\/index.php?rest_route=\/wp\/v2\/pages\/55\/revisions\/2756"}],"up":[{"embeddable":true,"href":"https:\/\/www.spzo.cz\/index.php?rest_route=\/wp\/v2\/pages\/33"}],"wp:attachment":[{"href":"https:\/\/www.spzo.cz\/index.php?rest_route=%2Fwp%2Fv2%2Fmedia&parent=55"}],"curies":[{"name":"wp","href":"https:\/\/api.w.org\/{rel}","templated":true}]}}