{"id":92,"date":"2020-07-10T16:38:26","date_gmt":"2020-07-10T14:38:26","guid":{"rendered":"http:\/\/novyweb.spzo.cz\/?page_id=92"},"modified":"2021-03-10T15:16:06","modified_gmt":"2021-03-10T14:16:06","slug":"kvety","status":"publish","type":"page","link":"https:\/\/www.spzo.cz\/?page_id=92","title":{"rendered":"Kv\u011bty olejnin"},"content":{"rendered":"<p>[et_pb_section fb_built=&#8220;1&#8243; fullwidth=&#8220;on&#8220; _builder_version=&#8220;4.5.0&#8243; _module_preset=&#8220;default&#8220;][et_pb_fullwidth_image src=&#8220;https:\/\/www.spzo.cz\/wp-content\/uploads\/2020\/07\/zluty-pruh.jpg&#8220; alt=&#8220;\u017elut\u00fd pruh&#8220; title_text=&#8220;zluty-pruh&#8220; _builder_version=&#8220;4.8.1&#8243; _module_preset=&#8220;default&#8220; animation_style=&#8220;slide&#8220; hover_enabled=&#8220;0&#8243; sticky_enabled=&#8220;0&#8243;][\/et_pb_fullwidth_image][\/et_pb_section][et_pb_section fb_built=&#8220;1&#8243; _builder_version=&#8220;4.7.7&#8243; _module_preset=&#8220;default&#8220; background_color=&#8220;#ffefd1&#8243;][et_pb_row column_structure=&#8220;2_3,1_3&#8243; _builder_version=&#8220;4.7.7&#8243; _module_preset=&#8220;default&#8220; background_color=&#8220;#ffefd1&#8243;][et_pb_column type=&#8220;2_3&#8243; _builder_version=&#8220;4.7.7&#8243; _module_preset=&#8220;default&#8220;][et_pb_text _builder_version=&#8220;4.7.7&#8243; _module_preset=&#8220;default&#8220;]<\/p>\n<h1 class=\"entry-title\">KV\u011aTY OLEJNIN<\/h1>\n<div class=\"entry-content\">\n<h2><\/h2>\n<h2>Charakteristika<\/h2>\n<p>&nbsp;<\/p>\n<ul>\n<li>Kv\u011bty olejnin jsou \u010dtrn\u00e1ctiden\u00edkem Svazu p\u011bstitel\u016f a zpracovatel\u016f olejnin<\/li>\n<li>v roce 2020 vych\u00e1z\u00ed ji\u017e 25. ro\u010dn\u00edk tohoto odborn\u00e9ho informa\u010dn\u00edho \u010dasopisu<\/li>\n<li>n\u00e1klad ka\u017ed\u00e9ho \u010d\u00edsla je cca 1 200 v\u00fdtisk\u016f<\/li>\n<li>rozsah tvo\u0159\u00ed v\u011bt\u0161inou 8 stran textu v\u010detn\u011b tabulek, graf\u016f a obr\u00e1zk\u016f<\/li>\n<li>absence jak\u00e9koliv komer\u010dn\u00ed reklamy<\/li>\n<\/ul>\n<h2>Obsah<\/h2>\n<p><em>Kv\u011bty olejnin pravideln\u011b obsahuj\u00ed<\/em><\/p>\n<ul>\n<li>marketingov\u00e9 informace ze sv\u011btov\u00e9ho, evropsk\u00e9ho i \u010desk\u00e9ho trhu s olejninami<\/li>\n<li>aktu\u00e1ln\u00ed doporu\u010den\u00ed k agrotechnice na\u0161ich hlavn\u00edch olejnin, \u0159epky a slune\u010dnice<\/li>\n<li>odhady osevn\u00edch a skliz\u0148ov\u00fdch ploch olejnin, odhady v\u00fdnos\u016f<\/li>\n<li>informace o sou\u010dasn\u00e9m stavu porost\u016f<\/li>\n<li>definitivn\u00ed \u00fadaje o sklizni \u0159epky a slune\u010dnice v jednotliv\u00fdch regionech<\/li>\n<li>novinky z v\u00fdzkumu v oblasti p\u011bstov\u00e1n\u00ed (ochrana, v\u00fd\u017eiva, \u0161lecht\u011bn\u00ed, technologie) olejnin ve sv\u011bt\u011b i u n\u00e1s<\/li>\n<li>mo\u017enosti dal\u0161\u00edho uplatn\u011bn\u00ed produkt\u016f z olejnin \u2013 \u0161roty, bionafta, energie<\/li>\n<li>vlastnosti nov\u011b povolen\u00fdch odr\u016fd \u0159epky a slune\u010dnice<\/li>\n<li>informace o aktu\u00e1ln\u00edm d\u011bn\u00ed v oblasti olejnin \u2013 dotace, p\u0159edpoklady pro dal\u0161\u00ed v\u00fdvoj cen<\/li>\n<li>zpr\u00e1vy o d\u011bn\u00ed ve svazu, p\u0159ehledy jednotliv\u00fdch akc\u00ed a semin\u00e1\u0159\u016f<\/li>\n<\/ul>\n<h2>Autorsk\u00fd kolektiv<\/h2>\n<p><em>Na tvorb\u011b Kv\u011bt\u016f olejnin se zejm\u00e9na pod\u00edlej\u00ed<\/em><\/p>\n<ul>\n<li>pracovn\u00edci agroslu\u017eby a spr\u00e1vy svazu<\/li>\n<li>pracovn\u00edci \u010cesk\u00e9 zem\u011bd\u011blsk\u00e9 university v Praze a Mendelovy univerzity v Brn\u011b<\/li>\n<li>pracovn\u00edci V\u00fdzkumn\u00e9ho \u00fastavu rostlinn\u00e9 v\u00fdroby v Praze a V\u00fdzkumn\u00e9ho \u00fastavu olejnin v Opav\u011b<\/li>\n<li>pracovn\u00edci \u00daKZ\u00daZ a SRS<\/li>\n<\/ul>\n<\/div>\n<p>[\/et_pb_text][\/et_pb_column][et_pb_column type=&#8220;1_3&#8243; _builder_version=&#8220;4.7.7&#8243; _module_preset=&#8220;default&#8220;][et_pb_image src=&#8220;https:\/\/www.spzo.cz\/wp-content\/uploads\/2020\/12\/kvety-13-20-3-1.jpg&#8220; title_text=&#8220;Kvety 13 20 3 1&#8243; _builder_version=&#8220;4.8.1&#8243; _module_preset=&#8220;default&#8220; hover_enabled=&#8220;0&#8243; sticky_enabled=&#8220;0&#8243;][\/et_pb_image][et_pb_text _builder_version=&#8220;4.7.7&#8243; _module_preset=&#8220;default&#8220;]<\/p>\n<p>Archiv Kv\u011bt\u016f olejnin:<\/p>\n<ul>\n<li><strong><a href=\"?page_id=589\">2020<\/a><\/strong><\/li>\n<\/ul>\n<p>[\/et_pb_text][\/et_pb_column][\/et_pb_row][\/et_pb_section]<\/p>\n","protected":false},"excerpt":{"rendered":"<p>KV\u011aTY OLEJNIN Charakteristika &nbsp; Kv\u011bty olejnin jsou \u010dtrn\u00e1ctiden\u00edkem Svazu p\u011bstitel\u016f a zpracovatel\u016f olejnin v roce 2020 vych\u00e1z\u00ed ji\u017e 25. ro\u010dn\u00edk tohoto odborn\u00e9ho informa\u010dn\u00edho \u010dasopisu n\u00e1klad ka\u017ed\u00e9ho \u010d\u00edsla je cca 1 200 v\u00fdtisk\u016f rozsah tvo\u0159\u00ed v\u011bt\u0161inou 8 stran textu v\u010detn\u011b tabulek, graf\u016f a obr\u00e1zk\u016f absence jak\u00e9koliv komer\u010dn\u00ed reklamy Obsah Kv\u011bty olejnin pravideln\u011b obsahuj\u00ed marketingov\u00e9 informace ze [&hellip;]<\/p>\n","protected":false},"author":1,"featured_media":0,"parent":37,"menu_order":0,"comment_status":"closed","ping_status":"closed","template":"","meta":{"_et_pb_use_builder":"on","_et_pb_old_content":"","_et_gb_content_width":"","footnotes":""},"class_list":["post-92","page","type-page","status-publish","hentry"],"_links":{"self":[{"href":"https:\/\/www.spzo.cz\/index.php?rest_route=\/wp\/v2\/pages\/92","targetHints":{"allow":["GET"]}}],"collection":[{"href":"https:\/\/www.spzo.cz\/index.php?rest_route=\/wp\/v2\/pages"}],"about":[{"href":"https:\/\/www.spzo.cz\/index.php?rest_route=\/wp\/v2\/types\/page"}],"author":[{"embeddable":true,"href":"https:\/\/www.spzo.cz\/index.php?rest_route=\/wp\/v2\/users\/1"}],"replies":[{"embeddable":true,"href":"https:\/\/www.spzo.cz\/index.php?rest_route=%2Fwp%2Fv2%2Fcomments&post=92"}],"version-history":[{"count":10,"href":"https:\/\/www.spzo.cz\/index.php?rest_route=\/wp\/v2\/pages\/92\/revisions"}],"predecessor-version":[{"id":1383,"href":"https:\/\/www.spzo.cz\/index.php?rest_route=\/wp\/v2\/pages\/92\/revisions\/1383"}],"up":[{"embeddable":true,"href":"https:\/\/www.spzo.cz\/index.php?rest_route=\/wp\/v2\/pages\/37"}],"wp:attachment":[{"href":"https:\/\/www.spzo.cz\/index.php?rest_route=%2Fwp%2Fv2%2Fmedia&parent=92"}],"curies":[{"name":"wp","href":"https:\/\/api.w.org\/{rel}","templated":true}]}}