{"id":973,"date":"2021-01-05T15:27:05","date_gmt":"2021-01-05T14:27:05","guid":{"rendered":"http:\/\/novyweb.spzo.cz\/?page_id=973"},"modified":"2021-01-29T12:55:17","modified_gmt":"2021-01-29T11:55:17","slug":"videoseminare-2020","status":"publish","type":"page","link":"https:\/\/www.spzo.cz\/?page_id=973","title":{"rendered":"Videosemin\u00e1\u0159e 2020"},"content":{"rendered":"<p>[et_pb_section fb_built=&#8220;1&#8243; fullwidth=&#8220;on&#8220; _builder_version=&#8220;4.5.0&#8243; _module_preset=&#8220;default&#8220;][et_pb_fullwidth_image src=&#8220;https:\/\/www.spzo.cz\/wp-content\/uploads\/2020\/07\/zluty-pruh-uzsi.jpg&#8220; alt=&#8220;\u017elut\u00fd pruh&#8220; title_text=&#8220;zluty-pruh-uzsi&#8220; _builder_version=&#8220;4.8.1&#8243; _module_preset=&#8220;default&#8220; animation_style=&#8220;slide&#8220;][\/et_pb_fullwidth_image][\/et_pb_section][et_pb_section fb_built=&#8220;1&#8243; _builder_version=&#8220;4.7.7&#8243; _module_preset=&#8220;default&#8220; background_color=&#8220;#ffefd1&#8243;][et_pb_row column_structure=&#8220;3_5,2_5&#8243; _builder_version=&#8220;4.7.7&#8243; _module_preset=&#8220;default&#8220; background_color=&#8220;#ffefd1&#8243;][et_pb_column type=&#8220;3_5&#8243; _builder_version=&#8220;4.7.7&#8243; _module_preset=&#8220;default&#8220;][et_pb_text _builder_version=&#8220;4.7.7&#8243; _module_preset=&#8220;default&#8220;]<\/p>\n<h2><strong>Videosemin\u00e1\u0159e SPZO 2020<\/strong><\/h2>\n<p>&nbsp;<\/p>\n<p><strong>1) <a href=\"https:\/\/youtu.be\/sTgAGy5Ek8M\">Pozv\u00e1n\u00ed na videosemin\u00e1\u0159e<\/a> \u2013 Petr Baranyk<br \/> 2) <a href=\"https:\/\/youtu.be\/WUg5Zbv9Qo4\">Prohl\u00eddka odr\u016fd \u2013 sortiment A<\/a> \u2013 Ji\u0159\u00ed Zeman<br \/> 3) <a href=\"https:\/\/youtu.be\/cc56RW7iPaU\">Prohl\u00eddka odr\u016fd \u2013 sortiment B<\/a> \u2013 Ji\u0159\u00ed Zeman<br \/> 4) <a href=\"https:\/\/youtu.be\/cAXrFAdr3tw\">Marketingov\u00e1 situace<\/a> \u2013 Martin Volf<br \/> <\/strong><strong>5)<\/strong> <a href=\"https:\/\/youtu.be\/ZVXZpxSsgoc\"><strong>\u00davod k charakteristik\u00e1m odr\u016fd<\/strong><\/a><strong> \u2013 Petr Baranyk<\/strong><\/p>\n<ul>\n<li>Charakteristika odr\u016fd \u2013 sortiment A \u2013 <a href=\"http:\/\/www.spzo.cz\/wp-content\/uploads\/2020\/05\/Charakteristika-odr%C5%AFd-%C5%99epky-A_10x.pdf\"><\/a><strong><a href=\"http:\/\/novyweb.spzo.cz\/wp-content\/uploads\/2021\/01\/Charakteristika-odr\u016fd-\u0159epky-A_10x.pdf\">soubor PDF ZDE<\/a><\/strong><\/li>\n<li><strong><\/strong>Charakteristika odr\u016fd \u2013 sortiment B \u2013 <strong style=\"font-size: 14px;\"><a href=\"http:\/\/novyweb.spzo.cz\/wp-content\/uploads\/2021\/01\/Charakteristika-odr\u016fd-\u0159epky-B_8x.pdf\">soubor PDF ZDE<\/a><\/strong><\/li>\n<\/ul>\n<p><strong style=\"font-size: 14px;\">6) <a href=\"https:\/\/youtu.be\/EAmvIPRQR5I\">V\u00fdnosy odr\u016fd v POP 2018\/19<\/a> \u2013 <strong>Petr<\/strong> Baranyk<br \/><\/strong><strong style=\"font-size: 14px;\">7) <a href=\"https:\/\/youtu.be\/im3kyoc4o2c\">Choroby \u0159epky<\/a> \u2013 Roman Hnili\u010dka<br \/><\/strong><strong> 8) <a href=\"https:\/\/youtu.be\/0TRkZ0sg1Mw\">\u0160kody po d\u0159ep\u010d\u00edc\u00edch a krytonosc\u00edch<\/a> \u2013 Jan Kazda<br \/>9) <a href=\"https:\/\/youtu.be\/bZVRNc30R1A\">Bejlomorka<\/a> \u2013 Jan Kazda<br \/> 10) <a href=\"https:\/\/youtu.be\/A_KxCpcRrLM\">Virus \u017eloutenky vodnice<\/a> \u2013 Eva Zuskov\u00e1<br \/> 11) <a href=\"https:\/\/youtu.be\/KU90p5KzdfI\">Verticillium a odr\u016fdy<\/a> \u2013 Petr Baranyk<br \/> 12) <a href=\"https:\/\/youtu.be\/er5D8J_T-Fo\">Olejnatost a v\u00fdnos semene<\/a> \u2013 Petr Baranyk<br \/> 13) Stanovisko SPZO k odr\u016fd\u00e1m \u2013 <a href=\"http:\/\/novyweb.spzo.cz\/wp-admin\/admin-ajax.php?juwpfisadmin=false&amp;action=wpfd&amp;task=file.download&amp;wpfd_category_id=22&amp;wpfd_file_id=602\">soubor PDF ZDE<\/a><\/strong><\/p>\n<p>[\/et_pb_text][\/et_pb_column][et_pb_column type=&#8220;2_5&#8243; _builder_version=&#8220;4.7.7&#8243; _module_preset=&#8220;default&#8220;][et_pb_image src=&#8220;https:\/\/www.spzo.cz\/wp-content\/uploads\/2021\/01\/videoseminare-3.jpg&#8220; title_text=&#8220;Videoseminare 3&#8243; _builder_version=&#8220;4.8.1&#8243; _module_preset=&#8220;default&#8220; animation_style=&#8220;slide&#8220; animation_direction=&#8220;right&#8220;][\/et_pb_image][et_pb_image src=&#8220;https:\/\/www.spzo.cz\/wp-content\/uploads\/2021\/01\/videoseminare-2.jpg&#8220; title_text=&#8220;Videoseminare 2&#8243; _builder_version=&#8220;4.8.1&#8243; _module_preset=&#8220;default&#8220; animation_style=&#8220;slide&#8220; animation_direction=&#8220;right&#8220;][\/et_pb_image][et_pb_image src=&#8220;https:\/\/www.spzo.cz\/wp-content\/uploads\/2021\/01\/videoseminare-4.jpg&#8220; title_text=&#8220;Videoseminare 4&#8243; _builder_version=&#8220;4.8.1&#8243; _module_preset=&#8220;default&#8220; animation_style=&#8220;slide&#8220; animation_direction=&#8220;right&#8220;][\/et_pb_image][\/et_pb_column][\/et_pb_row][\/et_pb_section]<\/p>\n","protected":false},"excerpt":{"rendered":"<p>Videosemin\u00e1\u0159e SPZO 2020 &nbsp; 1) Pozv\u00e1n\u00ed na videosemin\u00e1\u0159e \u2013 Petr Baranyk 2) Prohl\u00eddka odr\u016fd \u2013 sortiment A \u2013 Ji\u0159\u00ed Zeman 3) Prohl\u00eddka odr\u016fd \u2013 sortiment B \u2013 Ji\u0159\u00ed Zeman 4) Marketingov\u00e1 situace \u2013 Martin Volf 5) \u00davod k charakteristik\u00e1m odr\u016fd \u2013 Petr Baranyk Charakteristika odr\u016fd \u2013 sortiment A \u2013 soubor PDF ZDE Charakteristika odr\u016fd \u2013 [&hellip;]<\/p>\n","protected":false},"author":1,"featured_media":0,"parent":33,"menu_order":0,"comment_status":"closed","ping_status":"closed","template":"","meta":{"_et_pb_use_builder":"on","_et_pb_old_content":"","_et_gb_content_width":"","footnotes":""},"class_list":["post-973","page","type-page","status-publish","hentry"],"_links":{"self":[{"href":"https:\/\/www.spzo.cz\/index.php?rest_route=\/wp\/v2\/pages\/973","targetHints":{"allow":["GET"]}}],"collection":[{"href":"https:\/\/www.spzo.cz\/index.php?rest_route=\/wp\/v2\/pages"}],"about":[{"href":"https:\/\/www.spzo.cz\/index.php?rest_route=\/wp\/v2\/types\/page"}],"author":[{"embeddable":true,"href":"https:\/\/www.spzo.cz\/index.php?rest_route=\/wp\/v2\/users\/1"}],"replies":[{"embeddable":true,"href":"https:\/\/www.spzo.cz\/index.php?rest_route=%2Fwp%2Fv2%2Fcomments&post=973"}],"version-history":[{"count":8,"href":"https:\/\/www.spzo.cz\/index.php?rest_route=\/wp\/v2\/pages\/973\/revisions"}],"predecessor-version":[{"id":1248,"href":"https:\/\/www.spzo.cz\/index.php?rest_route=\/wp\/v2\/pages\/973\/revisions\/1248"}],"up":[{"embeddable":true,"href":"https:\/\/www.spzo.cz\/index.php?rest_route=\/wp\/v2\/pages\/33"}],"wp:attachment":[{"href":"https:\/\/www.spzo.cz\/index.php?rest_route=%2Fwp%2Fv2%2Fmedia&parent=973"}],"curies":[{"name":"wp","href":"https:\/\/api.w.org\/{rel}","templated":true}]}}