{"id":98,"date":"2020-07-10T16:39:59","date_gmt":"2020-07-10T14:39:59","guid":{"rendered":"http:\/\/novyweb.spzo.cz\/?page_id=98"},"modified":"2024-01-08T13:43:27","modified_gmt":"2024-01-08T12:43:27","slug":"sprava-svazu","status":"publish","type":"page","link":"https:\/\/www.spzo.cz\/?page_id=98","title":{"rendered":"Spr\u00e1va Svazu"},"content":{"rendered":"<p>[et_pb_section fb_built=&#8220;1&#8243; fullwidth=&#8220;on&#8220; _builder_version=&#8220;4.16&#8243; _module_preset=&#8220;default&#8220; background_color=&#8220;#ffefd1&#8243; global_colors_info=&#8220;{}&#8220;][et_pb_fullwidth_image src=&#8220;https:\/\/www.spzo.cz\/wp-content\/uploads\/2020\/07\/zluty-pruh.jpg&#8220; alt=&#8220;\u017elut\u00fd pruh&#8220; title_text=&#8220;zluty-pruh&#8220; _builder_version=&#8220;4.16&#8243; _module_preset=&#8220;default&#8220; animation_style=&#8220;slide&#8220; global_colors_info=&#8220;{}&#8220;][\/et_pb_fullwidth_image][\/et_pb_section][et_pb_section fb_built=&#8220;1&#8243; _builder_version=&#8220;4.16&#8243; _module_preset=&#8220;default&#8220; background_color=&#8220;rgba(239,239,57,0.17)&#8220; custom_padding=&#8220;20px||0px|||&#8220; global_colors_info=&#8220;{}&#8220;][et_pb_row _builder_version=&#8220;4.16&#8243; _module_preset=&#8220;default&#8220; custom_padding=&#8220;4px||3px|||&#8220; global_colors_info=&#8220;{}&#8220;][et_pb_column type=&#8220;4_4&#8243; _builder_version=&#8220;4.16&#8243; _module_preset=&#8220;default&#8220; global_colors_info=&#8220;{}&#8220;][et_pb_text _builder_version=&#8220;4.16&#8243; _module_preset=&#8220;default&#8220; custom_padding=&#8220;||4px|||&#8220; global_colors_info=&#8220;{}&#8220;]<\/p>\n<h1><strong>Spr\u00e1va svazu<\/strong><\/h1>\n<p>[\/et_pb_text][\/et_pb_column][\/et_pb_row][\/et_pb_section][et_pb_section fb_built=&#8220;1&#8243; _builder_version=&#8220;4.16&#8243; _module_preset=&#8220;default&#8220; background_color=&#8220;#ffefd1&#8243; width=&#8220;100%&#8220; custom_padding=&#8220;6px|||||&#8220; global_colors_info=&#8220;{}&#8220;][et_pb_row column_structure=&#8220;1_3,2_3&#8243; _builder_version=&#8220;4.16&#8243; _module_preset=&#8220;default&#8220; global_colors_info=&#8220;{}&#8220;][et_pb_column type=&#8220;1_3&#8243; _builder_version=&#8220;4.16&#8243; _module_preset=&#8220;default&#8220; global_colors_info=&#8220;{}&#8220;][et_pb_text _builder_version=&#8220;4.16&#8243; _module_preset=&#8220;default&#8220; global_colors_info=&#8220;{}&#8220;]<\/p>\n<p><strong>Adresa:<\/strong><\/p>\n<p><strong>Svaz p\u011bstitel\u016f a zpracovatel\u016f olejnin<br \/><\/strong>Na Fabi\u00e1nce 146,<br \/>182 00 \u00a0Praha 8 \u2013 B\u0159ezin\u011bves<\/p>\n<p><span>Tel.: +420 283 099 511<\/span><\/p>\n<p>I\u010c:\u00a0<span>00539406<\/span><br \/>DI\u010c:\u00a0<span itemprop=\"vatID\">CZ00539406<\/span><\/p>\n<p><span><\/span><\/p>\n<p>Datov\u00e1 schr\u00e1nka:\u00a0846tuxt<span itemprop=\"vatID\"><\/span><\/p>\n<p><span>Provozn\u00ed doba: Pond\u011bl\u00ed \u2013 p\u00e1tek, 8:00 &#8211; 16:00<\/span><\/p>\n<p><span><\/span><\/p>\n<p>[\/et_pb_text][\/et_pb_column][et_pb_column type=&#8220;2_3&#8243; _builder_version=&#8220;4.16&#8243; _module_preset=&#8220;default&#8220; global_colors_info=&#8220;{}&#8220;][et_pb_text _builder_version=&#8220;4.16&#8243; _module_preset=&#8220;default&#8220; global_colors_info=&#8220;{}&#8220;]<\/p>\n<div id=\"wpgmza_map\" class=\"wpgmza_map\" data-settings='{\"id\":\"1\",\"map_title\":\"SPZO\",\"map_width\":\"100\",\"map_height\":\"400\",\"map_start_lat\":\"50.161638\",\"map_start_lng\":\"14.480519\",\"map_start_location\":\"50.16163790000002,14.4805187\",\"map_start_zoom\":\"18\",\"default_marker\":\"0\",\"type\":\"1\",\"alignment\":\"2\",\"directions_enabled\":\"1\",\"styling_enabled\":\"0\",\"styling_json\":\"\",\"active\":\"0\",\"kml\":\"\",\"bicycle\":\"0\",\"traffic\":\"0\",\"dbox\":\"1\",\"dbox_width\":\"100\",\"listmarkers\":\"0\",\"listmarkers_advanced\":\"0\",\"filterbycat\":\"0\",\"ugm_enabled\":\"0\",\"ugm_category_enabled\":\"0\",\"fusion\":\"\",\"map_width_type\":\"\\\\%\",\"map_height_type\":\"px\",\"mass_marker_support\":\"1\",\"ugm_access\":\"0\",\"order_markers_by\":\"1\",\"order_markers_choice\":\"2\",\"show_user_location\":\"0\",\"default_to\":\"\",\"other_settings\":{\"store_locator_enabled\":2,\"store_locator_distance\":2,\"store_locator_default_radius\":10,\"store_locator_not_found_message\":\"No results found in this location. Please try again.\",\"store_locator_bounce\":1,\"store_locator_query_string\":\"ZIP \\\/ Address:\",\"store_locator_default_address\":\"\",\"wpgmza_store_locator_restrict\":\"\",\"wpgmza_store_locator_radius_style\":\"modern\",\"map_max_zoom\":\"13\",\"transport_layer\":0,\"wpgmza_theme_data\":\"\",\"wpgmza_show_points_of_interest\":1,\"wpgmza_auto_night\":0}}' data-map-id='1' Data-maps-engine='open-layers' data-shortcode-attributes='{\"id\":\"1\"}' style=\"display:block; overflow:auto; width:100%; height:400px; float:left;\"><\/div>\n<p>[\/et_pb_text][\/et_pb_column][\/et_pb_row][et_pb_row column_structure=&#8220;1_2,1_2&#8243; _builder_version=&#8220;4.16&#8243; _module_preset=&#8220;default&#8220; background_color=&#8220;#ffefd1&#8243; custom_padding=&#8220;||5px|||&#8220; global_colors_info=&#8220;{}&#8220;][et_pb_column type=&#8220;1_2&#8243; _builder_version=&#8220;4.16&#8243; _module_preset=&#8220;default&#8220; global_colors_info=&#8220;{}&#8220;][et_pb_text admin_label=&#8220;Text&#8220; _builder_version=&#8220;4.23.4&#8243; _module_preset=&#8220;default&#8220; min_height=&#8220;208px&#8220; animation_style=&#8220;slide&#8220; hover_enabled=&#8220;0&#8243; global_colors_info=&#8220;{}&#8220; sticky_enabled=&#8220;0&#8243;]<\/p>\n<table height=\"200\" style=\"width: 460px;\">\n<tbody>\n<tr>\n<td style=\"width: 181.71875px;\"><img loading=\"lazy\" decoding=\"async\" src=\"https:\/\/www.spzo.cz\/wp-content\/uploads\/2024\/01\/Volf-Martin.jpg\" width=\"225\" height=\"300\" alt=\"\" class=\"wp-image-3394 alignnone size-full\" \/><\/td>\n<td style=\"width: 277.296875px;\">\n<div>\n<div><strong>Ing. Martin Volf<\/strong><\/div>\n<div>\n<p><em>\u0159editel<\/em><\/p>\n<\/div>\n<p>pevn\u00e1 linka:\u00a0<strong>283 099 512<\/strong><br \/>mobiln\u00ed telefon:\u00a0<strong>777 757 980<\/strong><br \/>e-mail:\u00a0<strong><a href=\"mailto:volf@spzo.cz\">volf@spzo.cz<\/a><\/strong><\/p>\n<\/div>\n<p><strong><\/strong><\/p>\n<\/td>\n<\/tr>\n<\/tbody>\n<\/table>\n<p>&nbsp;<\/p>\n<p>[\/et_pb_text][et_pb_text admin_label=&#8220;Text&#8220; _builder_version=&#8220;4.23.4&#8243; _module_preset=&#8220;default&#8220; min_height=&#8220;208px&#8220; animation_style=&#8220;slide&#8220; hover_enabled=&#8220;0&#8243; global_colors_info=&#8220;{}&#8220; sticky_enabled=&#8220;0&#8243;]<\/p>\n<table height=\"200\" style=\"width: 460px;\">\n<tbody>\n<tr>\n<td style=\"width: 181.71875px;\"><img loading=\"lazy\" decoding=\"async\" src=\"https:\/\/www.spzo.cz\/wp-content\/uploads\/2024\/01\/Baranyk-Petr.jpg\" width=\"225\" height=\"300\" alt=\"\" class=\"wp-image-3389 alignnone size-full\" \/><\/td>\n<td style=\"width: 277.296875px;\">\n<div>\n<div><strong>doc. Ing. Petr Baranyk, CSc.<\/strong><\/div>\n<div>\n<p><em>poradce<\/em><\/p>\n<\/div>\n<p>pevn\u00e1 linka:\u00a0<strong>283 099 515<\/strong><br \/>mobiln\u00ed telefon: <strong>777 757 990<\/strong><br \/>e-mail:\u00a0<strong><a href=\"mailto:baranyk@spzo.cz\">baranyk@spzo.cz<\/a><\/strong><\/p>\n<\/div>\n<p><strong><\/strong><\/p>\n<\/td>\n<\/tr>\n<\/tbody>\n<\/table>\n<p>&nbsp;<\/p>\n<p>[\/et_pb_text][et_pb_text admin_label=&#8220;Text&#8220; _builder_version=&#8220;4.23.4&#8243; _module_preset=&#8220;default&#8220; min_height=&#8220;208px&#8220; animation_style=&#8220;slide&#8220; hover_enabled=&#8220;0&#8243; global_colors_info=&#8220;{}&#8220; sticky_enabled=&#8220;0&#8243;]<\/p>\n<table height=\"200\" style=\"width: 460px;\">\n<tbody>\n<tr>\n<td style=\"width: 181.71875px;\"><img loading=\"lazy\" decoding=\"async\" src=\"https:\/\/www.spzo.cz\/wp-content\/uploads\/2024\/01\/Onderova-Marcela.jpg\" width=\"225\" height=\"300\" alt=\"\" class=\"wp-image-3391 alignnone size-full\" \/><\/td>\n<td style=\"width: 277.296875px;\">\n<div>\n<div><strong>Marcela Onderov\u00e1<\/strong><\/div>\n<div>\n<p><em>\u00fa\u010detn\u00ed<\/em><\/p>\n<\/div>\n<p>pevn\u00e1 linka:\u00a0<strong>283 099 514<\/strong><br \/>mobiln\u00ed telefon: <strong>777 757 994<\/strong><br \/>e-mail:\u00a0<strong><a href=\"mailto:onderova@spzo.cz\">onderova@spzo.cz<\/a><\/strong><\/p>\n<\/div>\n<p><strong><\/strong><\/p>\n<\/td>\n<\/tr>\n<\/tbody>\n<\/table>\n<p>&nbsp;<\/p>\n<p>[\/et_pb_text][\/et_pb_column][et_pb_column type=&#8220;1_2&#8243; _builder_version=&#8220;4.16&#8243; _module_preset=&#8220;default&#8220; global_colors_info=&#8220;{}&#8220;][et_pb_text admin_label=&#8220;Text&#8220; _builder_version=&#8220;4.23.4&#8243; _module_preset=&#8220;default&#8220; animation_style=&#8220;slide&#8220; hover_enabled=&#8220;0&#8243; global_colors_info=&#8220;{}&#8220; sticky_enabled=&#8220;0&#8243;]<\/p>\n<table height=\"200\" style=\"width: 460px;\">\n<tbody>\n<tr>\n<td style=\"width: 171.3125px;\"><img loading=\"lazy\" decoding=\"async\" src=\"https:\/\/www.spzo.cz\/wp-content\/uploads\/2024\/01\/Skerik-Josef.jpg\" width=\"225\" height=\"300\" alt=\"\" class=\"wp-image-3392 alignnone size-full\" \/><\/td>\n<td style=\"width: 287.703125px;\">\n<div>\n<div><strong>Ing. Josef \u0160ke\u0159\u00edk, CSc.<\/strong><\/div>\n<div>\n<p><em>poradce<\/em><\/p>\n<\/div>\n<p>pevn\u00e1 linka:\u00a0<strong>283 099 517<\/strong><br \/>mobiln\u00ed telefon:\u00a0<strong>777 757 991<\/strong><br \/>e-mail:\u00a0<strong><a href=\"mailto:skerik@spzo.cz\">skerik@spzo.cz<\/a><\/strong><\/p>\n<\/div>\n<p><strong><\/strong><\/p>\n<\/td>\n<\/tr>\n<\/tbody>\n<\/table>\n<p>&nbsp;<\/p>\n<p>[\/et_pb_text][et_pb_text admin_label=&#8220;Text&#8220; _builder_version=&#8220;4.23.4&#8243; _module_preset=&#8220;default&#8220; animation_style=&#8220;slide&#8220; hover_enabled=&#8220;0&#8243; global_colors_info=&#8220;{}&#8220; sticky_enabled=&#8220;0&#8243;]<\/p>\n<table height=\"200\" style=\"width: 460px;\">\n<tbody>\n<tr>\n<td style=\"width: 171.3125px;\"><img loading=\"lazy\" decoding=\"async\" src=\"https:\/\/www.spzo.cz\/wp-content\/uploads\/2024\/01\/Hnilicka-Roman.jpg\" width=\"225\" height=\"300\" alt=\"\" class=\"wp-image-3390 alignnone size-full\" \/><\/td>\n<td style=\"width: 287.703125px;\">\n<div>\n<div><strong>Ing. Roman Hnili\u010dka, Ph.D.<\/strong><\/div>\n<div>\n<p><em>poradce<\/em><\/p>\n<\/div>\n<p>pevn\u00e1 linka:\u00a0<strong>283 099 511<\/strong><br \/>mobiln\u00ed telefon: <strong>602 608 122<\/strong><br \/>e-mail:\u00a0<strong><a href=\"mailto:hnilicka@spzo.cz\">hnilicka@spzo.cz<\/a><\/strong><\/p>\n<\/div>\n<p><strong><\/strong><\/p>\n<\/td>\n<\/tr>\n<\/tbody>\n<\/table>\n<p>&nbsp;<\/p>\n<p>[\/et_pb_text][et_pb_text admin_label=&#8220;Text&#8220; _builder_version=&#8220;4.23.4&#8243; _module_preset=&#8220;default&#8220; animation_style=&#8220;slide&#8220; hover_enabled=&#8220;0&#8243; global_colors_info=&#8220;{}&#8220; sticky_enabled=&#8220;0&#8243;]<\/p>\n<table height=\"200\" style=\"width: 460px;\">\n<tbody>\n<tr>\n<td style=\"width: 171.3125px;\"><img loading=\"lazy\" decoding=\"async\" src=\"https:\/\/www.spzo.cz\/wp-content\/uploads\/2024\/01\/Vaclavikova-Libuse.jpg\" width=\"225\" height=\"300\" alt=\"\" class=\"wp-image-3393 alignnone size-full\" \/><\/td>\n<td style=\"width: 287.703125px;\">\n<div>\n<div><strong>Libu\u0161e V\u00e1clav\u00edkov\u00e1<\/strong><\/div>\n<div>\n<p><em>asistentka<\/em><\/p>\n<\/div>\n<p>pevn\u00e1 linka:\u00a0<strong>283 099 511<\/strong><br \/>mobiln\u00ed telefon: <strong>777 757 926<\/strong><br \/>e-mail:\u00a0<strong><a href=\"mailto:info@spzo.cz\">info@spzo.cz<\/a><\/strong><\/p>\n<\/div>\n<p><strong><\/strong><\/p>\n<\/td>\n<\/tr>\n<\/tbody>\n<\/table>\n<p>&nbsp;<\/p>\n<p>[\/et_pb_text][\/et_pb_column][\/et_pb_row][\/et_pb_section]<\/p>\n","protected":false},"excerpt":{"rendered":"<p>Spr\u00e1va svazuAdresa: Svaz p\u011bstitel\u016f a zpracovatel\u016f olejninNa Fabi\u00e1nce 146,182 00 \u00a0Praha 8 \u2013 B\u0159ezin\u011bves Tel.: +420 283 099 511 I\u010c:\u00a000539406DI\u010c:\u00a0CZ00539406 Datov\u00e1 schr\u00e1nka:\u00a0846tuxt Provozn\u00ed doba: Pond\u011bl\u00ed \u2013 p\u00e1tek, 8:00 &#8211; 16:00 <div id=\"wpgmza_map\" class=\"wpgmza_map\" data-settings='{\"id\":\"1\",\"map_title\":\"SPZO\",\"map_width\":\"100\",\"map_height\":\"400\",\"map_start_lat\":\"50.161638\",\"map_start_lng\":\"14.480519\",\"map_start_location\":\"50.16163790000002,14.4805187\",\"map_start_zoom\":\"18\",\"default_marker\":\"0\",\"type\":\"1\",\"alignment\":\"2\",\"directions_enabled\":\"1\",\"styling_enabled\":\"0\",\"styling_json\":\"\",\"active\":\"0\",\"kml\":\"\",\"bicycle\":\"0\",\"traffic\":\"0\",\"dbox\":\"1\",\"dbox_width\":\"100\",\"listmarkers\":\"0\",\"listmarkers_advanced\":\"0\",\"filterbycat\":\"0\",\"ugm_enabled\":\"0\",\"ugm_category_enabled\":\"0\",\"fusion\":\"\",\"map_width_type\":\"\\\\%\",\"map_height_type\":\"px\",\"mass_marker_support\":\"1\",\"ugm_access\":\"0\",\"order_markers_by\":\"1\",\"order_markers_choice\":\"2\",\"show_user_location\":\"0\",\"default_to\":\"\",\"other_settings\":{\"store_locator_enabled\":2,\"store_locator_distance\":2,\"store_locator_default_radius\":10,\"store_locator_not_found_message\":\"No results found in this location. Please try again.\",\"store_locator_bounce\":1,\"store_locator_query_string\":\"ZIP \\\/ Address:\",\"store_locator_default_address\":\"\",\"wpgmza_store_locator_restrict\":\"\",\"wpgmza_store_locator_radius_style\":\"modern\",\"map_max_zoom\":\"13\",\"transport_layer\":0,\"wpgmza_theme_data\":\"\",\"wpgmza_show_points_of_interest\":1,\"wpgmza_auto_night\":0}}' data-map-id='1' Data-maps-engine='open-layers' data-shortcode-attributes='{\"id\":\"1\"}' style=\"display:block; overflow:auto; width:100%; height:400px; float:left;\"><\/div> Ing. Martin Volf \u0159editel pevn\u00e1 linka:\u00a0283 099 512mobiln\u00ed telefon:\u00a0777 757 980e-mail:\u00a0volf@spzo.cz &nbsp; doc. Ing. Petr Baranyk, CSc. poradce pevn\u00e1 linka:\u00a0283 099 515mobiln\u00ed telefon: [&hellip;]<\/p>\n","protected":false},"author":1,"featured_media":0,"parent":41,"menu_order":0,"comment_status":"closed","ping_status":"closed","template":"","meta":{"_et_pb_use_builder":"on","_et_pb_old_content":"","_et_gb_content_width":"1080","footnotes":""},"class_list":["post-98","page","type-page","status-publish","hentry"],"_links":{"self":[{"href":"https:\/\/www.spzo.cz\/index.php?rest_route=\/wp\/v2\/pages\/98","targetHints":{"allow":["GET"]}}],"collection":[{"href":"https:\/\/www.spzo.cz\/index.php?rest_route=\/wp\/v2\/pages"}],"about":[{"href":"https:\/\/www.spzo.cz\/index.php?rest_route=\/wp\/v2\/types\/page"}],"author":[{"embeddable":true,"href":"https:\/\/www.spzo.cz\/index.php?rest_route=\/wp\/v2\/users\/1"}],"replies":[{"embeddable":true,"href":"https:\/\/www.spzo.cz\/index.php?rest_route=%2Fwp%2Fv2%2Fcomments&post=98"}],"version-history":[{"count":44,"href":"https:\/\/www.spzo.cz\/index.php?rest_route=\/wp\/v2\/pages\/98\/revisions"}],"predecessor-version":[{"id":3408,"href":"https:\/\/www.spzo.cz\/index.php?rest_route=\/wp\/v2\/pages\/98\/revisions\/3408"}],"up":[{"embeddable":true,"href":"https:\/\/www.spzo.cz\/index.php?rest_route=\/wp\/v2\/pages\/41"}],"wp:attachment":[{"href":"https:\/\/www.spzo.cz\/index.php?rest_route=%2Fwp%2Fv2%2Fmedia&parent=98"}],"curies":[{"name":"wp","href":"https:\/\/api.w.org\/{rel}","templated":true}]}}